{"id":41524,"date":"2024-11-18T12:31:05","date_gmt":"2024-11-18T12:31:05","guid":{"rendered":"https:\/\/milicia-pro.com\/?post_type=product&#038;p=41524"},"modified":"2025-09-29T21:12:52","modified_gmt":"2025-09-29T21:12:52","slug":"pastilhas-purificadoras-de-agua-micropur-forte-mf-1t-2x25","status":"publish","type":"product","link":"https:\/\/milicia-pro.com\/index.php\/product\/pastilhas-purificadoras-de-agua-micropur-forte-mf-1t-2x25\/","title":{"rendered":"PASTILHAS PURIFICADORAS DE \u00c1GUA MICROPUR FORTE MF 1T (2X25)"},"content":{"rendered":"<p>Ingredientes ativos: Troclosen s\u00f3dico 99,8 mg\/g; Prata 1,8 mg\/g<\/p>\n<p>Materiais: para uso em pl\u00e1stico ou vidro<\/p>\n<p>&nbsp;<\/p>\n<p>&#8211; Preserva a \u00e1gua pot\u00e1vel por at\u00e9 6 meses<\/p>\n<p>&#8211; Elimina bact\u00e9rias e v\u00edrus em 30 min, amebas e gi\u00e1rdia em 120 min<\/p>\n<p>&#8211; Desinfeta \u00e1gua limpa da torneira \/ nascente<\/p>\n<p>&#8211; O efeito de oxida\u00e7\u00e3o do cloro elimina n\u00e3o apenas bact\u00e9rias, mas tamb\u00e9m v\u00edrus e a maioria dos protozo\u00e1rios e fungos<\/p>\n<p>&#8211; Conservante ideal para \u00e1gua em tanques de \u00e1gua, banhos-maria, circuitos de refrigera\u00e7\u00e3o, circuitos de aquecimento, umidificadores, cisternas, incubadoras e muito mais<\/p>\n<p>&#8211; Para \u00e1guas l\u00edmpidas e n\u00e3o turvas<\/p>\n<p>&nbsp;<\/p>\n<p>ATEN\u00c7\u00c3O!<\/p>\n<p>N\u00e3o use com outros produtos, pois gases perigosos (cloro) podem ser liberados.<\/p>\n<p>Use produtos biocidas com cuidado. Sempre leia o r\u00f3tulo e as informa\u00e7\u00f5es do produto antes de usar.<\/p>\n<p>T\u00f3xico para organismos aqu\u00e1ticos, com efeitos a longo prazo.<\/p>\n<p>Muito t\u00f3xico para organismos aqu\u00e1ticos com efeitos a longo prazo.<\/p>\n<p>Causa irrita\u00e7\u00e3o ocular grave.<\/p>\n","protected":false},"excerpt":{"rendered":"<p>Ingredientes ativos: Troclosen s\u00f3dico 99,8 mg\/g; Prata 1,8 mg\/g Materiais: para uso em pl\u00e1stico ou vidro &nbsp; &#8211; Preserva a \u00e1gua pot\u00e1vel por at\u00e9 6 meses &#8211; Elimina bact\u00e9rias e v\u00edrus em 30 min, amebas e gi\u00e1rdia em 120 min &#8211; Desinfeta \u00e1gua limpa da torneira \/ nascente &#8211; O efeito de oxida\u00e7\u00e3o do cloro [&#8230;]\n","protected":false},"featured_media":41526,"comment_status":"open","ping_status":"closed","template":"","meta":{"_monsterinsights_skip_tracking":false,"_monsterinsights_sitenote_active":false,"_monsterinsights_sitenote_note":"","_monsterinsights_sitenote_category":0},"product_brand":[],"product_cat":[829,1068,1074,855],"product_tag":[57,934,1282],"class_list":{"0":"post-41524","1":"product","2":"type-product","3":"status-publish","4":"has-post-thumbnail","6":"product_cat-marcas","7":"product_cat-outdoor","8":"product_cat-sobrevivencia","9":"product_cat-sturm-mil-tec","10":"product_tag-agua","11":"product_tag-pastilhas","12":"product_tag-purificador-de-agua","14":"first","15":"instock","16":"shipping-taxable","17":"purchasable","18":"product-type-variable"},"aioseo_notices":[],"jetpack_sharing_enabled":true,"_links":{"self":[{"href":"https:\/\/milicia-pro.com\/index.php\/wp-json\/wp\/v2\/product\/41524","targetHints":{"allow":["GET"]}}],"collection":[{"href":"https:\/\/milicia-pro.com\/index.php\/wp-json\/wp\/v2\/product"}],"about":[{"href":"https:\/\/milicia-pro.com\/index.php\/wp-json\/wp\/v2\/types\/product"}],"replies":[{"embeddable":true,"href":"https:\/\/milicia-pro.com\/index.php\/wp-json\/wp\/v2\/comments?post=41524"}],"wp:featuredmedia":[{"embeddable":true,"href":"https:\/\/milicia-pro.com\/index.php\/wp-json\/wp\/v2\/media\/41526"}],"wp:attachment":[{"href":"https:\/\/milicia-pro.com\/index.php\/wp-json\/wp\/v2\/media?parent=41524"}],"wp:term":[{"taxonomy":"product_brand","embeddable":true,"href":"https:\/\/milicia-pro.com\/index.php\/wp-json\/wp\/v2\/product_brand?post=41524"},{"taxonomy":"product_cat","embeddable":true,"href":"https:\/\/milicia-pro.com\/index.php\/wp-json\/wp\/v2\/product_cat?post=41524"},{"taxonomy":"product_tag","embeddable":true,"href":"https:\/\/milicia-pro.com\/index.php\/wp-json\/wp\/v2\/product_tag?post=41524"}],"curies":[{"name":"wp","href":"https:\/\/api.w.org\/{rel}","templated":true}]}}