{"id":41521,"date":"2024-11-18T12:30:05","date_gmt":"2024-11-18T12:30:05","guid":{"rendered":"https:\/\/milicia-pro.com\/?post_type=product&#038;p=41521"},"modified":"2025-09-29T21:17:48","modified_gmt":"2025-09-29T21:17:48","slug":"pastilhas-purificadoras-de-agua-micropur-classic-mc-1t","status":"publish","type":"product","link":"https:\/\/milicia-pro.com\/index.php\/product\/pastilhas-purificadoras-de-agua-micropur-classic-mc-1t\/","title":{"rendered":"PASTILHAS PURIFICADORAS DE \u00c1GUA MICROPUR CLASSIC MC1T"},"content":{"rendered":"<p>Ingredientes ativos: MC 1T: Prata 2,5 mg\/g; MC 10T: Prata 4,0 mg\/g<\/p>\n<p>Materiais: para uso em pl\u00e1stico ou vidro<\/p>\n<p>&nbsp;<\/p>\n<p>&#8211; Preserva a \u00e1gua pot\u00e1vel limpa por at\u00e9 6 meses<\/p>\n<p>&#8211; Tem efeito bactericida ap\u00f3s 2 horas de contato<\/p>\n<p>&#8211; Inativa as bact\u00e9rias e evita a forma\u00e7\u00e3o de odores nos tanques e tubula\u00e7\u00f5es de \u00e1gua pot\u00e1vel<\/p>\n<p>&#8211; Pode ser usado em qualquer lugar &#8211; por exemplo, circuitos de refrigera\u00e7\u00e3o, circuitos de aquecimento, umidificadores, cisternas, tanques de \u00e1gua, banhos-maria, incubadoras, etc.<\/p>\n<p>&#8211; Ideal para conserva\u00e7\u00e3o de \u00e1gua em barcos, autocaravanas ou caravanas<\/p>\n<p>&#8211; Para \u00e1guas l\u00edmpidas e n\u00e3o turvas<\/p>\n<p>&#8211; N\u00e3o cont\u00e9m cloro &#8211; inodoro e ins\u00edpido<\/p>\n<p>&nbsp;<\/p>\n<p>ATEN\u00c7\u00c3O!<\/p>\n<p>Use produtos biocidas com cuidado. Sempre leia o r\u00f3tulo e as informa\u00e7\u00f5es do produto antes de usar.<\/p>\n<p>Muito t\u00f3xico para organismos aqu\u00e1ticos com efeitos a longo prazo.<\/p>\n<p>Muito t\u00f3xico para organismos aqu\u00e1ticos.<\/p>\n","protected":false},"excerpt":{"rendered":"<p>Ingredientes ativos: MC 1T: Prata 2,5 mg\/g; MC 10T: Prata 4,0 mg\/g Materiais: para uso em pl\u00e1stico ou vidro &nbsp; &#8211; Preserva a \u00e1gua pot\u00e1vel limpa por at\u00e9 6 meses &#8211; Tem efeito bactericida ap\u00f3s 2 horas de contato &#8211; Inativa as bact\u00e9rias e evita a forma\u00e7\u00e3o de odores nos tanques e tubula\u00e7\u00f5es de \u00e1gua [&#8230;]\n","protected":false},"featured_media":41523,"comment_status":"open","ping_status":"closed","template":"","meta":{"_monsterinsights_skip_tracking":false,"_monsterinsights_sitenote_active":false,"_monsterinsights_sitenote_note":"","_monsterinsights_sitenote_category":0},"product_brand":[],"product_cat":[829,1068,1074,855],"product_tag":[57,934,1282],"class_list":{"0":"post-41521","1":"product","2":"type-product","3":"status-publish","4":"has-post-thumbnail","6":"product_cat-marcas","7":"product_cat-outdoor","8":"product_cat-sobrevivencia","9":"product_cat-sturm-mil-tec","10":"product_tag-agua","11":"product_tag-pastilhas","12":"product_tag-purificador-de-agua","14":"first","15":"instock","16":"shipping-taxable","17":"purchasable","18":"product-type-variable"},"aioseo_notices":[],"jetpack_sharing_enabled":true,"_links":{"self":[{"href":"https:\/\/milicia-pro.com\/index.php\/wp-json\/wp\/v2\/product\/41521","targetHints":{"allow":["GET"]}}],"collection":[{"href":"https:\/\/milicia-pro.com\/index.php\/wp-json\/wp\/v2\/product"}],"about":[{"href":"https:\/\/milicia-pro.com\/index.php\/wp-json\/wp\/v2\/types\/product"}],"replies":[{"embeddable":true,"href":"https:\/\/milicia-pro.com\/index.php\/wp-json\/wp\/v2\/comments?post=41521"}],"wp:featuredmedia":[{"embeddable":true,"href":"https:\/\/milicia-pro.com\/index.php\/wp-json\/wp\/v2\/media\/41523"}],"wp:attachment":[{"href":"https:\/\/milicia-pro.com\/index.php\/wp-json\/wp\/v2\/media?parent=41521"}],"wp:term":[{"taxonomy":"product_brand","embeddable":true,"href":"https:\/\/milicia-pro.com\/index.php\/wp-json\/wp\/v2\/product_brand?post=41521"},{"taxonomy":"product_cat","embeddable":true,"href":"https:\/\/milicia-pro.com\/index.php\/wp-json\/wp\/v2\/product_cat?post=41521"},{"taxonomy":"product_tag","embeddable":true,"href":"https:\/\/milicia-pro.com\/index.php\/wp-json\/wp\/v2\/product_tag?post=41521"}],"curies":[{"name":"wp","href":"https:\/\/api.w.org\/{rel}","templated":true}]}}