{"id":41512,"date":"2024-11-18T12:27:22","date_gmt":"2024-11-18T12:27:22","guid":{"rendered":"https:\/\/milicia-pro.com\/?post_type=product&#038;p=41512"},"modified":"2025-03-27T18:50:00","modified_gmt":"2025-03-27T18:50:00","slug":"joelheira-de-protecao","status":"publish","type":"product","link":"https:\/\/milicia-pro.com\/index.php\/product\/joelheira-de-protecao\/","title":{"rendered":"JOELHEIRA DE PROTE\u00c7\u00c3O"},"content":{"rendered":"<p>Tamanho ajust\u00e1vel individualmente. Os fechos el\u00e1sticos de Velcro permitem um ajuste ideal e um r\u00e1pido cal\u00e7ar e descal\u00e7ar. Apresenta uma superf\u00edcie lisa. O inv\u00f3lucro protetor \u00e9 repelente a sujidade e a \u00e1gua. As joelheiras s\u00e3o robustas e rebitadas.<\/p>\n<p>&nbsp;<\/p>\n<ul>\n<li>100% poli\u00e9ster<\/li>\n<li>Enchimento: 100% polietileno (360 g\/m\u00b2)<\/li>\n<li>Inv\u00f3lucro protetor: 50% polipropileno, 50% elast\u00f4meros termopl\u00e1sticos<\/li>\n<\/ul>\n","protected":false},"excerpt":{"rendered":"<p>Tamanho ajust\u00e1vel individualmente. Os fechos el\u00e1sticos de Velcro permitem um ajuste ideal e um r\u00e1pido cal\u00e7ar e descal\u00e7ar. Apresenta uma superf\u00edcie lisa. O inv\u00f3lucro protetor \u00e9 repelente a sujidade e a \u00e1gua. As joelheiras s\u00e3o robustas e rebitadas. &nbsp; 100% poli\u00e9ster Enchimento: 100% polietileno (360 g\/m\u00b2) Inv\u00f3lucro protetor: 50% polipropileno, 50% elast\u00f4meros termopl\u00e1sticos<\/p>\n","protected":false},"featured_media":41514,"comment_status":"open","ping_status":"closed","template":"","meta":{"_monsterinsights_skip_tracking":false,"_monsterinsights_sitenote_active":false,"_monsterinsights_sitenote_note":"","_monsterinsights_sitenote_category":0},"product_brand":[],"product_cat":[1091,1064,829,855],"product_tag":[177,513],"class_list":{"0":"post-41512","1":"product","2":"type-product","3":"status-publish","4":"has-post-thumbnail","6":"product_cat-cotoveleirajoelheira","7":"product_cat-equipamentotatico","8":"product_cat-marcas","9":"product_cat-sturm-mil-tec","10":"product_tag-joelheira","11":"product_tag-protecao","13":"first","14":"instock","15":"shipping-taxable","16":"purchasable","17":"product-type-variable"},"aioseo_notices":[],"jetpack_sharing_enabled":true,"_links":{"self":[{"href":"https:\/\/milicia-pro.com\/index.php\/wp-json\/wp\/v2\/product\/41512","targetHints":{"allow":["GET"]}}],"collection":[{"href":"https:\/\/milicia-pro.com\/index.php\/wp-json\/wp\/v2\/product"}],"about":[{"href":"https:\/\/milicia-pro.com\/index.php\/wp-json\/wp\/v2\/types\/product"}],"replies":[{"embeddable":true,"href":"https:\/\/milicia-pro.com\/index.php\/wp-json\/wp\/v2\/comments?post=41512"}],"wp:featuredmedia":[{"embeddable":true,"href":"https:\/\/milicia-pro.com\/index.php\/wp-json\/wp\/v2\/media\/41514"}],"wp:attachment":[{"href":"https:\/\/milicia-pro.com\/index.php\/wp-json\/wp\/v2\/media?parent=41512"}],"wp:term":[{"taxonomy":"product_brand","embeddable":true,"href":"https:\/\/milicia-pro.com\/index.php\/wp-json\/wp\/v2\/product_brand?post=41512"},{"taxonomy":"product_cat","embeddable":true,"href":"https:\/\/milicia-pro.com\/index.php\/wp-json\/wp\/v2\/product_cat?post=41512"},{"taxonomy":"product_tag","embeddable":true,"href":"https:\/\/milicia-pro.com\/index.php\/wp-json\/wp\/v2\/product_tag?post=41512"}],"curies":[{"name":"wp","href":"https:\/\/api.w.org\/{rel}","templated":true}]}}