{"id":41502,"date":"2024-11-05T10:42:48","date_gmt":"2024-11-05T10:42:48","guid":{"rendered":"https:\/\/milicia-pro.com\/?post_type=product&#038;p=41502"},"modified":"2026-01-26T16:36:36","modified_gmt":"2026-01-26T16:36:36","slug":"fita-adesiva-50mm-10m-bk","status":"publish","type":"product","link":"https:\/\/milicia-pro.com\/index.php\/product\/fita-adesiva-50mm-10m-bk\/","title":{"rendered":"FITA ADESIVA 50MM (10M)"},"content":{"rendered":"<p>Fita adesiva imperme\u00e1vel e resistente a rasgos, ideal para camuflar e proteger todos os equipamentos.<\/p>\n<ul>\n<li>100% algod\u00e3o com borracha sint\u00e9tica<\/li>\n<li>Largura: 5 cm<\/li>\n<li>Comprimento: 10 m<\/li>\n<\/ul>\n","protected":false},"excerpt":{"rendered":"<p>Fita adesiva imperme\u00e1vel e resistente a rasgos, ideal para camuflar e proteger todos os equipamentos. 100% algod\u00e3o com borracha sint\u00e9tica Largura: 5 cm Comprimento: 10 m<\/p>\n","protected":false},"featured_media":41504,"comment_status":"open","ping_status":"closed","template":"","meta":{"_monsterinsights_skip_tracking":false,"_monsterinsights_sitenote_active":false,"_monsterinsights_sitenote_note":"","_monsterinsights_sitenote_category":0},"product_brand":[1596],"product_cat":[1220,1114,855],"product_tag":[1221],"class_list":{"0":"post-41502","1":"product","2":"type-product","3":"status-publish","4":"has-post-thumbnail","6":"product_brand-sturm-mil-tec","7":"product_cat-fita-adesiva","8":"product_cat-outros-acessorios","9":"product_cat-sturm-mil-tec","10":"product_tag-fita-adesiva","12":"first","13":"instock","14":"shipping-taxable","15":"purchasable","16":"product-type-variable"},"aioseo_notices":[],"jetpack_sharing_enabled":true,"_links":{"self":[{"href":"https:\/\/milicia-pro.com\/index.php\/wp-json\/wp\/v2\/product\/41502","targetHints":{"allow":["GET"]}}],"collection":[{"href":"https:\/\/milicia-pro.com\/index.php\/wp-json\/wp\/v2\/product"}],"about":[{"href":"https:\/\/milicia-pro.com\/index.php\/wp-json\/wp\/v2\/types\/product"}],"replies":[{"embeddable":true,"href":"https:\/\/milicia-pro.com\/index.php\/wp-json\/wp\/v2\/comments?post=41502"}],"wp:featuredmedia":[{"embeddable":true,"href":"https:\/\/milicia-pro.com\/index.php\/wp-json\/wp\/v2\/media\/41504"}],"wp:attachment":[{"href":"https:\/\/milicia-pro.com\/index.php\/wp-json\/wp\/v2\/media?parent=41502"}],"wp:term":[{"taxonomy":"product_brand","embeddable":true,"href":"https:\/\/milicia-pro.com\/index.php\/wp-json\/wp\/v2\/product_brand?post=41502"},{"taxonomy":"product_cat","embeddable":true,"href":"https:\/\/milicia-pro.com\/index.php\/wp-json\/wp\/v2\/product_cat?post=41502"},{"taxonomy":"product_tag","embeddable":true,"href":"https:\/\/milicia-pro.com\/index.php\/wp-json\/wp\/v2\/product_tag?post=41502"}],"curies":[{"name":"wp","href":"https:\/\/api.w.org\/{rel}","templated":true}]}}