{"id":41497,"date":"2024-11-18T12:10:35","date_gmt":"2024-11-18T12:10:35","guid":{"rendered":"https:\/\/milicia-pro.com\/?post_type=product&#038;p=41497"},"modified":"2025-05-16T13:45:44","modified_gmt":"2025-05-16T13:45:44","slug":"kit-de-limpeza-para-pistola","status":"publish","type":"product","link":"https:\/\/milicia-pro.com\/index.php\/product\/kit-de-limpeza-para-pistola\/","title":{"rendered":"KIT DE LIMPEZA PARA PISTOLA"},"content":{"rendered":"<p>Dimens\u00f5es da caixa: 15 x 12 x 5,5 cm<\/p>\n<p>Peso: 210 g<\/p>\n<p>&nbsp;<\/p>\n<p>&#8211; Al\u00e7a em T<\/p>\n<p>&#8211; Cabo de a\u00e7o revestido de pl\u00e1stico (20 cm) com suporte de remendo<\/p>\n<p>&#8211; Cabo de a\u00e7o revestido de pl\u00e1stico (20 cm) com rosca<\/p>\n<p>&#8211; 2 diferentes porta-patches grandes<\/p>\n<p>&#8211; 3 escovas de limpeza de barril em tamanhos diferentes<\/p>\n<p>&#8211; Conjunto de toalhete universal (7,5 x 3,5 cm)<\/p>\n<p>&#8211; Garrafa de pl\u00e1stico para \u00f3leo de arma (n\u00e3o inclu\u00edda)<\/p>\n<p>&#8211; Para calibre, 40, 45, 357, 38, 22 e 9 mm<\/p>\n","protected":false},"excerpt":{"rendered":"<p>Dimens\u00f5es da caixa: 15 x 12 x 5,5 cm Peso: 210 g &nbsp; &#8211; Al\u00e7a em T &#8211; Cabo de a\u00e7o revestido de pl\u00e1stico (20 cm) com suporte de remendo &#8211; Cabo de a\u00e7o revestido de pl\u00e1stico (20 cm) com rosca &#8211; 2 diferentes porta-patches grandes &#8211; 3 escovas de limpeza de barril em tamanhos [&#8230;]\n","protected":false},"featured_media":41498,"comment_status":"open","ping_status":"closed","template":"","meta":{"_monsterinsights_skip_tracking":false,"_monsterinsights_sitenote_active":false,"_monsterinsights_sitenote_note":"","_monsterinsights_sitenote_category":0},"product_brand":[],"product_cat":[1064,1331,829,855],"product_tag":[1280,80,185,742],"class_list":{"0":"post-41497","1":"product","2":"type-product","3":"status-publish","4":"has-post-thumbnail","6":"product_cat-equipamentotatico","7":"product_cat-kit-limpeza-acessorios-armas","8":"product_cat-marcas","9":"product_cat-sturm-mil-tec","10":"product_tag-armas","11":"product_tag-bolsa","12":"product_tag-kit","13":"product_tag-limpeza","15":"first","16":"instock","17":"shipping-taxable","18":"purchasable","19":"product-type-variable"},"aioseo_notices":[],"jetpack_sharing_enabled":true,"_links":{"self":[{"href":"https:\/\/milicia-pro.com\/index.php\/wp-json\/wp\/v2\/product\/41497","targetHints":{"allow":["GET"]}}],"collection":[{"href":"https:\/\/milicia-pro.com\/index.php\/wp-json\/wp\/v2\/product"}],"about":[{"href":"https:\/\/milicia-pro.com\/index.php\/wp-json\/wp\/v2\/types\/product"}],"replies":[{"embeddable":true,"href":"https:\/\/milicia-pro.com\/index.php\/wp-json\/wp\/v2\/comments?post=41497"}],"wp:featuredmedia":[{"embeddable":true,"href":"https:\/\/milicia-pro.com\/index.php\/wp-json\/wp\/v2\/media\/41498"}],"wp:attachment":[{"href":"https:\/\/milicia-pro.com\/index.php\/wp-json\/wp\/v2\/media?parent=41497"}],"wp:term":[{"taxonomy":"product_brand","embeddable":true,"href":"https:\/\/milicia-pro.com\/index.php\/wp-json\/wp\/v2\/product_brand?post=41497"},{"taxonomy":"product_cat","embeddable":true,"href":"https:\/\/milicia-pro.com\/index.php\/wp-json\/wp\/v2\/product_cat?post=41497"},{"taxonomy":"product_tag","embeddable":true,"href":"https:\/\/milicia-pro.com\/index.php\/wp-json\/wp\/v2\/product_tag?post=41497"}],"curies":[{"name":"wp","href":"https:\/\/api.w.org\/{rel}","templated":true}]}}