{"id":41493,"date":"2024-11-18T12:21:19","date_gmt":"2024-11-18T12:21:19","guid":{"rendered":"https:\/\/milicia-pro.com\/?post_type=product&#038;p=41493"},"modified":"2026-02-18T13:58:09","modified_gmt":"2026-02-18T13:58:09","slug":"kit-de-limpeza-para-pistola-cacadeira-multicalibres","status":"publish","type":"product","link":"https:\/\/milicia-pro.com\/index.php\/product\/kit-de-limpeza-para-pistola-cacadeira-multicalibres\/","title":{"rendered":"KIT DE LIMPEZA PARA PISTOLA\/CA\u00c7ADEIRA MULTICALIBRES"},"content":{"rendered":"<p>&#8211; Cada uma haste de limpeza de lat\u00e3o (tr\u00eas partes)<\/p>\n<p>&#8211; Punho para ca\u00e7adeira (6 mm) e pistola (4 mm)<\/p>\n<p>&#8211; 10 escovas espirais<\/p>\n<p>&#8211; 5 escovas de algod\u00e3o<\/p>\n<p>&#8211; Adaptador de 2 roscas em lat\u00e3o<\/p>\n<p>&#8211; Suporte de 2 pavios de pl\u00e1stico<\/p>\n<p>&#8211; 25 pano de limpeza<\/p>\n<p>&#8211; Incluindo caixa de madeira (30,5 x 19,5 x 4,5 cm)<\/p>\n","protected":false},"excerpt":{"rendered":"<p>&#8211; Cada uma haste de limpeza de lat\u00e3o (tr\u00eas partes) &#8211; Punho para ca\u00e7adeira (6 mm) e pistola (4 mm) &#8211; 10 escovas espirais &#8211; 5 escovas de algod\u00e3o &#8211; Adaptador de 2 roscas em lat\u00e3o &#8211; Suporte de 2 pavios de pl\u00e1stico &#8211; 25 pano de limpeza &#8211; Incluindo caixa de madeira (30,5 x [&#8230;]\n","protected":false},"featured_media":41495,"comment_status":"open","ping_status":"closed","template":"","meta":{"_monsterinsights_skip_tracking":false,"_monsterinsights_sitenote_active":false,"_monsterinsights_sitenote_note":"","_monsterinsights_sitenote_category":0},"product_brand":[],"product_cat":[1064,1331,829,855],"product_tag":[1280,516,185,742],"class_list":{"0":"post-41493","1":"product","2":"type-product","3":"status-publish","4":"has-post-thumbnail","6":"product_cat-equipamentotatico","7":"product_cat-kit-limpeza-acessorios-armas","8":"product_cat-marcas","9":"product_cat-sturm-mil-tec","10":"product_tag-armas","11":"product_tag-caixa","12":"product_tag-kit","13":"product_tag-limpeza","15":"first","16":"instock","17":"shipping-taxable","18":"purchasable","19":"product-type-variable"},"aioseo_notices":[],"jetpack_sharing_enabled":true,"_links":{"self":[{"href":"https:\/\/milicia-pro.com\/index.php\/wp-json\/wp\/v2\/product\/41493","targetHints":{"allow":["GET"]}}],"collection":[{"href":"https:\/\/milicia-pro.com\/index.php\/wp-json\/wp\/v2\/product"}],"about":[{"href":"https:\/\/milicia-pro.com\/index.php\/wp-json\/wp\/v2\/types\/product"}],"replies":[{"embeddable":true,"href":"https:\/\/milicia-pro.com\/index.php\/wp-json\/wp\/v2\/comments?post=41493"}],"wp:featuredmedia":[{"embeddable":true,"href":"https:\/\/milicia-pro.com\/index.php\/wp-json\/wp\/v2\/media\/41495"}],"wp:attachment":[{"href":"https:\/\/milicia-pro.com\/index.php\/wp-json\/wp\/v2\/media?parent=41493"}],"wp:term":[{"taxonomy":"product_brand","embeddable":true,"href":"https:\/\/milicia-pro.com\/index.php\/wp-json\/wp\/v2\/product_brand?post=41493"},{"taxonomy":"product_cat","embeddable":true,"href":"https:\/\/milicia-pro.com\/index.php\/wp-json\/wp\/v2\/product_cat?post=41493"},{"taxonomy":"product_tag","embeddable":true,"href":"https:\/\/milicia-pro.com\/index.php\/wp-json\/wp\/v2\/product_tag?post=41493"}],"curies":[{"name":"wp","href":"https:\/\/api.w.org\/{rel}","templated":true}]}}