{"id":41490,"date":"2024-11-18T12:09:08","date_gmt":"2024-11-18T12:09:08","guid":{"rendered":"https:\/\/milicia-pro.com\/?post_type=product&#038;p=41490"},"modified":"2026-05-10T15:39:55","modified_gmt":"2026-05-10T15:39:55","slug":"dry-bag-25-lt-od","status":"publish","type":"product","link":"https:\/\/milicia-pro.com\/index.php\/product\/dry-bag-25-lt-od\/","title":{"rendered":"DRY BAG 25 LT OD"},"content":{"rendered":"<p>O Dry Bag, \u00e9 um saco seco ultraleve feito de material de poli\u00e9ster. Protege o conte\u00fado de respingos de \u00e1gua, chuva e curta imers\u00e3o em \u00e1gua. As costuras internas t\u00eam fita adesiva. O fecho do saco \u00e9 em roll-top, certifique-se de que o sistema de fechamento esteja correto &#8211; dobre para tr\u00e1s pelo menos tr\u00eas vezes. Tem estampado \u00e0 frente<\/p>\n<ul>\n<li>100% poli\u00e9ster (210T), revestido de poliuretano<\/li>\n<li>Coluna de \u00e1gua: 5.000 mm<\/li>\n<li>Dimens\u00f5es: 65,5 x 40 cm<\/li>\n<li>Peso: aprox. 85 g<\/li>\n<li>Volume: aprox. 25 litros<\/li>\n<\/ul>\n","protected":false},"excerpt":{"rendered":"<p>O Dry Bag, \u00e9 um saco seco ultraleve feito de material de poli\u00e9ster. Protege o conte\u00fado de respingos de \u00e1gua, chuva e curta imers\u00e3o em \u00e1gua. As costuras internas t\u00eam fita adesiva. O fecho do saco \u00e9 em roll-top, certifique-se de que o sistema de fechamento esteja correto &#8211; dobre para tr\u00e1s pelo menos tr\u00eas [&#8230;]\n","protected":false},"featured_media":41492,"comment_status":"open","ping_status":"closed","template":"","meta":{"_monsterinsights_skip_tracking":false,"_monsterinsights_sitenote_active":false,"_monsterinsights_sitenote_note":"","_monsterinsights_sitenote_category":0},"product_brand":[],"product_cat":[1107,829,1467,855],"product_tag":[724,296],"class_list":{"0":"post-41490","1":"product","2":"type-product","3":"status-publish","4":"has-post-thumbnail","6":"product_cat-bolsas","7":"product_cat-marcas","8":"product_cat-mochilas-bolsas","9":"product_cat-sturm-mil-tec","10":"product_tag-impermeavel","11":"product_tag-saco","13":"first","14":"instock","15":"shipping-taxable","16":"purchasable","17":"product-type-variable"},"aioseo_notices":[],"jetpack_sharing_enabled":true,"_links":{"self":[{"href":"https:\/\/milicia-pro.com\/index.php\/wp-json\/wp\/v2\/product\/41490","targetHints":{"allow":["GET"]}}],"collection":[{"href":"https:\/\/milicia-pro.com\/index.php\/wp-json\/wp\/v2\/product"}],"about":[{"href":"https:\/\/milicia-pro.com\/index.php\/wp-json\/wp\/v2\/types\/product"}],"replies":[{"embeddable":true,"href":"https:\/\/milicia-pro.com\/index.php\/wp-json\/wp\/v2\/comments?post=41490"}],"wp:featuredmedia":[{"embeddable":true,"href":"https:\/\/milicia-pro.com\/index.php\/wp-json\/wp\/v2\/media\/41492"}],"wp:attachment":[{"href":"https:\/\/milicia-pro.com\/index.php\/wp-json\/wp\/v2\/media?parent=41490"}],"wp:term":[{"taxonomy":"product_brand","embeddable":true,"href":"https:\/\/milicia-pro.com\/index.php\/wp-json\/wp\/v2\/product_brand?post=41490"},{"taxonomy":"product_cat","embeddable":true,"href":"https:\/\/milicia-pro.com\/index.php\/wp-json\/wp\/v2\/product_cat?post=41490"},{"taxonomy":"product_tag","embeddable":true,"href":"https:\/\/milicia-pro.com\/index.php\/wp-json\/wp\/v2\/product_tag?post=41490"}],"curies":[{"name":"wp","href":"https:\/\/api.w.org\/{rel}","templated":true}]}}