{"id":41294,"date":"2024-10-31T12:26:22","date_gmt":"2024-10-31T12:26:22","guid":{"rendered":"https:\/\/milicia-pro.com\/?post_type=product&#038;p=41294"},"modified":"2026-03-09T17:19:00","modified_gmt":"2026-03-09T17:19:00","slug":"funda-bastao-extensivel-nylon-rigido","status":"publish","type":"product","link":"https:\/\/milicia-pro.com\/index.php\/product\/funda-bastao-extensivel-nylon-rigido\/","title":{"rendered":"FUNDA BAST\u00c3O EXTENS\u00cdVEL \u2013 NYLON RIGIDO"},"content":{"rendered":"<p>O Blackhawk Expandable Baton Carrier fornece portabilidade conveniente para um bast\u00e3o expans\u00edvel medindo entre 53 a 66 cm de comprimento. Ele tamb\u00e9m pode conter uma lanterna Streamlight Stinger ou Stinger XT. \u00c9 feito de nylon Cordura moldado dur\u00e1vel e resistente ao desgaste, e sua parte superior aberta permite que retire rapidamente o bast\u00e3o ou lanterna. O suporte tamb\u00e9m vem com um orif\u00edcio aberto na parte de tr\u00e1s, permitindo que seja colocado um bast\u00e3o no coldre sem dobr\u00e1-lo primeiro, para que possa ser feita rapidamente a imobiliza\u00e7\u00e3o do suspeito.<\/p>\n<ul>\n<li>Constru\u00e7\u00e3o leve e dur\u00e1vel<\/li>\n<li>O orif\u00edcio na parte traseira permite segurar o bast\u00e3o aberto<\/li>\n<li>Design aberto para acesso r\u00e1pido<\/li>\n<\/ul>\n","protected":false},"excerpt":{"rendered":"<p>O Blackhawk Expandable Baton Carrier fornece portabilidade conveniente para um bast\u00e3o expans\u00edvel medindo entre 53 a 66 cm de comprimento. Ele tamb\u00e9m pode conter uma lanterna Streamlight Stinger ou Stinger XT. \u00c9 feito de nylon Cordura moldado dur\u00e1vel e resistente ao desgaste, e sua parte superior aberta permite que retire rapidamente o bast\u00e3o ou lanterna. [&#8230;]\n","protected":false},"featured_media":41296,"comment_status":"open","ping_status":"closed","template":"","meta":{"_monsterinsights_skip_tracking":false,"_monsterinsights_sitenote_active":false,"_monsterinsights_sitenote_note":"","_monsterinsights_sitenote_category":0},"product_brand":[1504],"product_cat":[1137,1064,829,1256],"product_tag":[928,249],"class_list":{"0":"post-41294","1":"product","2":"type-product","3":"status-publish","4":"has-post-thumbnail","6":"product_brand-blackhawk","7":"product_cat-blackhawk","8":"product_cat-equipamentotatico","9":"product_cat-marcas","10":"product_cat-porta-bastao-extensivel","11":"product_tag-funda","12":"product_tag-porta-bastao","14":"first","15":"instock","16":"shipping-taxable","17":"purchasable","18":"product-type-variable"},"aioseo_notices":[],"jetpack_sharing_enabled":true,"_links":{"self":[{"href":"https:\/\/milicia-pro.com\/index.php\/wp-json\/wp\/v2\/product\/41294","targetHints":{"allow":["GET"]}}],"collection":[{"href":"https:\/\/milicia-pro.com\/index.php\/wp-json\/wp\/v2\/product"}],"about":[{"href":"https:\/\/milicia-pro.com\/index.php\/wp-json\/wp\/v2\/types\/product"}],"replies":[{"embeddable":true,"href":"https:\/\/milicia-pro.com\/index.php\/wp-json\/wp\/v2\/comments?post=41294"}],"wp:featuredmedia":[{"embeddable":true,"href":"https:\/\/milicia-pro.com\/index.php\/wp-json\/wp\/v2\/media\/41296"}],"wp:attachment":[{"href":"https:\/\/milicia-pro.com\/index.php\/wp-json\/wp\/v2\/media?parent=41294"}],"wp:term":[{"taxonomy":"product_brand","embeddable":true,"href":"https:\/\/milicia-pro.com\/index.php\/wp-json\/wp\/v2\/product_brand?post=41294"},{"taxonomy":"product_cat","embeddable":true,"href":"https:\/\/milicia-pro.com\/index.php\/wp-json\/wp\/v2\/product_cat?post=41294"},{"taxonomy":"product_tag","embeddable":true,"href":"https:\/\/milicia-pro.com\/index.php\/wp-json\/wp\/v2\/product_tag?post=41294"}],"curies":[{"name":"wp","href":"https:\/\/api.w.org\/{rel}","templated":true}]}}