{"id":41229,"date":"2024-10-01T17:08:55","date_gmt":"2024-10-01T17:08:55","guid":{"rendered":"https:\/\/milicia-pro.com\/?post_type=product&#038;p=41229"},"modified":"2025-07-02T14:17:59","modified_gmt":"2025-07-02T14:17:59","slug":"mosquetao-360-frog","status":"publish","type":"product","link":"https:\/\/milicia-pro.com\/index.php\/product\/mosquetao-360-frog\/","title":{"rendered":"MOSQUET\u00c3O 360 FROG"},"content":{"rendered":"<p>&nbsp;<\/p>\n<p>&nbsp;<\/p>\n<p><img loading=\"lazy\" decoding=\"async\" class=\"alignnone wp-image-41236\" src=\"https:\/\/milicia-pro.com\/wp-content\/uploads\/2024\/10\/KONG.7040XNNNNKK-00000-300x176.jpg\" alt=\"\" width=\"371\" height=\"218\" srcset=\"https:\/\/milicia-pro.com\/wp-content\/uploads\/2024\/10\/KONG.7040XNNNNKK-00000-300x176.jpg 300w, https:\/\/milicia-pro.com\/wp-content\/uploads\/2024\/10\/KONG.7040XNNNNKK-00000-1024x600.jpg 1024w, https:\/\/milicia-pro.com\/wp-content\/uploads\/2024\/10\/KONG.7040XNNNNKK-00000-768x450.jpg 768w, https:\/\/milicia-pro.com\/wp-content\/uploads\/2024\/10\/KONG.7040XNNNNKK-00000-1536x901.jpg 1536w, https:\/\/milicia-pro.com\/wp-content\/uploads\/2024\/10\/KONG.7040XNNNNKK-00000-1320x774.jpg 1320w, https:\/\/milicia-pro.com\/wp-content\/uploads\/2024\/10\/KONG.7040XNNNNKK-00000-510x299.jpg 510w, https:\/\/milicia-pro.com\/wp-content\/uploads\/2024\/10\/KONG.7040XNNNNKK-00000.jpg 2014w\" sizes=\"auto, (max-width: 371px) 100vw, 371px\" \/><\/p>\n<p>O FROG 360 \u00e9 a integra\u00e7\u00e3o do nosso famoso conector FROG com um pino girat\u00f3rio &#8220;textile friendly&#8221;!<br \/>\nPermitindo a conex\u00e3o direta com elementos t\u00eaxteis e a cria\u00e7\u00e3o de cord\u00f5es sem tor\u00e7\u00e3o.<br \/>\nGra\u00e7as ao inovador sistema de fechamento autom\u00e1tico, permitindo uma conex\u00e3o direcional r\u00e1pida e segura.<br \/>\nProduto de alta qualidade fabricado na It\u00e1lia!<\/p>\n","protected":false},"excerpt":{"rendered":"<p>&nbsp; &nbsp; O FROG 360 \u00e9 a integra\u00e7\u00e3o do nosso famoso conector FROG com um pino girat\u00f3rio &#8220;textile friendly&#8221;! Permitindo a conex\u00e3o direta com elementos t\u00eaxteis e a cria\u00e7\u00e3o de cord\u00f5es sem tor\u00e7\u00e3o. Gra\u00e7as ao inovador sistema de fechamento autom\u00e1tico, permitindo uma conex\u00e3o direcional r\u00e1pida e segura. Produto de alta qualidade fabricado na It\u00e1lia!<\/p>\n","protected":false},"featured_media":41230,"comment_status":"open","ping_status":"closed","template":"","meta":{"_monsterinsights_skip_tracking":false,"_monsterinsights_sitenote_active":false,"_monsterinsights_sitenote_note":"","_monsterinsights_sitenote_category":0},"product_brand":[],"product_cat":[1188,829,1191,1068],"product_tag":[218],"class_list":{"0":"post-41229","1":"product","2":"type-product","3":"status-publish","4":"has-post-thumbnail","6":"product_cat-kong","7":"product_cat-marcas","8":"product_cat-mosquetao-descendente","9":"product_cat-outdoor","10":"product_tag-mosquetao","12":"first","13":"instock","14":"shipping-taxable","15":"purchasable","16":"product-type-variable"},"aioseo_notices":[],"jetpack_sharing_enabled":true,"_links":{"self":[{"href":"https:\/\/milicia-pro.com\/index.php\/wp-json\/wp\/v2\/product\/41229","targetHints":{"allow":["GET"]}}],"collection":[{"href":"https:\/\/milicia-pro.com\/index.php\/wp-json\/wp\/v2\/product"}],"about":[{"href":"https:\/\/milicia-pro.com\/index.php\/wp-json\/wp\/v2\/types\/product"}],"replies":[{"embeddable":true,"href":"https:\/\/milicia-pro.com\/index.php\/wp-json\/wp\/v2\/comments?post=41229"}],"wp:featuredmedia":[{"embeddable":true,"href":"https:\/\/milicia-pro.com\/index.php\/wp-json\/wp\/v2\/media\/41230"}],"wp:attachment":[{"href":"https:\/\/milicia-pro.com\/index.php\/wp-json\/wp\/v2\/media?parent=41229"}],"wp:term":[{"taxonomy":"product_brand","embeddable":true,"href":"https:\/\/milicia-pro.com\/index.php\/wp-json\/wp\/v2\/product_brand?post=41229"},{"taxonomy":"product_cat","embeddable":true,"href":"https:\/\/milicia-pro.com\/index.php\/wp-json\/wp\/v2\/product_cat?post=41229"},{"taxonomy":"product_tag","embeddable":true,"href":"https:\/\/milicia-pro.com\/index.php\/wp-json\/wp\/v2\/product_tag?post=41229"}],"curies":[{"name":"wp","href":"https:\/\/api.w.org\/{rel}","templated":true}]}}