{"id":41150,"date":"2024-09-20T09:33:32","date_gmt":"2024-09-20T09:33:32","guid":{"rendered":"https:\/\/milicia-pro.com\/?post_type=product&#038;p=41150"},"modified":"2025-09-24T17:31:29","modified_gmt":"2025-09-24T17:31:29","slug":"navalha-deejo-37g-terra-incognita-black-prateado-2","status":"publish","type":"product","link":"https:\/\/milicia-pro.com\/index.php\/product\/navalha-deejo-37g-terra-incognita-black-prateado-2\/","title":{"rendered":"NAVALHA DEEJO 37G, TERRA INCOGNITA, BLACK, PRATEADO"},"content":{"rendered":"<p><img loading=\"lazy\" decoding=\"async\" class=\"alignnone size-medium wp-image-41151\" src=\"https:\/\/milicia-pro.com\/wp-content\/uploads\/2024\/09\/DJ.1GM000023-05-300x300.jpg\" alt=\"\" width=\"300\" height=\"300\" srcset=\"https:\/\/milicia-pro.com\/wp-content\/uploads\/2024\/09\/DJ.1GM000023-05-300x300.jpg 300w, https:\/\/milicia-pro.com\/wp-content\/uploads\/2024\/09\/DJ.1GM000023-05-1024x1024.jpg 1024w, https:\/\/milicia-pro.com\/wp-content\/uploads\/2024\/09\/DJ.1GM000023-05-150x150.jpg 150w, https:\/\/milicia-pro.com\/wp-content\/uploads\/2024\/09\/DJ.1GM000023-05-768x768.jpg 768w, https:\/\/milicia-pro.com\/wp-content\/uploads\/2024\/09\/DJ.1GM000023-05-247x247.jpg 247w, https:\/\/milicia-pro.com\/wp-content\/uploads\/2024\/09\/DJ.1GM000023-05-510x510.jpg 510w, https:\/\/milicia-pro.com\/wp-content\/uploads\/2024\/09\/DJ.1GM000023-05-100x100.jpg 100w, https:\/\/milicia-pro.com\/wp-content\/uploads\/2024\/09\/DJ.1GM000023-05-50x50.jpg 50w, https:\/\/milicia-pro.com\/wp-content\/uploads\/2024\/09\/DJ.1GM000023-05.jpg 1280w\" sizes=\"auto, (max-width: 300px) 100vw, 300px\" \/><\/p>\n<p>Faca ultraleve em a\u00e7o inoxid\u00e1vel Z40C13, acabamento em tit\u00e2nio preto. Sistema de bloqueio da lamina seguro decorado com grava\u00e7\u00e3o a laser fina. \u00a0Clip para prender no cinto. O cabo \u00e9 adornado com uma placa de Zamac prateado com prata fina, brilhando com mil reflexos prateados. A prata \u00e9 um material inalter\u00e1vel, denso e nobre que Deejo celebra aqui principalmente pela admira\u00e7\u00e3o que desperta.<\/p>\n<p>ESPECIFICA\u00c7\u00d5ES<\/p>\n<p>37 G DE PESO\/ Z40C13 A\u00c7O INOXID\u00c1VEL \/11 CM QUANDO FECHADA \/ 20,5 CM QUANDO ABERTA \/ 9,5 CM DE L\u00c2MINA \/ 0,9 CM DE ESPESSURA<\/p>\n","protected":false},"excerpt":{"rendered":"<p>Faca ultraleve em a\u00e7o inoxid\u00e1vel Z40C13, acabamento em tit\u00e2nio preto. Sistema de bloqueio da lamina seguro decorado com grava\u00e7\u00e3o a laser fina. \u00a0Clip para prender no cinto. O cabo \u00e9 adornado com uma placa de Zamac prateado com prata fina, brilhando com mil reflexos prateados. A prata \u00e9 um material inalter\u00e1vel, denso e nobre que [&#8230;]\n","protected":false},"featured_media":41152,"comment_status":"open","ping_status":"closed","template":"","meta":{"_monsterinsights_skip_tracking":false,"_monsterinsights_sitenote_active":false,"_monsterinsights_sitenote_note":"","_monsterinsights_sitenote_category":0},"product_brand":[1506],"product_cat":[1065,831,829,1098],"product_tag":[912,225],"class_list":{"0":"post-41150","1":"product","2":"type-product","3":"status-publish","4":"has-post-thumbnail","6":"product_brand-deejo","7":"product_cat-cutelariaferramentas","8":"product_cat-deejo","9":"product_cat-marcas","10":"product_cat-navalha","11":"product_tag-cutelaria","12":"product_tag-navalha","13":"pa_navalha-navalha","15":"first","16":"instock","17":"shipping-taxable","18":"purchasable","19":"product-type-variable"},"aioseo_notices":[],"jetpack_sharing_enabled":true,"_links":{"self":[{"href":"https:\/\/milicia-pro.com\/index.php\/wp-json\/wp\/v2\/product\/41150","targetHints":{"allow":["GET"]}}],"collection":[{"href":"https:\/\/milicia-pro.com\/index.php\/wp-json\/wp\/v2\/product"}],"about":[{"href":"https:\/\/milicia-pro.com\/index.php\/wp-json\/wp\/v2\/types\/product"}],"replies":[{"embeddable":true,"href":"https:\/\/milicia-pro.com\/index.php\/wp-json\/wp\/v2\/comments?post=41150"}],"wp:featuredmedia":[{"embeddable":true,"href":"https:\/\/milicia-pro.com\/index.php\/wp-json\/wp\/v2\/media\/41152"}],"wp:attachment":[{"href":"https:\/\/milicia-pro.com\/index.php\/wp-json\/wp\/v2\/media?parent=41150"}],"wp:term":[{"taxonomy":"product_brand","embeddable":true,"href":"https:\/\/milicia-pro.com\/index.php\/wp-json\/wp\/v2\/product_brand?post=41150"},{"taxonomy":"product_cat","embeddable":true,"href":"https:\/\/milicia-pro.com\/index.php\/wp-json\/wp\/v2\/product_cat?post=41150"},{"taxonomy":"product_tag","embeddable":true,"href":"https:\/\/milicia-pro.com\/index.php\/wp-json\/wp\/v2\/product_tag?post=41150"}],"curies":[{"name":"wp","href":"https:\/\/api.w.org\/{rel}","templated":true}]}}