{"id":41077,"date":"2024-09-14T09:55:05","date_gmt":"2024-09-14T09:55:05","guid":{"rendered":"https:\/\/milicia-pro.com\/?post_type=product&#038;p=41077"},"modified":"2025-07-24T16:20:51","modified_gmt":"2025-07-24T16:20:51","slug":"meia-advanced-fit-duty-corte-baixo","status":"publish","type":"product","link":"https:\/\/milicia-pro.com\/index.php\/product\/meia-advanced-fit-duty-corte-baixo\/","title":{"rendered":"MEIA ADVANCED FIT DUTY CORTE BAIXO"},"content":{"rendered":"<p>As primeiras meias Tactical Advcanced Fit combinam uma palmilha acolchoada com compress\u00e3o de ajuste de desempenho. Concebidas para o m\u00e1ximo conforto, estas meias vers\u00e1teis t\u00eam acolchoamento para que o utilizador aguente nos turnos mais longos.<\/p>\n<p>ESPECIFICA\u00c7\u00d5ES:<\/p>\n<ul>\n<li>73% Nylon, 12% Poli\u00e9ster, 10% Algod\u00e3o, 5% Lycra<\/li>\n<li>Acolchoamento sob os p\u00e9s com leve compress\u00e3o por toda a parte<\/li>\n<li>Painel de ventila\u00e7\u00e3o na parte superior do p\u00e9<\/li>\n<\/ul>\n","protected":false},"excerpt":{"rendered":"<p>As primeiras meias Tactical Advcanced Fit combinam uma palmilha acolchoada com compress\u00e3o de ajuste de desempenho. Concebidas para o m\u00e1ximo conforto, estas meias vers\u00e1teis t\u00eam acolchoamento para que o utilizador aguente nos turnos mais longos. ESPECIFICA\u00c7\u00d5ES: 73% Nylon, 12% Poli\u00e9ster, 10% Algod\u00e3o, 5% Lycra Acolchoamento sob os p\u00e9s com leve compress\u00e3o por toda a parte [&#8230;]\n","protected":false},"featured_media":41079,"comment_status":"open","ping_status":"closed","template":"","meta":{"_monsterinsights_skip_tracking":false,"_monsterinsights_sitenote_active":false,"_monsterinsights_sitenote_note":"","_monsterinsights_sitenote_category":0},"product_brand":[],"product_cat":[1463,830,829,1465],"product_tag":[210],"class_list":{"0":"post-41077","1":"product","2":"type-product","3":"status-publish","4":"has-post-thumbnail","6":"product_cat-calcado-2","7":"product_cat-firsttactical","8":"product_cat-marcas","9":"product_cat-meias-calcado-2","10":"product_tag-meia","12":"first","13":"instock","14":"shipping-taxable","15":"purchasable","16":"product-type-variable"},"aioseo_notices":[],"jetpack_sharing_enabled":true,"_links":{"self":[{"href":"https:\/\/milicia-pro.com\/index.php\/wp-json\/wp\/v2\/product\/41077","targetHints":{"allow":["GET"]}}],"collection":[{"href":"https:\/\/milicia-pro.com\/index.php\/wp-json\/wp\/v2\/product"}],"about":[{"href":"https:\/\/milicia-pro.com\/index.php\/wp-json\/wp\/v2\/types\/product"}],"replies":[{"embeddable":true,"href":"https:\/\/milicia-pro.com\/index.php\/wp-json\/wp\/v2\/comments?post=41077"}],"wp:featuredmedia":[{"embeddable":true,"href":"https:\/\/milicia-pro.com\/index.php\/wp-json\/wp\/v2\/media\/41079"}],"wp:attachment":[{"href":"https:\/\/milicia-pro.com\/index.php\/wp-json\/wp\/v2\/media?parent=41077"}],"wp:term":[{"taxonomy":"product_brand","embeddable":true,"href":"https:\/\/milicia-pro.com\/index.php\/wp-json\/wp\/v2\/product_brand?post=41077"},{"taxonomy":"product_cat","embeddable":true,"href":"https:\/\/milicia-pro.com\/index.php\/wp-json\/wp\/v2\/product_cat?post=41077"},{"taxonomy":"product_tag","embeddable":true,"href":"https:\/\/milicia-pro.com\/index.php\/wp-json\/wp\/v2\/product_tag?post=41077"}],"curies":[{"name":"wp","href":"https:\/\/api.w.org\/{rel}","templated":true}]}}