{"id":41067,"date":"2024-09-12T15:20:15","date_gmt":"2024-09-12T15:20:15","guid":{"rendered":"https:\/\/milicia-pro.com\/?post_type=product&#038;p=41067"},"modified":"2025-04-16T16:53:24","modified_gmt":"2025-04-16T16:53:24","slug":"poncho-chuva-ripstop-c-saco-transporte","status":"publish","type":"product","link":"https:\/\/milicia-pro.com\/index.php\/product\/poncho-chuva-ripstop-c-saco-transporte\/","title":{"rendered":"PONCHO CHUVA RIPSTOP C\/SACO TRANSPORTE"},"content":{"rendered":"<p><img loading=\"lazy\" decoding=\"async\" class=\"alignnone size-medium wp-image-42043\" src=\"https:\/\/milicia-pro.com\/wp-content\/uploads\/2024\/09\/ST.106300-300x225.webp\" alt=\"\" width=\"300\" height=\"225\" srcset=\"https:\/\/milicia-pro.com\/wp-content\/uploads\/2024\/09\/ST.106300-300x225.webp 300w, https:\/\/milicia-pro.com\/wp-content\/uploads\/2024\/09\/ST.106300-768x576.webp 768w, https:\/\/milicia-pro.com\/wp-content\/uploads\/2024\/09\/ST.106300-510x383.webp 510w, https:\/\/milicia-pro.com\/wp-content\/uploads\/2024\/09\/ST.106300.webp 960w\" sizes=\"auto, (max-width: 300px) 100vw, 300px\" \/><\/p>\n<p>&nbsp;<\/p>\n<ul>\n<li>100% poli\u00e9ster, revestido com cloreto de polivinilo<\/li>\n<li>Tecido ripstop<\/li>\n<li>Altura manom\u00e9trica: 5.000 mm<\/li>\n<li>Dimens\u00f5es: 210cmx150cm.<\/li>\n<li>Peso: 780gr.<\/li>\n<li>Prote\u00e7\u00e3o multiuso contra humidade<\/li>\n<li>Com saco de transporte<\/li>\n<\/ul>\n","protected":false},"excerpt":{"rendered":"<p>&nbsp; 100% poli\u00e9ster, revestido com cloreto de polivinilo Tecido ripstop Altura manom\u00e9trica: 5.000 mm Dimens\u00f5es: 210cmx150cm. Peso: 780gr. Prote\u00e7\u00e3o multiuso contra humidade Com saco de transporte<\/p>\n","protected":false},"featured_media":41069,"comment_status":"open","ping_status":"closed","template":"","meta":{"_monsterinsights_skip_tracking":false,"_monsterinsights_sitenote_active":false,"_monsterinsights_sitenote_note":"","_monsterinsights_sitenote_category":0},"product_brand":[],"product_cat":[829,1068,1377,855],"product_tag":[706,1263,513],"class_list":{"0":"post-41067","1":"product","2":"type-product","3":"status-publish","4":"has-post-thumbnail","6":"product_cat-marcas","7":"product_cat-outdoor","8":"product_cat-poncho-vestuario","9":"product_cat-sturm-mil-tec","10":"product_tag-chuva","11":"product_tag-poncho","12":"product_tag-protecao","14":"first","15":"instock","16":"shipping-taxable","17":"purchasable","18":"product-type-variable"},"aioseo_notices":[],"jetpack_sharing_enabled":true,"_links":{"self":[{"href":"https:\/\/milicia-pro.com\/index.php\/wp-json\/wp\/v2\/product\/41067","targetHints":{"allow":["GET"]}}],"collection":[{"href":"https:\/\/milicia-pro.com\/index.php\/wp-json\/wp\/v2\/product"}],"about":[{"href":"https:\/\/milicia-pro.com\/index.php\/wp-json\/wp\/v2\/types\/product"}],"replies":[{"embeddable":true,"href":"https:\/\/milicia-pro.com\/index.php\/wp-json\/wp\/v2\/comments?post=41067"}],"wp:featuredmedia":[{"embeddable":true,"href":"https:\/\/milicia-pro.com\/index.php\/wp-json\/wp\/v2\/media\/41069"}],"wp:attachment":[{"href":"https:\/\/milicia-pro.com\/index.php\/wp-json\/wp\/v2\/media?parent=41067"}],"wp:term":[{"taxonomy":"product_brand","embeddable":true,"href":"https:\/\/milicia-pro.com\/index.php\/wp-json\/wp\/v2\/product_brand?post=41067"},{"taxonomy":"product_cat","embeddable":true,"href":"https:\/\/milicia-pro.com\/index.php\/wp-json\/wp\/v2\/product_cat?post=41067"},{"taxonomy":"product_tag","embeddable":true,"href":"https:\/\/milicia-pro.com\/index.php\/wp-json\/wp\/v2\/product_tag?post=41067"}],"curies":[{"name":"wp","href":"https:\/\/api.w.org\/{rel}","templated":true}]}}