{"id":41033,"date":"2024-09-09T13:41:52","date_gmt":"2024-09-09T13:41:52","guid":{"rendered":"https:\/\/milicia-pro.com\/?post_type=product&#038;p=41033"},"modified":"2025-12-15T18:04:50","modified_gmt":"2025-12-15T18:04:50","slug":"fosforos-tempestade","status":"publish","type":"product","link":"https:\/\/milicia-pro.com\/index.php\/product\/fosforos-tempestade\/","title":{"rendered":"F\u00d3SFOROS TEMPESTADE"},"content":{"rendered":"<ul>\n<li>Queime apenas sobre uma superf\u00edcie \u00e0 prova de fogo<\/li>\n<li>Use apenas ao ar livre<\/li>\n<li>Peso bruto: cerca de 10,9 g<\/li>\n<li>Madeira de Bengala (branca)<\/li>\n<li>20 f\u00f3sforos por pacote<\/li>\n<\/ul>\n","protected":false},"excerpt":{"rendered":"<p>Queime apenas sobre uma superf\u00edcie \u00e0 prova de fogo Use apenas ao ar livre Peso bruto: cerca de 10,9 g Madeira de Bengala (branca) 20 f\u00f3sforos por pacote<\/p>\n","protected":false},"featured_media":41034,"comment_status":"open","ping_status":"closed","template":"","meta":{"_monsterinsights_skip_tracking":false,"_monsterinsights_sitenote_active":false,"_monsterinsights_sitenote_note":"","_monsterinsights_sitenote_category":0},"product_brand":[],"product_cat":[1064,1090,829,855],"product_tag":[1364,1255,1363],"class_list":{"0":"post-41033","1":"product","2":"type-product","3":"status-publish","4":"has-post-thumbnail","6":"product_cat-equipamentotatico","7":"product_cat-lanterna","8":"product_cat-marcas","9":"product_cat-sturm-mil-tec","10":"product_tag-fogo","11":"product_tag-fosforos","12":"product_tag-luz","14":"first","15":"instock","16":"shipping-taxable","17":"purchasable","18":"product-type-variable"},"aioseo_notices":[],"jetpack_sharing_enabled":true,"_links":{"self":[{"href":"https:\/\/milicia-pro.com\/index.php\/wp-json\/wp\/v2\/product\/41033","targetHints":{"allow":["GET"]}}],"collection":[{"href":"https:\/\/milicia-pro.com\/index.php\/wp-json\/wp\/v2\/product"}],"about":[{"href":"https:\/\/milicia-pro.com\/index.php\/wp-json\/wp\/v2\/types\/product"}],"replies":[{"embeddable":true,"href":"https:\/\/milicia-pro.com\/index.php\/wp-json\/wp\/v2\/comments?post=41033"}],"wp:featuredmedia":[{"embeddable":true,"href":"https:\/\/milicia-pro.com\/index.php\/wp-json\/wp\/v2\/media\/41034"}],"wp:attachment":[{"href":"https:\/\/milicia-pro.com\/index.php\/wp-json\/wp\/v2\/media?parent=41033"}],"wp:term":[{"taxonomy":"product_brand","embeddable":true,"href":"https:\/\/milicia-pro.com\/index.php\/wp-json\/wp\/v2\/product_brand?post=41033"},{"taxonomy":"product_cat","embeddable":true,"href":"https:\/\/milicia-pro.com\/index.php\/wp-json\/wp\/v2\/product_cat?post=41033"},{"taxonomy":"product_tag","embeddable":true,"href":"https:\/\/milicia-pro.com\/index.php\/wp-json\/wp\/v2\/product_tag?post=41033"}],"curies":[{"name":"wp","href":"https:\/\/api.w.org\/{rel}","templated":true}]}}