{"id":41030,"date":"2024-09-09T13:19:57","date_gmt":"2024-09-09T13:19:57","guid":{"rendered":"https:\/\/milicia-pro.com\/?post_type=product&#038;p=41030"},"modified":"2026-03-09T14:16:03","modified_gmt":"2026-03-09T14:16:03","slug":"lanterna-tatica-us-led-mini","status":"publish","type":"product","link":"https:\/\/milicia-pro.com\/index.php\/product\/lanterna-tatica-us-led-mini\/","title":{"rendered":"LANTERNA TATICA US LED MINI"},"content":{"rendered":"<p>Fonte de alimenta\u00e7\u00e3o: 2 pilhas (2AA) (n\u00e3o inclu\u00eddas)<\/p>\n<p>&nbsp;<\/p>\n<ul>\n<li>Lanterna LED de \u00e2ngulo extra brilhante<\/li>\n<li>Inclui filtro de cor (amarelo, verde, vermelho, azul)<\/li>\n<li>Caixa de pl\u00e1stico \u00e0 prova de respingos e resistente a impactos<\/li>\n<li>Bot\u00e3o de comuta\u00e7\u00e3o com c\u00f3digo Morse<\/li>\n<li>Fixador<\/li>\n<li>Ilh\u00f3 de seguran\u00e7a na parte inferior<\/li>\n<li>Comprimento: 15 cm<\/li>\n<\/ul>\n","protected":false},"excerpt":{"rendered":"<p>Fonte de alimenta\u00e7\u00e3o: 2 pilhas (2AA) (n\u00e3o inclu\u00eddas) &nbsp; Lanterna LED de \u00e2ngulo extra brilhante Inclui filtro de cor (amarelo, verde, vermelho, azul) Caixa de pl\u00e1stico \u00e0 prova de respingos e resistente a impactos Bot\u00e3o de comuta\u00e7\u00e3o com c\u00f3digo Morse Fixador Ilh\u00f3 de seguran\u00e7a na parte inferior Comprimento: 15 cm<\/p>\n","protected":false},"featured_media":41032,"comment_status":"open","ping_status":"closed","template":"","meta":{"_monsterinsights_skip_tracking":false,"_monsterinsights_sitenote_active":false,"_monsterinsights_sitenote_note":"","_monsterinsights_sitenote_category":0},"product_brand":[1596],"product_cat":[1064,1090,829,855],"product_tag":[193],"class_list":{"0":"post-41030","1":"product","2":"type-product","3":"status-publish","4":"has-post-thumbnail","6":"product_brand-sturm-mil-tec","7":"product_cat-equipamentotatico","8":"product_cat-lanterna","9":"product_cat-marcas","10":"product_cat-sturm-mil-tec","11":"product_tag-lanterna","13":"first","14":"instock","15":"shipping-taxable","16":"purchasable","17":"product-type-variable"},"aioseo_notices":[],"jetpack_sharing_enabled":true,"_links":{"self":[{"href":"https:\/\/milicia-pro.com\/index.php\/wp-json\/wp\/v2\/product\/41030","targetHints":{"allow":["GET"]}}],"collection":[{"href":"https:\/\/milicia-pro.com\/index.php\/wp-json\/wp\/v2\/product"}],"about":[{"href":"https:\/\/milicia-pro.com\/index.php\/wp-json\/wp\/v2\/types\/product"}],"replies":[{"embeddable":true,"href":"https:\/\/milicia-pro.com\/index.php\/wp-json\/wp\/v2\/comments?post=41030"}],"wp:featuredmedia":[{"embeddable":true,"href":"https:\/\/milicia-pro.com\/index.php\/wp-json\/wp\/v2\/media\/41032"}],"wp:attachment":[{"href":"https:\/\/milicia-pro.com\/index.php\/wp-json\/wp\/v2\/media?parent=41030"}],"wp:term":[{"taxonomy":"product_brand","embeddable":true,"href":"https:\/\/milicia-pro.com\/index.php\/wp-json\/wp\/v2\/product_brand?post=41030"},{"taxonomy":"product_cat","embeddable":true,"href":"https:\/\/milicia-pro.com\/index.php\/wp-json\/wp\/v2\/product_cat?post=41030"},{"taxonomy":"product_tag","embeddable":true,"href":"https:\/\/milicia-pro.com\/index.php\/wp-json\/wp\/v2\/product_tag?post=41030"}],"curies":[{"name":"wp","href":"https:\/\/api.w.org\/{rel}","templated":true}]}}