{"id":40897,"date":"2024-06-03T16:19:33","date_gmt":"2024-06-03T16:19:33","guid":{"rendered":"https:\/\/milicia-pro.com\/?post_type=product&#038;p=40897"},"modified":"2025-09-24T17:31:37","modified_gmt":"2025-09-24T17:31:37","slug":"navalha-deejo-15gr-pin-up-mirror","status":"publish","type":"product","link":"https:\/\/milicia-pro.com\/index.php\/product\/navalha-deejo-15gr-pin-up-mirror\/","title":{"rendered":"NAVALHA DEEJO, 15GR, PIN UP, MIRROR"},"content":{"rendered":"<p>Navalha com l\u00e2mina de a\u00e7o inoxid\u00e1vel Z40C13 ultraleve, ultraplana, em acabamento espelhado. L\u00e2mina afiada de cinzel. Sistema de bloqueio de seguran\u00e7a. Original simples, design limpo, l\u00e2mina tatuada a laser apenas de um lado. O seu cabo perfurado o que permite a passagem de um cord\u00e3o, mosquet\u00e3o ou chaveiro.<\/p>\n<ul>\n<li>15 G, 420 A\u00c7O INOX<\/li>\n<li>7 CM FECHADO<\/li>\n<li>12,5 CM ABERTO<\/li>\n<li>L\u00c2MINA DE 6 CM<\/li>\n<li>0,8 CM DE ESPESSURA<\/li>\n<\/ul>\n","protected":false},"excerpt":{"rendered":"<p>Navalha com l\u00e2mina de a\u00e7o inoxid\u00e1vel Z40C13 ultraleve, ultraplana, em acabamento espelhado. L\u00e2mina afiada de cinzel. Sistema de bloqueio de seguran\u00e7a. Original simples, design limpo, l\u00e2mina tatuada a laser apenas de um lado. O seu cabo perfurado o que permite a passagem de um cord\u00e3o, mosquet\u00e3o ou chaveiro. 15 G, 420 A\u00c7O INOX 7 CM [&#8230;]\n","protected":false},"featured_media":41209,"comment_status":"open","ping_status":"closed","template":"","meta":{"_monsterinsights_skip_tracking":false,"_monsterinsights_sitenote_active":false,"_monsterinsights_sitenote_note":"","_monsterinsights_sitenote_category":0},"product_brand":[1506],"product_cat":[1065,831,829,1098],"product_tag":[912,225],"class_list":{"0":"post-40897","1":"product","2":"type-product","3":"status-publish","4":"has-post-thumbnail","6":"product_brand-deejo","7":"product_cat-cutelariaferramentas","8":"product_cat-deejo","9":"product_cat-marcas","10":"product_cat-navalha","11":"product_tag-cutelaria","12":"product_tag-navalha","13":"pa_navalha-navalha","15":"first","16":"instock","17":"shipping-taxable","18":"purchasable","19":"product-type-variable"},"aioseo_notices":[],"jetpack_sharing_enabled":true,"_links":{"self":[{"href":"https:\/\/milicia-pro.com\/index.php\/wp-json\/wp\/v2\/product\/40897","targetHints":{"allow":["GET"]}}],"collection":[{"href":"https:\/\/milicia-pro.com\/index.php\/wp-json\/wp\/v2\/product"}],"about":[{"href":"https:\/\/milicia-pro.com\/index.php\/wp-json\/wp\/v2\/types\/product"}],"replies":[{"embeddable":true,"href":"https:\/\/milicia-pro.com\/index.php\/wp-json\/wp\/v2\/comments?post=40897"}],"wp:featuredmedia":[{"embeddable":true,"href":"https:\/\/milicia-pro.com\/index.php\/wp-json\/wp\/v2\/media\/41209"}],"wp:attachment":[{"href":"https:\/\/milicia-pro.com\/index.php\/wp-json\/wp\/v2\/media?parent=40897"}],"wp:term":[{"taxonomy":"product_brand","embeddable":true,"href":"https:\/\/milicia-pro.com\/index.php\/wp-json\/wp\/v2\/product_brand?post=40897"},{"taxonomy":"product_cat","embeddable":true,"href":"https:\/\/milicia-pro.com\/index.php\/wp-json\/wp\/v2\/product_cat?post=40897"},{"taxonomy":"product_tag","embeddable":true,"href":"https:\/\/milicia-pro.com\/index.php\/wp-json\/wp\/v2\/product_tag?post=40897"}],"curies":[{"name":"wp","href":"https:\/\/api.w.org\/{rel}","templated":true}]}}