{"id":40875,"date":"2024-05-29T16:31:42","date_gmt":"2024-05-29T16:31:42","guid":{"rendered":"https:\/\/milicia-pro.com\/?post_type=product&#038;p=40875"},"modified":"2025-12-05T17:23:14","modified_gmt":"2025-12-05T17:23:14","slug":"lanterna-mark-mini-luminator-2","status":"publish","type":"product","link":"https:\/\/milicia-pro.com\/index.php\/product\/lanterna-mark-mini-luminator-2\/","title":{"rendered":"LANTERNA MARK MINI LUMINATOR"},"content":{"rendered":"<div style=\"width: 1020px;\" class=\"wp-video\"><video class=\"wp-video-shortcode\" id=\"video-40875-1\" width=\"1020\" height=\"574\" preload=\"metadata\" controls=\"controls\"><source type=\"video\/mp4\" src=\"https:\/\/milicia-pro.com\/wp-content\/uploads\/2024\/05\/avc_Powertac-Mark-Mini-Long-Term-Review_Trim-2.mp4?_=1\" \/><a href=\"https:\/\/milicia-pro.com\/wp-content\/uploads\/2024\/05\/avc_Powertac-Mark-Mini-Long-Term-Review_Trim-2.mp4\">https:\/\/milicia-pro.com\/wp-content\/uploads\/2024\/05\/avc_Powertac-Mark-Mini-Long-Term-Review_Trim-2.mp4<\/a><\/video><\/div>\n<p>Recurso Especial &#8211; Port\u00e1til, Leve, Recarreg\u00e1vel<\/p>\n<p>Cor &#8211; Preta<\/p>\n<p>Fonte de alimenta\u00e7\u00e3o \u2013 Alimentada por bateria<\/p>\n<p>Tipo de fonte de luz &#8211; LED<\/p>\n<ul>\n<li><strong>Luz de Pistola<\/strong> &#8211; A luz t\u00e1tica Mark Mini \u00e9 compat\u00edvel com trilhos estilo glock e picatinny. Esta lanterna de 600 l\u00famens fornece o fluxo de luz mais brilhante exatamente onde voc\u00ea precisa. Com precis\u00e3o t\u00e1tica para policiais, seguran\u00e7a e militares.<\/li>\n<li><strong>Lanterna Mais Brilhante<\/strong> &#8211; Esta lanterna t\u00e1tica compacta oferece o melhor n\u00edvel de brilho para pistolas. Use-a num trilho leve para praticar tiro ao alvo \u00e0 noite. \u00d3tima para equipamentos de defesa pessoal ou aplica\u00e7\u00e3o da lei. Cabe no coldre mesmo quando instalado.<\/li>\n<li><strong>Luz Recarreg\u00e1vel<\/strong> &#8211; Alimentada por baterias de l\u00edtio recarreg\u00e1veis \u200b\u200bintegradas. Esta pequena pistola de luz recarrega r\u00e1pida e facilmente com uma porta de carregamento USB magn\u00e9tica. Desfrute de 1,5 horas de uso cont\u00ednuo com feixe central focado e luz de fluxo balanceada.<\/li>\n<li><strong>F\u00e1cil de usar<\/strong> &#8211; Projetada com um sistema de luz de trilho deslizante para posicionamento personalizado em diferentes sistemas de montagem. Esta luz de arma apresenta uma interface ambidestra simples que permite aos usu\u00e1rios operar com um interruptor. Para instalar basta deslizar para ligar ou desligar.<\/li>\n<li><strong>Alta Qualidade<\/strong> &#8211; Fabricado em alum\u00ednio de n\u00edvel militar com acabamento anodizado preto para maior durabilidade. Esta luz de pistola pessoal foi constru\u00edda para uso robusto em uma variedade de condi\u00e7\u00f5es, com resist\u00eancia a quedas de 2 metros e classifica\u00e7\u00e3o \u00e0 prova d&#8217;\u00e1gua IPX6.<\/li>\n<\/ul>\n<div style=\"width: 360px;\" class=\"wp-video\"><video class=\"wp-video-shortcode\" id=\"video-40875-2\" width=\"360\" height=\"360\" preload=\"metadata\" controls=\"controls\"><source type=\"video\/mp4\" src=\"https:\/\/milicia-pro.com\/wp-content\/uploads\/2024\/05\/videoplayback.mp4?_=2\" \/><a href=\"https:\/\/milicia-pro.com\/wp-content\/uploads\/2024\/05\/videoplayback.mp4\">https:\/\/milicia-pro.com\/wp-content\/uploads\/2024\/05\/videoplayback.mp4<\/a><\/video><\/div>\n","protected":false},"excerpt":{"rendered":"<p>Recurso Especial &#8211; Port\u00e1til, Leve, Recarreg\u00e1vel Cor &#8211; Preta Fonte de alimenta\u00e7\u00e3o \u2013 Alimentada por bateria Tipo de fonte de luz &#8211; LED Luz de Pistola &#8211; A luz t\u00e1tica Mark Mini \u00e9 compat\u00edvel com trilhos estilo glock e picatinny. Esta lanterna de 600 l\u00famens fornece o fluxo de luz mais brilhante exatamente onde voc\u00ea [&#8230;]\n","protected":false},"featured_media":40877,"comment_status":"open","ping_status":"closed","template":"","meta":{"_monsterinsights_skip_tracking":false,"_monsterinsights_sitenote_active":false,"_monsterinsights_sitenote_note":"","_monsterinsights_sitenote_category":0},"product_brand":[1518],"product_cat":[1115,1064,1333,829,1145],"product_tag":[1243,193],"class_list":{"0":"post-40875","1":"product","2":"type-product","3":"status-publish","4":"has-post-thumbnail","6":"product_brand-powertac","7":"product_cat-acessorios-armas","8":"product_cat-equipamentotatico","9":"product_cat-lanterna-acessorios-armas","10":"product_cat-marcas","11":"product_cat-powertac","12":"product_tag-adaptador-arma","13":"product_tag-lanterna","15":"first","16":"instock","17":"shipping-taxable","18":"purchasable","19":"product-type-variable"},"aioseo_notices":[],"jetpack_sharing_enabled":true,"_links":{"self":[{"href":"https:\/\/milicia-pro.com\/index.php\/wp-json\/wp\/v2\/product\/40875","targetHints":{"allow":["GET"]}}],"collection":[{"href":"https:\/\/milicia-pro.com\/index.php\/wp-json\/wp\/v2\/product"}],"about":[{"href":"https:\/\/milicia-pro.com\/index.php\/wp-json\/wp\/v2\/types\/product"}],"replies":[{"embeddable":true,"href":"https:\/\/milicia-pro.com\/index.php\/wp-json\/wp\/v2\/comments?post=40875"}],"wp:featuredmedia":[{"embeddable":true,"href":"https:\/\/milicia-pro.com\/index.php\/wp-json\/wp\/v2\/media\/40877"}],"wp:attachment":[{"href":"https:\/\/milicia-pro.com\/index.php\/wp-json\/wp\/v2\/media?parent=40875"}],"wp:term":[{"taxonomy":"product_brand","embeddable":true,"href":"https:\/\/milicia-pro.com\/index.php\/wp-json\/wp\/v2\/product_brand?post=40875"},{"taxonomy":"product_cat","embeddable":true,"href":"https:\/\/milicia-pro.com\/index.php\/wp-json\/wp\/v2\/product_cat?post=40875"},{"taxonomy":"product_tag","embeddable":true,"href":"https:\/\/milicia-pro.com\/index.php\/wp-json\/wp\/v2\/product_tag?post=40875"}],"curies":[{"name":"wp","href":"https:\/\/api.w.org\/{rel}","templated":true}]}}