{"id":40862,"date":"2024-05-29T16:23:50","date_gmt":"2024-05-29T16:23:50","guid":{"rendered":"https:\/\/milicia-pro.com\/?post_type=product&#038;p=40862"},"modified":"2025-10-14T13:16:39","modified_gmt":"2025-10-14T13:16:39","slug":"lanterna-huntsman-1200-lumen-wml","status":"publish","type":"product","link":"https:\/\/milicia-pro.com\/index.php\/product\/lanterna-huntsman-1200-lumen-wml\/","title":{"rendered":"LANTERNA HUNTSMAN 1200 LUMEN WML"},"content":{"rendered":"<p><strong>CARACTER\u00cdSTICAS PRINCIPAIS:<\/strong><\/p>\n<ul>\n<li>Sa\u00edda m\u00e1xima de 1.200 l\u00famens<\/li>\n<li>Alcance de luz de 510 metros<\/li>\n<li>73.750 candelas<\/li>\n<li>Suporte ajust\u00e1vel dedicado para sistemas de montagem t\u00e1tica Picatinny e M-Lok<\/li>\n<li>Interruptor de press\u00e3o ou silencioso, op\u00e7\u00e3o de interruptor traseiro \u201cSem clique\u201d<\/li>\n<\/ul>\n<p>O pacote WML t\u00e1tico Powertac Huntsman \u00e9 um kit de lanterna montada t\u00e1tica que oferece recursos distintos de ilumina\u00e7\u00e3o de longo alcance. Ela oferece durabilidade e desempenho de n\u00edvel profissional num pacote impressionantemente compacto que cabe confortavelmente na sua m\u00e3o ou num sistema de montagem em trilho t\u00e1tico. Com o melhor tempo de execu\u00e7\u00e3o da categoria e dist\u00e2ncia ideal de proje\u00e7\u00e3o da luz, a leve e poderosa Huntsman \u00e9 a luz t\u00e1tica montada WML perfeita para opera\u00e7\u00f5es policiais e militares.<\/p>\n<p>&nbsp;<\/p>\n<p><strong>ENTREGUE 1.200 LUMENS DE POT\u00caNCIA<\/strong><\/p>\n<p>Projetada com 5 n\u00edveis de brilho e uma impressionante sa\u00edda m\u00e1xima de 1200 l\u00famens, a Powertac Huntsman \u00e9 \u00f3tima para ca\u00e7ar ao ar livre ou para profissionais de seguran\u00e7a que procuram ilumina\u00e7\u00e3o confi\u00e1vel e transport\u00e1vel. A dist\u00e2ncia de proje\u00e7\u00e3o de 510 metros da luz \u00e9 impressionante e vibrante, atingindo facilmente objetos distantes com clareza. Com uma interface de interruptor traseiro \u201csem clique\u201d, voc\u00ea pode ativar silenciosa e facilmente qualquer um dos 6 n\u00edveis de brilho, incluindo o efeito estrobosc\u00f3pico da luz.<\/p>\n<p>&nbsp;<\/p>\n<p><strong>GRANDE DIST\u00c2NCIA DE LAN\u00c7AMENTO COM UMA CONSTRU\u00c7\u00c3O ROBUSTA<\/strong><\/p>\n<p>A lanterna Powertac Huntsman, tem um poderoso LED o qual oferece uma dist\u00e2ncia de proje\u00e7\u00e3o impec\u00e1vel de 510 metros para mira e visibilidade precisas. Al\u00e9m disso, a Huntsman foi constru\u00edda para preservar o LED e os componentes eletr\u00f4nicos com um dissipador de calor especializado que dispersa rapidamente o calor para proporcionar longevidade e confiabilidade. Al\u00e9m disso, a Huntsman resiste a danos causados \u200b\u200bpela \u00e1gua com seu design de anel de veda\u00e7\u00e3o de precis\u00e3o para grande capacidade em todos os tipos de clima.<\/p>\n<p>&nbsp;<\/p>\n<p><strong>USO SIMPLES, VERSATILIDADE EXTREMA<\/strong><\/p>\n<p>A Huntsman oferece uma das interfaces de usu\u00e1rio de lanterna mais simples para qualquer entusiasta ou profissional da atualidade. Com um interruptor traseiro imediatamente acess\u00edvel, oferece n\u00edveis de brilho moment\u00e2neos e cont\u00ednuos para que voc\u00ea possa determinar a melhor faixa de ilumina\u00e7\u00e3o para qualquer tarefa em quest\u00e3o. A Huntsman obteve classifica\u00e7\u00e3o \u00e0 prova d&#8217;\u00e1gua IPX8 e \u00e9 completamente submers\u00edvel at\u00e9 2 metros debaixo d&#8217;\u00e1gua. Al\u00e9m do mais, a Huntsman foi projetada com m\u00faltiplas plataformas em mente, equipado com um suporte de arma ajust\u00e1vel para trilhos picatinny e M-Lok para que voc\u00ea possa mont\u00e1-la sempre que precisar.<\/p>\n<p>&nbsp;<\/p>\n<p><strong>CARACTER\u00cdSTICAS ADICIONAIS:<\/strong><\/p>\n<ul>\n<li>Mont\u00e1vel para a maioria das aplica\u00e7\u00f5es: Picatinny e M-LOK<\/li>\n<li>Alcance de 510 metros em tamanho compacto.<\/li>\n<li>Interruptor duplo simples fornece modos moment\u00e2neo e cont\u00ednuo.<\/li>\n<li>Interruptor silencioso, sem som de clique alto como a maioria das luzes t\u00e1ticas do mercado.<\/li>\n<li>Porta de carregamento dupla magn\u00e9tica e USB<\/li>\n<li>Interface de usu\u00e1rio simples para defesa t\u00e1tica e pessoal. Interruptor lateral integrado para acesso r\u00e1pido a m\u00faltiplas fun\u00e7\u00f5es.<\/li>\n<li>Tecnologia exclusiva de circuito digital para maximizar a vida \u00fatil da bateria e sa\u00edda de luz consistente.<\/li>\n<li>Prote\u00e7\u00e3o contra polaridade reversa. Protege contra instala\u00e7\u00e3o inadequada da bateria.<\/li>\n<li>6 configura\u00e7\u00f5es diferentes que incluem 5 n\u00edveis de brilho mais um estrobosc\u00f3pio.<\/li>\n<li>Memoriza\u00e7\u00e3o autom\u00e1tica para todas as configura\u00e7\u00f5es.<\/li>\n<li>Usinado em alum\u00ednio aeron\u00e1utico, com acabamento anodizado tipo III.<\/li>\n<li>Lente de vidro com revestimento duplo para proporcionar m\u00e1ximo brilho OTF (Out The Front) e dist\u00e2ncia do feixe.<\/li>\n<li>Vidro temperado para resistir a quebras e arranh\u00f5es em caso de impacto.<\/li>\n<li>\u00c0 prova d&#8217;\u00e1gua conforme padr\u00e3o IPX8; Submers\u00edvel em at\u00e9 2 metros de profundidade.<\/li>\n<\/ul>\n<p><strong>\u00a0<\/strong><\/p>\n<p><strong>ESPECIFICA\u00c7\u00d5ES:<\/strong><\/p>\n<ul>\n<li>Bateria: Utiliza uma (1x) \u00edon-l\u00edtio 18650 de alta descarga (inclu\u00edda); Ou Duas (2x) baterias CR123A com espa\u00e7ador (n\u00e3o inclu\u00eddas).<\/li>\n<\/ul>\n<p>o (N\u00c3O compat\u00edvel com RCR123A\/16340)<\/p>\n<ul>\n<li>Tamanho:<\/li>\n<\/ul>\n<p>o Comprimento: 150mm<\/p>\n<p>o Di\u00e2metro da moldura: 29 mm<\/p>\n<p>o Di\u00e2metro do corpo: 23,5 mm<\/p>\n<ul>\n<li>Peso: 112g (sem bateria)<\/li>\n<\/ul>\n<p><strong>O PACOTE INCLUI:<\/strong><\/p>\n<ul>\n<li>Lanterna Ca\u00e7ador<\/li>\n<li>Bateria mAh de alta descarga 18650-3200<\/li>\n<li>Pressostato Remoto<\/li>\n<li>Coldre de nylon<\/li>\n<li>Cabo magn\u00e9tico USB<\/li>\n<li>An\u00e9is de veda\u00e7\u00e3o sobressalentes<\/li>\n<li>Cord\u00e3o<\/li>\n<li>Manual de instru\u00e7\u00f5es<\/li>\n<\/ul>\n","protected":false},"excerpt":{"rendered":"<p>CARACTER\u00cdSTICAS PRINCIPAIS: Sa\u00edda m\u00e1xima de 1.200 l\u00famens Alcance de luz de 510 metros 73.750 candelas Suporte ajust\u00e1vel dedicado para sistemas de montagem t\u00e1tica Picatinny e M-Lok Interruptor de press\u00e3o ou silencioso, op\u00e7\u00e3o de interruptor traseiro \u201cSem clique\u201d O pacote WML t\u00e1tico Powertac Huntsman \u00e9 um kit de lanterna montada t\u00e1tica que oferece recursos distintos de [&#8230;]\n","protected":false},"featured_media":40865,"comment_status":"open","ping_status":"closed","template":"","meta":{"_monsterinsights_skip_tracking":false,"_monsterinsights_sitenote_active":false,"_monsterinsights_sitenote_note":"","_monsterinsights_sitenote_category":0},"product_brand":[1518],"product_cat":[1115,1064,1333,829,1145],"product_tag":[64,193],"class_list":{"0":"post-40862","1":"product","2":"type-product","3":"status-publish","4":"has-post-thumbnail","6":"product_brand-powertac","7":"product_cat-acessorios-armas","8":"product_cat-equipamentotatico","9":"product_cat-lanterna-acessorios-armas","10":"product_cat-marcas","11":"product_cat-powertac","12":"product_tag-arma","13":"product_tag-lanterna","15":"first","16":"instock","17":"shipping-taxable","18":"purchasable","19":"product-type-variable"},"aioseo_notices":[],"jetpack_sharing_enabled":true,"_links":{"self":[{"href":"https:\/\/milicia-pro.com\/index.php\/wp-json\/wp\/v2\/product\/40862","targetHints":{"allow":["GET"]}}],"collection":[{"href":"https:\/\/milicia-pro.com\/index.php\/wp-json\/wp\/v2\/product"}],"about":[{"href":"https:\/\/milicia-pro.com\/index.php\/wp-json\/wp\/v2\/types\/product"}],"replies":[{"embeddable":true,"href":"https:\/\/milicia-pro.com\/index.php\/wp-json\/wp\/v2\/comments?post=40862"}],"wp:featuredmedia":[{"embeddable":true,"href":"https:\/\/milicia-pro.com\/index.php\/wp-json\/wp\/v2\/media\/40865"}],"wp:attachment":[{"href":"https:\/\/milicia-pro.com\/index.php\/wp-json\/wp\/v2\/media?parent=40862"}],"wp:term":[{"taxonomy":"product_brand","embeddable":true,"href":"https:\/\/milicia-pro.com\/index.php\/wp-json\/wp\/v2\/product_brand?post=40862"},{"taxonomy":"product_cat","embeddable":true,"href":"https:\/\/milicia-pro.com\/index.php\/wp-json\/wp\/v2\/product_cat?post=40862"},{"taxonomy":"product_tag","embeddable":true,"href":"https:\/\/milicia-pro.com\/index.php\/wp-json\/wp\/v2\/product_tag?post=40862"}],"curies":[{"name":"wp","href":"https:\/\/api.w.org\/{rel}","templated":true}]}}