{"id":40848,"date":"2024-05-28T11:42:08","date_gmt":"2024-05-28T11:42:08","guid":{"rendered":"https:\/\/milicia-pro.com\/?post_type=product&#038;p=40848"},"modified":"2025-10-14T13:16:18","modified_gmt":"2025-10-14T13:16:18","slug":"lanterna-cadet-gen4","status":"publish","type":"product","link":"https:\/\/milicia-pro.com\/index.php\/product\/lanterna-cadet-gen4\/","title":{"rendered":"LANTERNA CADET GEN4"},"content":{"rendered":"<p><strong>CARACTER\u00cdSTICAS PRINCIPAIS:<\/strong><\/p>\n<ul>\n<li>1.200 l\u00famens com alcance de 240 metros<\/li>\n<li>14.400 candelas<\/li>\n<li>Tamanho ideal do EDC<\/li>\n<li>Opera\u00e7\u00e3o com bot\u00e3o duplo e estrobosc\u00f3pio instant\u00e2neo<\/li>\n<li>Ideal para montagem em PDWs<\/li>\n<\/ul>\n<p>Oa Powertac Cadet Gen4 \u00e9 uma luz t\u00e1tica e edc subcompacta. Com apenas 3,57 polegadas de comprimento, esta luz de bolso oferece incr\u00edveis 1.200 l\u00famens em uma \u00fanica bateria recarreg\u00e1vel RCR123. Um clipe bidirecional permite um transporte profundo e pode ser preso na aba de um chap\u00e9u. Seu tamanho compacto e alto rendimento torna esta lanterna ideal para montagem num PDW ou para transporte di\u00e1rio.<\/p>\n<p>&nbsp;<\/p>\n<p><strong>CARACTER\u00cdSTICAS ADICIONAIS:<\/strong><\/p>\n<ul>\n<li>Interface de usu\u00e1rio simples<\/li>\n<li>6 configura\u00e7\u00f5es diferentes que incluem 5 n\u00edveis de brilho mais um estrobosc\u00f3pio<\/li>\n<li>Clipe de bolso bidirecional para transporte profundo<\/li>\n<li>Pode ser preso na aba do chap\u00e9u<\/li>\n<li>Memoriza\u00e7\u00e3o autom\u00e1tica para todas as configura\u00e7\u00f5es<\/li>\n<li>Tecnologia de controle de circuito digital para m\u00e1ximo desempenho e longo tempo de execu\u00e7\u00e3o<\/li>\n<li>A prote\u00e7\u00e3o contra polaridade reversa protege contra instala\u00e7\u00e3o inadequada da bateria<\/li>\n<li>Preserva LED e componentes eletr\u00f4nicos com um dissipador de calor superior projetado para r\u00e1pida dispers\u00e3o de calor<\/li>\n<li>Resiste a danos causados \u200b\u200bpela \u00e1gua gra\u00e7as a um design vedado com anel de veda\u00e7\u00e3o de precis\u00e3o para fornecer uso confi\u00e1vel em condi\u00e7\u00f5es extremas<\/li>\n<li>Usinado em alum\u00ednio para aeronaves com acabamento anodizado tipo III<\/li>\n<li>Vidro temperado para resistir a quebras e arranh\u00f5es no impacto<\/li>\n<li>Lente de vidro com revestimento duplo para proporcionar m\u00e1ximo brilho OTF (Out The Front) e dist\u00e2ncia do feixe<\/li>\n<li>IPX7 \u00e0 prova de \u00e1gua Submers\u00edvel at\u00e9 1,5 metros debaixo de \u00e1gua<\/li>\n<\/ul>\n<p>&nbsp;<\/p>\n<p><strong>O PACOTE INCLUI:<\/strong><\/p>\n<ul>\n<li>Lanterna Cadete Gen4<\/li>\n<li>Bateria RCR123A<\/li>\n<li>Cabo de carregamento USB magn\u00e9tico<\/li>\n<li>An\u00e9is de veda\u00e7\u00e3o sobressalentes<\/li>\n<li>Cord\u00e3o<\/li>\n<li>Manual de instru\u00e7\u00f5es<\/li>\n<\/ul>\n<p>&nbsp;<\/p>\n<p><strong>ESPECIFICA\u00c7\u00d5ES<\/strong><\/p>\n<ul>\n<li>Tipo de LED:<\/li>\n<li>Bateria:(1) \u00edon de l\u00edtio recarreg\u00e1vel RCR123A\/16340 ou (1)CR123A<\/li>\n<li>Comprimento: 84,6 mm<\/li>\n<li>Di\u00e2metro da moldura: 25,4 mm<\/li>\n<li>Di\u00e2metro do corpo: 22,56 mm<\/li>\n<li>Peso: 60g (sem bateria)<\/li>\n<\/ul>\n<p>&nbsp;<\/p>\n<p><strong>ILUMINA\u00c7\u00c3O \/ TEMPO DE FUNCIONAMENTO<\/strong><\/p>\n<table style=\"height: 272px\" width=\"741\">\n<tbody>\n<tr>\n<td width=\"78\"><strong>\u00a0<\/strong><\/td>\n<td width=\"86\">Firefly<\/td>\n<td width=\"86\">Baixo<\/td>\n<td width=\"90\">M\u00e9dio<\/td>\n<td width=\"85\">Alto<\/td>\n<td width=\"85\">Turbo<\/td>\n<td width=\"85\">Strobe<\/td>\n<\/tr>\n<tr>\n<td width=\"78\">RCR123A (3,7 V)<\/td>\n<td width=\"86\">0,4lmns<\/p>\n<p>4,5 dias<\/td>\n<td width=\"86\">19\u00a0lmns<\/p>\n<p>9h69 horas<\/td>\n<td width=\"90\">140 lmns<\/p>\n<p>&nbsp;<\/p>\n<p>3h27 horas<\/td>\n<td width=\"85\">600 lmns<\/p>\n<p>&nbsp;<\/p>\n<p>45 minutos<\/td>\n<td width=\"85\">1.200 lmns<\/p>\n<p>&nbsp;<\/p>\n<p>40 minutos<\/td>\n<td width=\"85\">1.200 lmns<\/p>\n<p><strong>\u00a0<\/strong><\/p>\n<p>62 minutos<\/td>\n<\/tr>\n<tr>\n<td width=\"78\">CR123A (3V)<\/td>\n<td width=\"86\">0,4lmns<\/p>\n<p>7,8 dias<\/td>\n<td width=\"86\">17 lmns<\/p>\n<p>2h70 horas<\/td>\n<td width=\"90\">128 lmns<\/p>\n<p>4h88 horas<\/td>\n<td width=\"85\">450 lmns<\/p>\n<p>1h93 horas<\/td>\n<td width=\"85\"><strong>\u00a0<\/strong><\/p>\n<p><strong>\u00a0\u00a0\u00a0 \u00a0\u00a0\u00a0\u00a0&#8211;<\/strong><\/td>\n<td width=\"85\">450 lmns<\/p>\n<p>4h10 horas<\/td>\n<\/tr>\n<\/tbody>\n<\/table>\n<p>&nbsp;<\/p>\n<p><img loading=\"lazy\" decoding=\"async\" class=\"alignnone size-medium wp-image-40850\" src=\"https:\/\/milicia-pro.com\/wp-content\/uploads\/2024\/05\/pwt-300x269.png\" alt=\"\" width=\"300\" height=\"269\" srcset=\"https:\/\/milicia-pro.com\/wp-content\/uploads\/2024\/05\/pwt-300x269.png 300w, https:\/\/milicia-pro.com\/wp-content\/uploads\/2024\/05\/pwt.png 480w\" sizes=\"auto, (max-width: 300px) 100vw, 300px\" \/><\/p>\n<p>Standards determined by\u00a0<a href=\"https:\/\/www.powertac.com\/pages\/ansi-plato-information\">The Portable Lights American Trade Organization (PLATO)<\/a><\/p>\n","protected":false},"excerpt":{"rendered":"<p>CARACTER\u00cdSTICAS PRINCIPAIS: 1.200 l\u00famens com alcance de 240 metros 14.400 candelas Tamanho ideal do EDC Opera\u00e7\u00e3o com bot\u00e3o duplo e estrobosc\u00f3pio instant\u00e2neo Ideal para montagem em PDWs Oa Powertac Cadet Gen4 \u00e9 uma luz t\u00e1tica e edc subcompacta. Com apenas 3,57 polegadas de comprimento, esta luz de bolso oferece incr\u00edveis 1.200 l\u00famens em uma \u00fanica [&#8230;]\n","protected":false},"featured_media":40854,"comment_status":"open","ping_status":"closed","template":"","meta":{"_monsterinsights_skip_tracking":false,"_monsterinsights_sitenote_active":false,"_monsterinsights_sitenote_note":"","_monsterinsights_sitenote_category":0},"product_brand":[1518],"product_cat":[1064,1090,829,1145],"product_tag":[193],"class_list":{"0":"post-40848","1":"product","2":"type-product","3":"status-publish","4":"has-post-thumbnail","6":"product_brand-powertac","7":"product_cat-equipamentotatico","8":"product_cat-lanterna","9":"product_cat-marcas","10":"product_cat-powertac","11":"product_tag-lanterna","13":"first","14":"instock","15":"shipping-taxable","16":"purchasable","17":"product-type-variable"},"aioseo_notices":[],"jetpack_sharing_enabled":true,"_links":{"self":[{"href":"https:\/\/milicia-pro.com\/index.php\/wp-json\/wp\/v2\/product\/40848","targetHints":{"allow":["GET"]}}],"collection":[{"href":"https:\/\/milicia-pro.com\/index.php\/wp-json\/wp\/v2\/product"}],"about":[{"href":"https:\/\/milicia-pro.com\/index.php\/wp-json\/wp\/v2\/types\/product"}],"replies":[{"embeddable":true,"href":"https:\/\/milicia-pro.com\/index.php\/wp-json\/wp\/v2\/comments?post=40848"}],"wp:featuredmedia":[{"embeddable":true,"href":"https:\/\/milicia-pro.com\/index.php\/wp-json\/wp\/v2\/media\/40854"}],"wp:attachment":[{"href":"https:\/\/milicia-pro.com\/index.php\/wp-json\/wp\/v2\/media?parent=40848"}],"wp:term":[{"taxonomy":"product_brand","embeddable":true,"href":"https:\/\/milicia-pro.com\/index.php\/wp-json\/wp\/v2\/product_brand?post=40848"},{"taxonomy":"product_cat","embeddable":true,"href":"https:\/\/milicia-pro.com\/index.php\/wp-json\/wp\/v2\/product_cat?post=40848"},{"taxonomy":"product_tag","embeddable":true,"href":"https:\/\/milicia-pro.com\/index.php\/wp-json\/wp\/v2\/product_tag?post=40848"}],"curies":[{"name":"wp","href":"https:\/\/api.w.org\/{rel}","templated":true}]}}