{"id":40821,"date":"2024-05-21T18:07:49","date_gmt":"2024-05-21T18:07:49","guid":{"rendered":"https:\/\/milicia-pro.com\/?post_type=product&#038;p=40821"},"modified":"2026-03-10T12:22:50","modified_gmt":"2026-03-10T12:22:50","slug":"bussola-fox-para-orientacao","status":"publish","type":"product","link":"https:\/\/milicia-pro.com\/index.php\/product\/bussola-fox-para-orientacao\/","title":{"rendered":"B\u00daSSOLA FOX PARA ORIENTA\u00c7\u00c3O"},"content":{"rendered":"<p>Esta b\u00fassola de campo com clin\u00f4metro e n\u00edvel de bolha \u00e9 adequada para estudantes de geologia e passeios geol\u00f3gicos,<\/p>\n<p>O espelho ajust\u00e1vel permite visualizar pontos de refer\u00eancia.<\/p>\n<p>&nbsp;<\/p>\n<ul>\n<li>B\u00fassola de orienta\u00e7\u00e3o simples com tampa e clin\u00f4metro<\/li>\n<li>Mostrador entalhado com corre\u00e7\u00e3o de declina\u00e7\u00e3o ajust\u00e1vel<\/li>\n<li>Escala frontal em 1:50.000 e 1:25.000<\/li>\n<li>Escala lateral em mm e polegadas<\/li>\n<li>Dimens\u00e3o fechada: 10,4 x 6,5 x 1,8 cm<\/li>\n<li>Peso: 74g<\/li>\n<\/ul>\n","protected":false},"excerpt":{"rendered":"<p>Esta b\u00fassola de campo com clin\u00f4metro e n\u00edvel de bolha \u00e9 adequada para estudantes de geologia e passeios geol\u00f3gicos, O espelho ajust\u00e1vel permite visualizar pontos de refer\u00eancia. &nbsp; B\u00fassola de orienta\u00e7\u00e3o simples com tampa e clin\u00f4metro Mostrador entalhado com corre\u00e7\u00e3o de declina\u00e7\u00e3o ajust\u00e1vel Escala frontal em 1:50.000 e 1:25.000 Escala lateral em mm e polegadas [&#8230;]\n","protected":false},"featured_media":40822,"comment_status":"open","ping_status":"closed","template":"","meta":{"_monsterinsights_skip_tracking":false,"_monsterinsights_sitenote_active":false,"_monsterinsights_sitenote_note":"","_monsterinsights_sitenote_category":0},"product_brand":[],"product_cat":[1231,1240,829,1068],"product_tag":[904],"class_list":{"0":"post-40821","1":"product","2":"type-product","3":"status-publish","4":"has-post-thumbnail","6":"product_cat-bussola","7":"product_cat-fox-knives","8":"product_cat-marcas","9":"product_cat-outdoor","10":"product_tag-bussola","12":"first","13":"instock","14":"shipping-taxable","15":"purchasable","16":"product-type-variable"},"aioseo_notices":[],"jetpack_sharing_enabled":true,"_links":{"self":[{"href":"https:\/\/milicia-pro.com\/index.php\/wp-json\/wp\/v2\/product\/40821","targetHints":{"allow":["GET"]}}],"collection":[{"href":"https:\/\/milicia-pro.com\/index.php\/wp-json\/wp\/v2\/product"}],"about":[{"href":"https:\/\/milicia-pro.com\/index.php\/wp-json\/wp\/v2\/types\/product"}],"replies":[{"embeddable":true,"href":"https:\/\/milicia-pro.com\/index.php\/wp-json\/wp\/v2\/comments?post=40821"}],"wp:featuredmedia":[{"embeddable":true,"href":"https:\/\/milicia-pro.com\/index.php\/wp-json\/wp\/v2\/media\/40822"}],"wp:attachment":[{"href":"https:\/\/milicia-pro.com\/index.php\/wp-json\/wp\/v2\/media?parent=40821"}],"wp:term":[{"taxonomy":"product_brand","embeddable":true,"href":"https:\/\/milicia-pro.com\/index.php\/wp-json\/wp\/v2\/product_brand?post=40821"},{"taxonomy":"product_cat","embeddable":true,"href":"https:\/\/milicia-pro.com\/index.php\/wp-json\/wp\/v2\/product_cat?post=40821"},{"taxonomy":"product_tag","embeddable":true,"href":"https:\/\/milicia-pro.com\/index.php\/wp-json\/wp\/v2\/product_tag?post=40821"}],"curies":[{"name":"wp","href":"https:\/\/api.w.org\/{rel}","templated":true}]}}