{"id":40816,"date":"2024-05-21T18:04:22","date_gmt":"2024-05-21T18:04:22","guid":{"rendered":"https:\/\/milicia-pro.com\/?post_type=product&#038;p=40816"},"modified":"2025-07-15T15:40:46","modified_gmt":"2025-07-15T15:40:46","slug":"bussola-fox-com-nivel-e-bolsa","status":"publish","type":"product","link":"https:\/\/milicia-pro.com\/index.php\/product\/bussola-fox-com-nivel-e-bolsa\/","title":{"rendered":"B\u00daSSOLA FOX COM N\u00cdVEL E BOLSA"},"content":{"rendered":"<p>Esta B\u00fassola \u00e9 verdadeiramente \u00fanica. Incrivelmente precisa e leg\u00edvel com 5cm de di\u00e2metro. Possui recursos interessantes, como um n\u00edvel de bolha projetada para transmitir o senso de dire\u00e7\u00e3o mais preciso. Carregado com uma tonelada de op\u00e7\u00f5es ricas para ajudar qualquer n\u00edvel de sobreviv\u00eancia.<\/p>\n","protected":false},"excerpt":{"rendered":"<p>Esta B\u00fassola \u00e9 verdadeiramente \u00fanica. Incrivelmente precisa e leg\u00edvel com 5cm de di\u00e2metro. Possui recursos interessantes, como um n\u00edvel de bolha projetada para transmitir o senso de dire\u00e7\u00e3o mais preciso. Carregado com uma tonelada de op\u00e7\u00f5es ricas para ajudar qualquer n\u00edvel de sobreviv\u00eancia.<\/p>\n","protected":false},"featured_media":40817,"comment_status":"open","ping_status":"closed","template":"","meta":{"_monsterinsights_skip_tracking":false,"_monsterinsights_sitenote_active":false,"_monsterinsights_sitenote_note":"","_monsterinsights_sitenote_category":0},"product_brand":[],"product_cat":[1231,1068],"product_tag":[904],"class_list":{"0":"post-40816","1":"product","2":"type-product","3":"status-publish","4":"has-post-thumbnail","6":"product_cat-bussola","7":"product_cat-outdoor","8":"product_tag-bussola","10":"first","11":"instock","12":"shipping-taxable","13":"purchasable","14":"product-type-variable"},"aioseo_notices":[],"jetpack_sharing_enabled":true,"_links":{"self":[{"href":"https:\/\/milicia-pro.com\/index.php\/wp-json\/wp\/v2\/product\/40816","targetHints":{"allow":["GET"]}}],"collection":[{"href":"https:\/\/milicia-pro.com\/index.php\/wp-json\/wp\/v2\/product"}],"about":[{"href":"https:\/\/milicia-pro.com\/index.php\/wp-json\/wp\/v2\/types\/product"}],"replies":[{"embeddable":true,"href":"https:\/\/milicia-pro.com\/index.php\/wp-json\/wp\/v2\/comments?post=40816"}],"wp:featuredmedia":[{"embeddable":true,"href":"https:\/\/milicia-pro.com\/index.php\/wp-json\/wp\/v2\/media\/40817"}],"wp:attachment":[{"href":"https:\/\/milicia-pro.com\/index.php\/wp-json\/wp\/v2\/media?parent=40816"}],"wp:term":[{"taxonomy":"product_brand","embeddable":true,"href":"https:\/\/milicia-pro.com\/index.php\/wp-json\/wp\/v2\/product_brand?post=40816"},{"taxonomy":"product_cat","embeddable":true,"href":"https:\/\/milicia-pro.com\/index.php\/wp-json\/wp\/v2\/product_cat?post=40816"},{"taxonomy":"product_tag","embeddable":true,"href":"https:\/\/milicia-pro.com\/index.php\/wp-json\/wp\/v2\/product_tag?post=40816"}],"curies":[{"name":"wp","href":"https:\/\/api.w.org\/{rel}","templated":true}]}}