{"id":40811,"date":"2024-05-21T18:00:09","date_gmt":"2024-05-21T18:00:09","guid":{"rendered":"https:\/\/milicia-pro.com\/?post_type=product&#038;p=40811"},"modified":"2026-02-11T18:49:07","modified_gmt":"2026-02-11T18:49:07","slug":"bussola-militar","status":"publish","type":"product","link":"https:\/\/milicia-pro.com\/index.php\/product\/bussola-militar\/","title":{"rendered":"B\u00daSSOLA MILITAR"},"content":{"rendered":"<p>A B\u00fassola Compass Bail Militar da Fox \u00e9 de a\u00e7o inoxid\u00e1vel, com robustez e de qualidade, constru\u00edda para durar.<\/p>\n<p>Peso &#8211; 110gr<\/p>\n<p>Largura de envio \u2013 6cm<\/p>\n<p>Altura de envio \u2013 3cm<\/p>\n<p>Comprimento do envio \u2013 8cm<\/p>\n<p>&nbsp;<\/p>\n","protected":false},"excerpt":{"rendered":"<p>A B\u00fassola Compass Bail Militar da Fox \u00e9 de a\u00e7o inoxid\u00e1vel, com robustez e de qualidade, constru\u00edda para durar. Peso &#8211; 110gr Largura de envio \u2013 6cm Altura de envio \u2013 3cm Comprimento do envio \u2013 8cm &nbsp;<\/p>\n","protected":false},"featured_media":40812,"comment_status":"open","ping_status":"closed","template":"","meta":{"_monsterinsights_skip_tracking":false,"_monsterinsights_sitenote_active":false,"_monsterinsights_sitenote_note":"","_monsterinsights_sitenote_category":0},"product_brand":[1510],"product_cat":[1231,1240,1068],"product_tag":[904],"class_list":{"0":"post-40811","1":"product","2":"type-product","3":"status-publish","4":"has-post-thumbnail","6":"product_brand-fox-knives","7":"product_cat-bussola","8":"product_cat-fox-knives","9":"product_cat-outdoor","10":"product_tag-bussola","12":"first","13":"instock","14":"shipping-taxable","15":"purchasable","16":"product-type-variable"},"aioseo_notices":[],"jetpack_sharing_enabled":true,"_links":{"self":[{"href":"https:\/\/milicia-pro.com\/index.php\/wp-json\/wp\/v2\/product\/40811","targetHints":{"allow":["GET"]}}],"collection":[{"href":"https:\/\/milicia-pro.com\/index.php\/wp-json\/wp\/v2\/product"}],"about":[{"href":"https:\/\/milicia-pro.com\/index.php\/wp-json\/wp\/v2\/types\/product"}],"replies":[{"embeddable":true,"href":"https:\/\/milicia-pro.com\/index.php\/wp-json\/wp\/v2\/comments?post=40811"}],"wp:featuredmedia":[{"embeddable":true,"href":"https:\/\/milicia-pro.com\/index.php\/wp-json\/wp\/v2\/media\/40812"}],"wp:attachment":[{"href":"https:\/\/milicia-pro.com\/index.php\/wp-json\/wp\/v2\/media?parent=40811"}],"wp:term":[{"taxonomy":"product_brand","embeddable":true,"href":"https:\/\/milicia-pro.com\/index.php\/wp-json\/wp\/v2\/product_brand?post=40811"},{"taxonomy":"product_cat","embeddable":true,"href":"https:\/\/milicia-pro.com\/index.php\/wp-json\/wp\/v2\/product_cat?post=40811"},{"taxonomy":"product_tag","embeddable":true,"href":"https:\/\/milicia-pro.com\/index.php\/wp-json\/wp\/v2\/product_tag?post=40811"}],"curies":[{"name":"wp","href":"https:\/\/api.w.org\/{rel}","templated":true}]}}