{"id":40776,"date":"2024-05-21T17:17:47","date_gmt":"2024-05-21T17:17:47","guid":{"rendered":"https:\/\/milicia-pro.com\/?post_type=product&#038;p=40776"},"modified":"2026-01-26T17:16:47","modified_gmt":"2026-01-26T17:16:47","slug":"canivete-od-green-acutus-fox","status":"publish","type":"product","link":"https:\/\/milicia-pro.com\/index.php\/product\/canivete-od-green-acutus-fox\/","title":{"rendered":"CANIVETE ACUTUS FOX"},"content":{"rendered":"<p>O Canivete Acutus \u00e9 a vers\u00e3o EDC para quem prefere propor\u00e7\u00f5es diferentes: l\u00e2minas mais largas que exige um corte profundo. Existe em duas vers\u00f5es, com abertura de l\u00e2mina fliper r\u00e1pido, com o dedo indicador, em revestimento D2 preto stone wash, cabo G10 e equipado com um clipe que permite f\u00e1cil transporte. Pode ser usado por destros e canhotos.<\/p>\n<p><u>L\u00e2mina<\/u>: tipo ponta de gota com l\u00e2mina larga, revestida com m\u00e1scara de riscos e revestimento PTFE antirreflexo.<\/p>\n<p><u>Al\u00e7a<\/u>: al\u00e7as em G10, um pl\u00e1stico praticamente indestrut\u00edvel, insens\u00edvel \u00e0s intemp\u00e9ries, resistente a produtos qu\u00edmicos e danos mec\u00e2nicos. O s\u00f3lido backspacer garante a rigidez e resist\u00eancia de toda a estrutura. Eixo piv\u00f4 decorado com anel prateado. Um clipe de transporte profundo de posi\u00e7\u00e3o \u00fanica (direita) permite que a faca seja transportada na posi\u00e7\u00e3o inclinada para cima com a ponta da l\u00e2mina para cima.<\/p>\n<ul>\n<li>A\u00e7o da l\u00e2mina: D2 PTFE preto<\/li>\n<li>Dureza: HRC 58-60<\/li>\n<li>Moagem da l\u00e2mina: Plana<\/li>\n<li>Mecanismo de piv\u00f4: Arruelas<\/li>\n<li>Mecanismo de travamento: Liner Lock<\/li>\n<li>M\u00e9todo de abertura: Manuel, Flipper<\/li>\n<li>Revestimento da l\u00e2mina: PTFE preto<\/li>\n<li>Al\u00e7a: G10<\/li>\n<li>Clipe: A\u00e7o inoxid\u00e1vel PTFE preto<\/li>\n<li>Espa\u00e7ador: A\u00e7o inoxid\u00e1vel PTFE preto<\/li>\n<li>Parafusos: A\u00e7o inoxid\u00e1vel PTFE preto<\/li>\n<li>Comprimento da l\u00e2mina: 8,2 cm<\/li>\n<li>Comprimento total: 19,6 cm<\/li>\n<li>Espessura da l\u00e2mina: 3,4 mm<\/li>\n<li>Peso: 115 gr<\/li>\n<\/ul>\n","protected":false},"excerpt":{"rendered":"<p>O Canivete Acutus \u00e9 a vers\u00e3o EDC para quem prefere propor\u00e7\u00f5es diferentes: l\u00e2minas mais largas que exige um corte profundo. Existe em duas vers\u00f5es, com abertura de l\u00e2mina fliper r\u00e1pido, com o dedo indicador, em revestimento D2 preto stone wash, cabo G10 e equipado com um clipe que permite f\u00e1cil transporte. Pode ser usado por [&#8230;]\n","protected":false},"featured_media":40778,"comment_status":"open","ping_status":"closed","template":"","meta":{"_monsterinsights_skip_tracking":false,"_monsterinsights_sitenote_active":false,"_monsterinsights_sitenote_note":"","_monsterinsights_sitenote_category":0},"product_brand":[],"product_cat":[1065,1240,829,1098],"product_tag":[98,912,147,225],"class_list":{"0":"post-40776","1":"product","2":"type-product","3":"status-publish","4":"has-post-thumbnail","6":"product_cat-cutelariaferramentas","7":"product_cat-fox-knives","8":"product_cat-marcas","9":"product_cat-navalha","10":"product_tag-canivete","11":"product_tag-cutelaria","12":"product_tag-faca","13":"product_tag-navalha","15":"first","16":"instock","17":"shipping-taxable","18":"purchasable","19":"product-type-variable"},"aioseo_notices":[],"jetpack_sharing_enabled":true,"_links":{"self":[{"href":"https:\/\/milicia-pro.com\/index.php\/wp-json\/wp\/v2\/product\/40776","targetHints":{"allow":["GET"]}}],"collection":[{"href":"https:\/\/milicia-pro.com\/index.php\/wp-json\/wp\/v2\/product"}],"about":[{"href":"https:\/\/milicia-pro.com\/index.php\/wp-json\/wp\/v2\/types\/product"}],"replies":[{"embeddable":true,"href":"https:\/\/milicia-pro.com\/index.php\/wp-json\/wp\/v2\/comments?post=40776"}],"wp:featuredmedia":[{"embeddable":true,"href":"https:\/\/milicia-pro.com\/index.php\/wp-json\/wp\/v2\/media\/40778"}],"wp:attachment":[{"href":"https:\/\/milicia-pro.com\/index.php\/wp-json\/wp\/v2\/media?parent=40776"}],"wp:term":[{"taxonomy":"product_brand","embeddable":true,"href":"https:\/\/milicia-pro.com\/index.php\/wp-json\/wp\/v2\/product_brand?post=40776"},{"taxonomy":"product_cat","embeddable":true,"href":"https:\/\/milicia-pro.com\/index.php\/wp-json\/wp\/v2\/product_cat?post=40776"},{"taxonomy":"product_tag","embeddable":true,"href":"https:\/\/milicia-pro.com\/index.php\/wp-json\/wp\/v2\/product_tag?post=40776"}],"curies":[{"name":"wp","href":"https:\/\/api.w.org\/{rel}","templated":true}]}}