{"id":40758,"date":"2024-05-20T21:28:22","date_gmt":"2024-05-20T21:28:22","guid":{"rendered":"https:\/\/milicia-pro.com\/?post_type=product&#038;p=40758"},"modified":"2025-12-16T18:03:53","modified_gmt":"2025-12-16T18:03:53","slug":"canivete-sailing-fox","status":"publish","type":"product","link":"https:\/\/milicia-pro.com\/index.php\/product\/canivete-sailing-fox\/","title":{"rendered":"CANIVETE SAILING FOX"},"content":{"rendered":"<p>Canivete de marinheiro BlackFox de 70mm com serra para corte de mat\u00e9rias duros. Chave de manilha (chave de marinheiro) para afrouxar\/apertar manilhas. Espeto marechal para desembara\u00e7ar n\u00f3s apertados, fazer emendas em cordas, suporte de linhas. Esta faca \u00e9 ideal para uma variedade de desportos aqu\u00e1ticos. Tem 3 ferramentas e 5 fun\u00e7\u00f5es.<\/p>\n<p>L\u00e2mina fabricada em a\u00e7o inox 420 resistente \u00e0 corros\u00e3o, utilizada na fabrica\u00e7\u00e3o de facas em contato com \u00e1gua ou humidade. A l\u00e2mina \u00e9 totalmente plana. A faca abre com um corte de prego, entalhes na l\u00e2mina.<\/p>\n<p>Borda combinada- parcialmente serrilhada, uma combina\u00e7\u00e3o de uma l\u00e2mina serrilhada para corte agressivo de mat\u00e9rias duros, pl\u00e1sticos e uma l\u00e2mina lisa cl\u00e1ssica para cortes precisos. A l\u00e2mina Combo consiste num dente e dois pequenos alternados, os chamados dois dentes. Este padr\u00e3o aumenta o comprimento da aresta de corte em at\u00e9 24% em compara\u00e7\u00e3o com uma l\u00e2mina reta.<\/p>\n<p>Al\u00e7a \u2013 coberta com forros de a\u00e7o inoxid\u00e1vel permite uma pegada segura. Na parte de tr\u00e1s das capas, um porta-corda.Este artigo lista os seus chap\u00e9us favoritos a pre\u00e7os super baixos. http:\/\/www.fakewatch.is Escolha entre entrega no mesmo dia, drive-thru ou recolha.<\/p>\n<p><u>Dados t\u00e9cnicos:<\/u><\/p>\n<ul>\n<li>Tipo de a\u00e7o: AISI 420<\/li>\n<li>Dureza: 54-57 HRC<\/li>\n<li>Comprimento da l\u00e2mina: 70mmm<\/li>\n<li>Espessura da l\u00e2mina: 2,5mm<\/li>\n<li>Comprimento total: 180mmm<\/li>\n<li>Peso: 165gr<\/li>\n<li>Tipo de ponta: Combo<\/li>\n<li>Tipo de l\u00e2mina: P\u00e9 de carneiro<\/li>\n<li>Tipo de bloqueio: SlipJoint<\/li>\n<li>Tipo de al\u00e7a: A\u00e7o inoxid\u00e1vel<\/li>\n<li>Fabricante: Cutelaria Fox, It\u00e1lia<\/li>\n<\/ul>\n","protected":false},"excerpt":{"rendered":"<p>Canivete de marinheiro BlackFox de 70mm com serra para corte de mat\u00e9rias duros. Chave de manilha (chave de marinheiro) para afrouxar\/apertar manilhas. Espeto marechal para desembara\u00e7ar n\u00f3s apertados, fazer emendas em cordas, suporte de linhas. Esta faca \u00e9 ideal para uma variedade de desportos aqu\u00e1ticos. Tem 3 ferramentas e 5 fun\u00e7\u00f5es. L\u00e2mina fabricada em a\u00e7o [&#8230;]\n","protected":false},"featured_media":40759,"comment_status":"open","ping_status":"closed","template":"","meta":{"_monsterinsights_skip_tracking":false,"_monsterinsights_sitenote_active":false,"_monsterinsights_sitenote_note":"","_monsterinsights_sitenote_category":0},"product_brand":[],"product_cat":[1065,1240,829,1098],"product_tag":[98,912,225],"class_list":{"0":"post-40758","1":"product","2":"type-product","3":"status-publish","4":"has-post-thumbnail","6":"product_cat-cutelariaferramentas","7":"product_cat-fox-knives","8":"product_cat-marcas","9":"product_cat-navalha","10":"product_tag-canivete","11":"product_tag-cutelaria","12":"product_tag-navalha","14":"first","15":"instock","16":"shipping-taxable","17":"purchasable","18":"product-type-variable"},"aioseo_notices":[],"jetpack_sharing_enabled":true,"_links":{"self":[{"href":"https:\/\/milicia-pro.com\/index.php\/wp-json\/wp\/v2\/product\/40758","targetHints":{"allow":["GET"]}}],"collection":[{"href":"https:\/\/milicia-pro.com\/index.php\/wp-json\/wp\/v2\/product"}],"about":[{"href":"https:\/\/milicia-pro.com\/index.php\/wp-json\/wp\/v2\/types\/product"}],"replies":[{"embeddable":true,"href":"https:\/\/milicia-pro.com\/index.php\/wp-json\/wp\/v2\/comments?post=40758"}],"wp:featuredmedia":[{"embeddable":true,"href":"https:\/\/milicia-pro.com\/index.php\/wp-json\/wp\/v2\/media\/40759"}],"wp:attachment":[{"href":"https:\/\/milicia-pro.com\/index.php\/wp-json\/wp\/v2\/media?parent=40758"}],"wp:term":[{"taxonomy":"product_brand","embeddable":true,"href":"https:\/\/milicia-pro.com\/index.php\/wp-json\/wp\/v2\/product_brand?post=40758"},{"taxonomy":"product_cat","embeddable":true,"href":"https:\/\/milicia-pro.com\/index.php\/wp-json\/wp\/v2\/product_cat?post=40758"},{"taxonomy":"product_tag","embeddable":true,"href":"https:\/\/milicia-pro.com\/index.php\/wp-json\/wp\/v2\/product_tag?post=40758"}],"curies":[{"name":"wp","href":"https:\/\/api.w.org\/{rel}","templated":true}]}}