{"id":40743,"date":"2024-05-20T21:22:52","date_gmt":"2024-05-20T21:22:52","guid":{"rendered":"https:\/\/milicia-pro.com\/?post_type=product&#038;p=40743"},"modified":"2026-01-14T14:58:43","modified_gmt":"2026-01-14T14:58:43","slug":"alicate-fox-resilince","status":"publish","type":"product","link":"https:\/\/milicia-pro.com\/index.php\/product\/alicate-fox-resilince\/","title":{"rendered":"ALICATE FOX RESILINCE"},"content":{"rendered":"<div style=\"width: 1020px;\" class=\"wp-video\"><video class=\"wp-video-shortcode\" id=\"video-40743-1\" width=\"1020\" height=\"574\" preload=\"metadata\" controls=\"controls\"><source type=\"video\/mp4\" src=\"https:\/\/milicia-pro.com\/wp-content\/uploads\/2024\/05\/BlackFox-Resilience-1.mp4?_=1\" \/><a href=\"https:\/\/milicia-pro.com\/wp-content\/uploads\/2024\/05\/BlackFox-Resilience-1.mp4\">https:\/\/milicia-pro.com\/wp-content\/uploads\/2024\/05\/BlackFox-Resilience-1.mp4<\/a><\/video><\/div>\n<p>Este Alicate BlackFox Resilience tem 12 fun\u00e7\u00f5es. \u00c9 uma multiferramenta dur\u00e1vel e de tamanho completo. Com revestimento fosco e n\u00e3o refletivo de Deposi\u00e7\u00e3o F\u00edsica de Vapor (PVD) que consiste na deposi\u00e7\u00e3o de finas camadas da fase gasosa. O m\u00e9todo de revestimento envolve um processo puramente f\u00edsico, como a evapora\u00e7\u00e3o a alta temperatura no v\u00e1cuo seguida de condensa\u00e7\u00e3o. O revestimento aplicado possui uma dureza muito elevada que aumenta significativamente a resist\u00eancia da l\u00e2mina \u00e0 ferrugem e ao desgaste abrasivo. Elemento indispens\u00e1vel do equipamento individual de cada policial, soldado, param\u00e9dico, bombeiro. Gra\u00e7as ao estojo, voc\u00ea poder\u00e1 t\u00ea-lo sempre \u00e0 m\u00e3o durante o servi\u00e7o, no campo de tiro, no trabalho, em casa, no jardim\u2026<\/p>\n","protected":false},"excerpt":{"rendered":"<p>Este Alicate BlackFox Resilience tem 12 fun\u00e7\u00f5es. \u00c9 uma multiferramenta dur\u00e1vel e de tamanho completo. Com revestimento fosco e n\u00e3o refletivo de Deposi\u00e7\u00e3o F\u00edsica de Vapor (PVD) que consiste na deposi\u00e7\u00e3o de finas camadas da fase gasosa. O m\u00e9todo de revestimento envolve um processo puramente f\u00edsico, como a evapora\u00e7\u00e3o a alta temperatura no v\u00e1cuo seguida [&#8230;]\n","protected":false},"featured_media":40745,"comment_status":"open","ping_status":"closed","template":"","meta":{"_monsterinsights_skip_tracking":false,"_monsterinsights_sitenote_active":false,"_monsterinsights_sitenote_note":"","_monsterinsights_sitenote_category":0},"product_brand":[],"product_cat":[1101,1065,1240,829],"product_tag":[60,912,224],"class_list":{"0":"post-40743","1":"product","2":"type-product","3":"status-publish","4":"has-post-thumbnail","6":"product_cat-alicate-multifuncoes","7":"product_cat-cutelariaferramentas","8":"product_cat-fox-knives","9":"product_cat-marcas","10":"product_tag-alicate","11":"product_tag-cutelaria","12":"product_tag-multifuncoes","14":"first","15":"instock","16":"shipping-taxable","17":"purchasable","18":"product-type-variable"},"aioseo_notices":[],"jetpack_sharing_enabled":true,"_links":{"self":[{"href":"https:\/\/milicia-pro.com\/index.php\/wp-json\/wp\/v2\/product\/40743","targetHints":{"allow":["GET"]}}],"collection":[{"href":"https:\/\/milicia-pro.com\/index.php\/wp-json\/wp\/v2\/product"}],"about":[{"href":"https:\/\/milicia-pro.com\/index.php\/wp-json\/wp\/v2\/types\/product"}],"replies":[{"embeddable":true,"href":"https:\/\/milicia-pro.com\/index.php\/wp-json\/wp\/v2\/comments?post=40743"}],"wp:featuredmedia":[{"embeddable":true,"href":"https:\/\/milicia-pro.com\/index.php\/wp-json\/wp\/v2\/media\/40745"}],"wp:attachment":[{"href":"https:\/\/milicia-pro.com\/index.php\/wp-json\/wp\/v2\/media?parent=40743"}],"wp:term":[{"taxonomy":"product_brand","embeddable":true,"href":"https:\/\/milicia-pro.com\/index.php\/wp-json\/wp\/v2\/product_brand?post=40743"},{"taxonomy":"product_cat","embeddable":true,"href":"https:\/\/milicia-pro.com\/index.php\/wp-json\/wp\/v2\/product_cat?post=40743"},{"taxonomy":"product_tag","embeddable":true,"href":"https:\/\/milicia-pro.com\/index.php\/wp-json\/wp\/v2\/product_tag?post=40743"}],"curies":[{"name":"wp","href":"https:\/\/api.w.org\/{rel}","templated":true}]}}