{"id":40735,"date":"2024-05-20T21:17:56","date_gmt":"2024-05-20T21:17:56","guid":{"rendered":"https:\/\/milicia-pro.com\/?post_type=product&#038;p=40735"},"modified":"2026-02-18T14:33:57","modified_gmt":"2026-02-18T14:33:57","slug":"alicate-fox-endurance","status":"publish","type":"product","link":"https:\/\/milicia-pro.com\/index.php\/product\/alicate-fox-endurance\/","title":{"rendered":"ALICATE FOX ENDURANCE"},"content":{"rendered":"<p>Multiferramenta dur\u00e1vel e de tamanho grande da marca italiana BlackFox. Um equipamento individual essencial para cada policial, soldado, param\u00e9dico, bombeiro. Gra\u00e7as ao estojo voc\u00ea pode t\u00ea-lo sempre \u00e0 m\u00e3o durante o servi\u00e7o, no campo de tiro, no trabalho, em casa, no jardim\u2026<\/p>\n<p>&nbsp;<\/p>\n<p>A\u00e7o da l\u00e2mina: inoxid\u00e1vel 420<\/p>\n<p>Dureza: HRC 55-57<\/p>\n<p>Revestimento da l\u00e2mina: cetim Cabo, a\u00e7o inoxid\u00e1vel 420<\/p>\n<p>Bainha: Nylon<\/p>\n<p>Comprimento de l\u00e2mina: 8cm<\/p>\n<p>Espessura da l\u00e2mina: 1,5mm<\/p>\n<p>Peso: 265gr<\/p>\n","protected":false},"excerpt":{"rendered":"<p>Multiferramenta dur\u00e1vel e de tamanho grande da marca italiana BlackFox. Um equipamento individual essencial para cada policial, soldado, param\u00e9dico, bombeiro. Gra\u00e7as ao estojo voc\u00ea pode t\u00ea-lo sempre \u00e0 m\u00e3o durante o servi\u00e7o, no campo de tiro, no trabalho, em casa, no jardim\u2026 &nbsp; A\u00e7o da l\u00e2mina: inoxid\u00e1vel 420 Dureza: HRC 55-57 Revestimento da l\u00e2mina: cetim [&#8230;]\n","protected":false},"featured_media":40737,"comment_status":"open","ping_status":"closed","template":"","meta":{"_monsterinsights_skip_tracking":false,"_monsterinsights_sitenote_active":false,"_monsterinsights_sitenote_note":"","_monsterinsights_sitenote_category":0},"product_brand":[],"product_cat":[1101,1065],"product_tag":[60,912,224],"class_list":{"0":"post-40735","1":"product","2":"type-product","3":"status-publish","4":"has-post-thumbnail","6":"product_cat-alicate-multifuncoes","7":"product_cat-cutelariaferramentas","8":"product_tag-alicate","9":"product_tag-cutelaria","10":"product_tag-multifuncoes","12":"first","13":"instock","14":"shipping-taxable","15":"purchasable","16":"product-type-variable"},"aioseo_notices":[],"jetpack_sharing_enabled":true,"_links":{"self":[{"href":"https:\/\/milicia-pro.com\/index.php\/wp-json\/wp\/v2\/product\/40735","targetHints":{"allow":["GET"]}}],"collection":[{"href":"https:\/\/milicia-pro.com\/index.php\/wp-json\/wp\/v2\/product"}],"about":[{"href":"https:\/\/milicia-pro.com\/index.php\/wp-json\/wp\/v2\/types\/product"}],"replies":[{"embeddable":true,"href":"https:\/\/milicia-pro.com\/index.php\/wp-json\/wp\/v2\/comments?post=40735"}],"wp:featuredmedia":[{"embeddable":true,"href":"https:\/\/milicia-pro.com\/index.php\/wp-json\/wp\/v2\/media\/40737"}],"wp:attachment":[{"href":"https:\/\/milicia-pro.com\/index.php\/wp-json\/wp\/v2\/media?parent=40735"}],"wp:term":[{"taxonomy":"product_brand","embeddable":true,"href":"https:\/\/milicia-pro.com\/index.php\/wp-json\/wp\/v2\/product_brand?post=40735"},{"taxonomy":"product_cat","embeddable":true,"href":"https:\/\/milicia-pro.com\/index.php\/wp-json\/wp\/v2\/product_cat?post=40735"},{"taxonomy":"product_tag","embeddable":true,"href":"https:\/\/milicia-pro.com\/index.php\/wp-json\/wp\/v2\/product_tag?post=40735"}],"curies":[{"name":"wp","href":"https:\/\/api.w.org\/{rel}","templated":true}]}}