{"id":40726,"date":"2024-05-20T21:12:20","date_gmt":"2024-05-20T21:12:20","guid":{"rendered":"https:\/\/milicia-pro.com\/?post_type=product&#038;p=40726"},"modified":"2025-12-15T18:02:38","modified_gmt":"2025-12-15T18:02:38","slug":"alicate-multi-funcoes-fox-endurance","status":"publish","type":"product","link":"https:\/\/milicia-pro.com\/index.php\/product\/alicate-multi-funcoes-fox-endurance\/","title":{"rendered":"ALICATE MULTI FUN\u00c7\u00d5ES FOX ENDURANCE"},"content":{"rendered":"<p>O alicate Multi Fun\u00e7\u00f5es \u00e9 uma multiferramenta de tamanho normal BlackFox. Revestido em tit\u00e2nio fosco, utilizado em multiferramentas para servi\u00e7os uniformizados. \u00c9 um elemento indispens\u00e1vel do equipamento individual de cada policial, soldado, param\u00e9dico, bombeiro. Gra\u00e7as ao estojo, poder\u00e1 ter sempre \u00e0 m\u00e3o durante o servi\u00e7o, no campo de tiro, no trabalho, em casa, no jardim\u2026<\/p>\n<p>Bra\u00e7os do punho &#8211; a\u00e7o inoxid\u00e1vel. O formato redondo e a aus\u00eancia de arestas vivas garantem uma ader\u00eancia firme e confort\u00e1vel. Cada um dos bra\u00e7os do lado da ferramenta \u00e9 equipado com tampa de seguran\u00e7a, que aumenta o conforto de uso e permite trabalhar com maior press\u00e3o sem risco de les\u00f5es. Para uma utiliza\u00e7\u00e3o segura, cada uma das l\u00e2minas e ferramentas est\u00e1 equipada com uma trava de seguran\u00e7a.<\/p>\n<p>Estojo &#8211; leve, feito de n\u00e1ilon preto. Um coldre fechado com uma trava Prym protege bem a miltitool contra quedas. Permite que a bainha seja fixada ao M.O.L.L.E. ou transportado no cinto ou equipamento na posi\u00e7\u00e3o horizontal ou vertical.<\/p>\n<p>Multitool est\u00e1 equipado com um conjunto de 13 ferramentas:<\/p>\n<ol>\n<li>Alicate plano de a\u00e7\u00e3o de mola com mola de retorno (empilhador)<\/li>\n<li>Alicate padr\u00e3o de rebote com a\u00e7\u00e3o de mola<\/li>\n<li>Cortador de fio<\/li>\n<li>L\u00e2mina lisa 6,5 \u200b\u200bmm confecionada em a\u00e7o 420 (faca com l\u00e2mina lisa)<\/li>\n<li>Parafusos de chave hexagonal<\/li>\n<li>Chave de fenda grande<\/li>\n<li>Abridor de garrafas<\/li>\n<li>Lima de madeira (arquivo)<\/li>\n<li>L\u00e2mina serrilhada em a\u00e7o 420<\/li>\n<li>Abridor de latas<\/li>\n<li>Chave de fenda Phillips<\/li>\n<li>Espeto<\/li>\n<li>Serra<\/li>\n<\/ol>\n<p>Especifica\u00e7\u00e3o t\u00e9cnica:<\/p>\n<ul>\n<li>N\u00famero de fun\u00e7\u00f5es: 13<\/li>\n<li>Comprimento total: 175,0 mm<\/li>\n<li>Comprimento dobrado: 110,0 mm<\/li>\n<li>Peso: 258,0 g<\/li>\n<li>Material do cabo: A\u00e7o Inoxid\u00e1vel<\/li>\n<li>Bainha: N\u00e1ilon<\/li>\n<li>Produtor: FOX Cutlery, It\u00e1lia<\/li>\n<\/ul>\n","protected":false},"excerpt":{"rendered":"<p>O alicate Multi Fun\u00e7\u00f5es \u00e9 uma multiferramenta de tamanho normal BlackFox. Revestido em tit\u00e2nio fosco, utilizado em multiferramentas para servi\u00e7os uniformizados. \u00c9 um elemento indispens\u00e1vel do equipamento individual de cada policial, soldado, param\u00e9dico, bombeiro. Gra\u00e7as ao estojo, poder\u00e1 ter sempre \u00e0 m\u00e3o durante o servi\u00e7o, no campo de tiro, no trabalho, em casa, no jardim\u2026 [&#8230;]\n","protected":false},"featured_media":40728,"comment_status":"open","ping_status":"closed","template":"","meta":{"_monsterinsights_skip_tracking":false,"_monsterinsights_sitenote_active":false,"_monsterinsights_sitenote_note":"","_monsterinsights_sitenote_category":0},"product_brand":[],"product_cat":[1101,1065,1240,829],"product_tag":[60,912,224],"class_list":{"0":"post-40726","1":"product","2":"type-product","3":"status-publish","4":"has-post-thumbnail","6":"product_cat-alicate-multifuncoes","7":"product_cat-cutelariaferramentas","8":"product_cat-fox-knives","9":"product_cat-marcas","10":"product_tag-alicate","11":"product_tag-cutelaria","12":"product_tag-multifuncoes","14":"first","15":"instock","16":"shipping-taxable","17":"purchasable","18":"product-type-variable"},"aioseo_notices":[],"jetpack_sharing_enabled":true,"_links":{"self":[{"href":"https:\/\/milicia-pro.com\/index.php\/wp-json\/wp\/v2\/product\/40726","targetHints":{"allow":["GET"]}}],"collection":[{"href":"https:\/\/milicia-pro.com\/index.php\/wp-json\/wp\/v2\/product"}],"about":[{"href":"https:\/\/milicia-pro.com\/index.php\/wp-json\/wp\/v2\/types\/product"}],"replies":[{"embeddable":true,"href":"https:\/\/milicia-pro.com\/index.php\/wp-json\/wp\/v2\/comments?post=40726"}],"wp:featuredmedia":[{"embeddable":true,"href":"https:\/\/milicia-pro.com\/index.php\/wp-json\/wp\/v2\/media\/40728"}],"wp:attachment":[{"href":"https:\/\/milicia-pro.com\/index.php\/wp-json\/wp\/v2\/media?parent=40726"}],"wp:term":[{"taxonomy":"product_brand","embeddable":true,"href":"https:\/\/milicia-pro.com\/index.php\/wp-json\/wp\/v2\/product_brand?post=40726"},{"taxonomy":"product_cat","embeddable":true,"href":"https:\/\/milicia-pro.com\/index.php\/wp-json\/wp\/v2\/product_cat?post=40726"},{"taxonomy":"product_tag","embeddable":true,"href":"https:\/\/milicia-pro.com\/index.php\/wp-json\/wp\/v2\/product_tag?post=40726"}],"curies":[{"name":"wp","href":"https:\/\/api.w.org\/{rel}","templated":true}]}}