{"id":40720,"date":"2024-05-20T21:06:05","date_gmt":"2024-05-20T21:06:05","guid":{"rendered":"https:\/\/milicia-pro.com\/?post_type=product&#038;p=40720"},"modified":"2025-09-12T10:21:09","modified_gmt":"2025-09-12T10:21:09","slug":"canivete-fox","status":"publish","type":"product","link":"https:\/\/milicia-pro.com\/index.php\/product\/canivete-fox\/","title":{"rendered":"CANIVETE FOX"},"content":{"rendered":"<p>Navalha T\u00e1tica italiana BLACKFOX BF-105. L\u00e2mina \u00e9 de a\u00e7o inoxid\u00e1vel 440 e dureza 55\/57 HRC. A empunhadura esta composta por forros de a\u00e7o e cachas do material G-10. Disp\u00f5e de um orif\u00edcio na empunhadura para um cord\u00e3o, orif\u00edcio na lamina para facilitar a abertura com o dedo polegar e sistema de bloqueio &#8220;Lockback&#8221;.<\/p>\n<p>&nbsp;<\/p>\n<p><em><strong><u>Caracter\u00edsticas<\/u><\/strong><\/em><\/p>\n<p>L\u00e2mina de a\u00e7o 440A &#8211; 55\/57 HRC<\/p>\n<p>Material do cabo: G-10<br \/>\nComprimento da l\u00e2mina: 8cm<br \/>\nComprimento total: 19.5cm<br \/>\nEspessura da l\u00e2mina: 3mm<br \/>\nPeso: 125gr<\/p>\n","protected":false},"excerpt":{"rendered":"<p>Navalha T\u00e1tica italiana BLACKFOX BF-105. L\u00e2mina \u00e9 de a\u00e7o inoxid\u00e1vel 440 e dureza 55\/57 HRC. A empunhadura esta composta por forros de a\u00e7o e cachas do material G-10. Disp\u00f5e de um orif\u00edcio na empunhadura para um cord\u00e3o, orif\u00edcio na lamina para facilitar a abertura com o dedo polegar e sistema de bloqueio &#8220;Lockback&#8221;. &nbsp; Caracter\u00edsticas [&#8230;]\n","protected":false},"featured_media":40722,"comment_status":"open","ping_status":"closed","template":"","meta":{"_monsterinsights_skip_tracking":false,"_monsterinsights_sitenote_active":false,"_monsterinsights_sitenote_note":"","_monsterinsights_sitenote_category":0},"product_brand":[],"product_cat":[1065,1240,829,1098],"product_tag":[98,912,225],"class_list":{"0":"post-40720","1":"product","2":"type-product","3":"status-publish","4":"has-post-thumbnail","6":"product_cat-cutelariaferramentas","7":"product_cat-fox-knives","8":"product_cat-marcas","9":"product_cat-navalha","10":"product_tag-canivete","11":"product_tag-cutelaria","12":"product_tag-navalha","14":"first","15":"instock","16":"shipping-taxable","17":"purchasable","18":"product-type-variable"},"aioseo_notices":[],"jetpack_sharing_enabled":true,"_links":{"self":[{"href":"https:\/\/milicia-pro.com\/index.php\/wp-json\/wp\/v2\/product\/40720","targetHints":{"allow":["GET"]}}],"collection":[{"href":"https:\/\/milicia-pro.com\/index.php\/wp-json\/wp\/v2\/product"}],"about":[{"href":"https:\/\/milicia-pro.com\/index.php\/wp-json\/wp\/v2\/types\/product"}],"replies":[{"embeddable":true,"href":"https:\/\/milicia-pro.com\/index.php\/wp-json\/wp\/v2\/comments?post=40720"}],"wp:featuredmedia":[{"embeddable":true,"href":"https:\/\/milicia-pro.com\/index.php\/wp-json\/wp\/v2\/media\/40722"}],"wp:attachment":[{"href":"https:\/\/milicia-pro.com\/index.php\/wp-json\/wp\/v2\/media?parent=40720"}],"wp:term":[{"taxonomy":"product_brand","embeddable":true,"href":"https:\/\/milicia-pro.com\/index.php\/wp-json\/wp\/v2\/product_brand?post=40720"},{"taxonomy":"product_cat","embeddable":true,"href":"https:\/\/milicia-pro.com\/index.php\/wp-json\/wp\/v2\/product_cat?post=40720"},{"taxonomy":"product_tag","embeddable":true,"href":"https:\/\/milicia-pro.com\/index.php\/wp-json\/wp\/v2\/product_tag?post=40720"}],"curies":[{"name":"wp","href":"https:\/\/api.w.org\/{rel}","templated":true}]}}