{"id":40716,"date":"2024-05-20T21:01:38","date_gmt":"2024-05-20T21:01:38","guid":{"rendered":"https:\/\/milicia-pro.com\/?post_type=product&#038;p=40716"},"modified":"2025-09-12T10:21:57","modified_gmt":"2025-09-12T10:21:57","slug":"canivete-serrilhado-fox-com-clip","status":"publish","type":"product","link":"https:\/\/milicia-pro.com\/index.php\/product\/canivete-serrilhado-fox-com-clip\/","title":{"rendered":"CANIVETE SERRILHADO FOX COM CLIP"},"content":{"rendered":"<p>Este canivete de bolso apresenta uma l\u00e2mina serrilhada de a\u00e7o inoxid\u00e1vel 440A de alta qualidade com tratamento de superf\u00edcie em\u00a0<strong><em>\u00a0Tit\u00e2nio Idroglider\u00ae<\/em><\/strong>\u00a0um\u00a0revestimento \u00e0 base de\u00a0<em>PTFE<\/em>\u00a0e<em>\u00a0TIT\u00c2NIO\u00a0<\/em>muito\u00a0resistente \u00e0 abras\u00e3o\u00a0e \u00e0 prova de \u00e1gua\u00a0&#8211; HRC 55\/57 &#8211; Cabo feito de\u00a0<strong><em>\u00a0Zytel\u00a0\u00ae<\/em><\/strong>\u00a0preto \u00a0, uma resina pl\u00e1stica de alto desempenho e durabilidade &#8211; Mosquet\u00e3o &#8211; Sistema Liner Lock &#8211; Comprimento total 16,5cm\u200b\u200b-\u00a0<em>\u00a0Design By Moris Baroni<\/em>\u00a0-Canivete dobr\u00e1vel<em><strong>\u00a0BLACK FOX<\/strong><\/em>\u00a0realmente excecional com materiais de qualidade e um excelente design, qualidade superior em todos os componentes e tamb\u00e9m nos acabamentos.<\/p>\n<table width=\"510\">\n<thead>\n<tr>\n<td colspan=\"2\" width=\"506\"><strong>L\u00c2MINA<\/strong><\/td>\n<\/tr>\n<\/thead>\n<tbody>\n<tr>\n<td>Material da l\u00e2mina<\/td>\n<td width=\"171\">A\u00e7o inoxid\u00e1vel AISI 440A<\/td>\n<\/tr>\n<tr>\n<td>Dureza<\/td>\n<td width=\"171\">CDH 55\/57<\/td>\n<\/tr>\n<tr>\n<td>Grossura<\/td>\n<td width=\"171\">2mm<\/td>\n<\/tr>\n<tr>\n<td>Comprimento da l\u00e2mina<\/td>\n<td width=\"171\">6cm<\/td>\n<\/tr>\n<tr>\n<td>Acabamento<\/td>\n<td width=\"171\">Tit\u00e2nio Idroglider\u00ae<\/td>\n<\/tr>\n<tr>\n<td>Afia\u00e7\u00e3o<\/td>\n<td width=\"171\">Simples &#8211; Serrilhado<\/td>\n<\/tr>\n<tr>\n<td>Trancar<\/td>\n<td width=\"171\">Bloqueio de forro<\/td>\n<\/tr>\n<\/tbody>\n<thead>\n<tr>\n<td colspan=\"2\" width=\"506\"><strong>LIDAR<\/strong><\/td>\n<\/tr>\n<\/thead>\n<tbody>\n<tr>\n<td>Lidar com material<\/td>\n<td width=\"171\">Zytel\u00ae Preto<\/td>\n<\/tr>\n<tr>\n<td>Grampo<\/td>\n<td width=\"171\">Mosquet\u00e3o<\/td>\n<\/tr>\n<\/tbody>\n<thead>\n<tr>\n<td colspan=\"2\" width=\"506\"><strong>DIMENS\u00d5ES<\/strong><\/td>\n<\/tr>\n<\/thead>\n<tbody>\n<tr>\n<td>Comprimento Fechado<\/td>\n<td width=\"171\">10,5cm<\/td>\n<\/tr>\n<tr>\n<td>Comprimento aberto<\/td>\n<td width=\"171\">16,5cm<\/td>\n<\/tr>\n<\/tbody>\n<\/table>\n","protected":false},"excerpt":{"rendered":"<p>Este canivete de bolso apresenta uma l\u00e2mina serrilhada de a\u00e7o inoxid\u00e1vel 440A de alta qualidade com tratamento de superf\u00edcie em\u00a0\u00a0Tit\u00e2nio Idroglider\u00ae\u00a0um\u00a0revestimento \u00e0 base de\u00a0PTFE\u00a0e\u00a0TIT\u00c2NIO\u00a0muito\u00a0resistente \u00e0 abras\u00e3o\u00a0e \u00e0 prova de \u00e1gua\u00a0&#8211; HRC 55\/57 &#8211; Cabo feito de\u00a0\u00a0Zytel\u00a0\u00ae\u00a0preto \u00a0, uma resina pl\u00e1stica de alto desempenho e durabilidade &#8211; Mosquet\u00e3o &#8211; Sistema Liner Lock &#8211; Comprimento total 16,5cm\u200b\u200b-\u00a0\u00a0Design [&#8230;]\n","protected":false},"featured_media":40718,"comment_status":"open","ping_status":"closed","template":"","meta":{"_monsterinsights_skip_tracking":false,"_monsterinsights_sitenote_active":false,"_monsterinsights_sitenote_note":"","_monsterinsights_sitenote_category":0},"product_brand":[],"product_cat":[1065,1240,829,1098],"product_tag":[98,912,147,225],"class_list":{"0":"post-40716","1":"product","2":"type-product","3":"status-publish","4":"has-post-thumbnail","6":"product_cat-cutelariaferramentas","7":"product_cat-fox-knives","8":"product_cat-marcas","9":"product_cat-navalha","10":"product_tag-canivete","11":"product_tag-cutelaria","12":"product_tag-faca","13":"product_tag-navalha","15":"first","16":"instock","17":"shipping-taxable","18":"purchasable","19":"product-type-variable"},"aioseo_notices":[],"jetpack_sharing_enabled":true,"_links":{"self":[{"href":"https:\/\/milicia-pro.com\/index.php\/wp-json\/wp\/v2\/product\/40716","targetHints":{"allow":["GET"]}}],"collection":[{"href":"https:\/\/milicia-pro.com\/index.php\/wp-json\/wp\/v2\/product"}],"about":[{"href":"https:\/\/milicia-pro.com\/index.php\/wp-json\/wp\/v2\/types\/product"}],"replies":[{"embeddable":true,"href":"https:\/\/milicia-pro.com\/index.php\/wp-json\/wp\/v2\/comments?post=40716"}],"wp:featuredmedia":[{"embeddable":true,"href":"https:\/\/milicia-pro.com\/index.php\/wp-json\/wp\/v2\/media\/40718"}],"wp:attachment":[{"href":"https:\/\/milicia-pro.com\/index.php\/wp-json\/wp\/v2\/media?parent=40716"}],"wp:term":[{"taxonomy":"product_brand","embeddable":true,"href":"https:\/\/milicia-pro.com\/index.php\/wp-json\/wp\/v2\/product_brand?post=40716"},{"taxonomy":"product_cat","embeddable":true,"href":"https:\/\/milicia-pro.com\/index.php\/wp-json\/wp\/v2\/product_cat?post=40716"},{"taxonomy":"product_tag","embeddable":true,"href":"https:\/\/milicia-pro.com\/index.php\/wp-json\/wp\/v2\/product_tag?post=40716"}],"curies":[{"name":"wp","href":"https:\/\/api.w.org\/{rel}","templated":true}]}}