{"id":40680,"date":"2024-05-02T18:46:38","date_gmt":"2024-05-02T18:46:38","guid":{"rendered":"https:\/\/milicia-pro.com\/?post_type=product&#038;p=40680"},"modified":"2025-09-12T12:12:46","modified_gmt":"2025-09-12T12:12:46","slug":"repelente-nanofor-100ml-copia","status":"publish","type":"product","link":"https:\/\/milicia-pro.com\/index.php\/product\/repelente-nanofor-100ml-copia\/","title":{"rendered":"REPELENTE NANOFOR 100ML"},"content":{"rendered":"<p>O spray Nanofor\u00ae \u00e9 uma solu\u00e7\u00e3o repelente de insetos, para aplica\u00e7\u00e3o em t\u00eaxteis, superf\u00edcies e pele, com subst\u00e2ncia ativa IR3535\u00ae e efic\u00e1cia potenciada pela tecnologia Sil2U\u00ae. Atrav\u00e9s de part\u00edculas de s\u00edlica, que estabilizam o princ\u00edpio ativo no seu interior, protegendo-o da degrada\u00e7\u00e3o ambiental e aumentando a sua durabilidade em materiais, garantindo efici\u00eancia de repel\u00eancia, proporcionando prote\u00e7\u00e3o elevada e duradora contra mosquitos vetores da Mal\u00e1ria, Dengue, Zika, Chikunginya e outras doen\u00e7as transmitidas por insetos.<\/p>\n<p>Concebido em compromisso com a \u201cResposta Global ao Controlo de Vetores (GVCR) 2017\u20132030\u201d da OMS para prevenir doen\u00e7as e responder a surtos e desenvolvido para alcan\u00e7ar os Objetivos de Desenvolvimento Sustent\u00e1vel e a Cobertura Universal de Sa\u00fade<\/p>\n<p><img loading=\"lazy\" decoding=\"async\" class=\"size-full wp-image-40670 alignleft\" src=\"https:\/\/milicia-pro.com\/wp-content\/uploads\/2024\/05\/LU.NANOF-00.png\" alt=\"\" width=\"154\" height=\"158\" srcset=\"https:\/\/milicia-pro.com\/wp-content\/uploads\/2024\/05\/LU.NANOF-00.png 154w, https:\/\/milicia-pro.com\/wp-content\/uploads\/2024\/05\/LU.NANOF-00-50x50.png 50w\" sizes=\"auto, (max-width: 154px) 100vw, 154px\" \/><\/p>\n<p>As doen\u00e7as transmitidas por vetores representam mais de 17% de todas as doen\u00e7as infeciosas, causando mais de 700 000 mortes anualmente. Eles podem ser causados \u200b\u200b\u200b\u200bpor parasitas, bact\u00e9rias ou v\u00edrus.<\/p>\n<p>&nbsp;<\/p>\n<p>&nbsp;<\/p>\n<p>&nbsp;<\/p>\n<p><img loading=\"lazy\" decoding=\"async\" class=\" wp-image-40671 alignleft\" src=\"https:\/\/milicia-pro.com\/wp-content\/uploads\/2024\/05\/LU.NANOF-000.png\" alt=\"\" width=\"157\" height=\"157\" srcset=\"https:\/\/milicia-pro.com\/wp-content\/uploads\/2024\/05\/LU.NANOF-000.png 174w, https:\/\/milicia-pro.com\/wp-content\/uploads\/2024\/05\/LU.NANOF-000-150x150.png 150w, https:\/\/milicia-pro.com\/wp-content\/uploads\/2024\/05\/LU.NANOF-000-100x100.png 100w, https:\/\/milicia-pro.com\/wp-content\/uploads\/2024\/05\/LU.NANOF-000-50x50.png 50w\" sizes=\"auto, (max-width: 157px) 100vw, 157px\" \/>A mal\u00e1ria \u00e9 uma infe\u00e7\u00e3o parasit\u00e1ria transmitida por mosquitos<\/p>\n<p>Anopheline. Causa cerca de 219 milh\u00f5es de casos em todo o<\/p>\n<p>mundo e resulta em mais de 400.000 mortes todos os anos.<\/p>\n<p>A maioria das mortes ocorre em crian\u00e7as menores de 5 anos.<\/p>\n<p>&nbsp;<\/p>\n<p>&nbsp;<\/p>\n<p><img loading=\"lazy\" decoding=\"async\" class=\" wp-image-40672 alignleft\" src=\"https:\/\/milicia-pro.com\/wp-content\/uploads\/2024\/05\/LU.NANOF-0000.png\" alt=\"\" width=\"158\" height=\"151\" \/><\/p>\n<p>&nbsp;<\/p>\n<p>A dengue \u00e9 a infe\u00e7\u00e3o viral mais prevalente transmitida pelos mosquitos Aedes. Mais de 3,9 mil milh\u00f5es de pessoas em mais de 129 pa\u00edses correm o risco de contrair dengue, com uma estimativa de 96 milh\u00f5es de casos sintom\u00e1ticos e cerca de 40.000 mortes todos os anos.<\/p>\n<p>&nbsp;<\/p>\n<p>&nbsp;<\/p>\n<p>Outras doen\u00e7as virais transmitidas por vetores incluem febre chikungunya, febre do v\u00edrus Zika, febre amarela, febre do Nilo Ocidental, encefalite japonesa (todas transmitidas por mosquitos), encefalite transmitida por carrapatos.<\/p>\n<p><img loading=\"lazy\" decoding=\"async\" class=\" wp-image-40673 alignleft\" src=\"https:\/\/milicia-pro.com\/wp-content\/uploads\/2024\/05\/LU.NANOF-00000.png\" alt=\"\" width=\"163\" height=\"173\" \/><\/p>\n<p>&nbsp;<\/p>\n<p>Muitas das doen\u00e7as transmitidas por vetores s\u00e3o evit\u00e1veis \u200b\u200batrav\u00e9s de medidas de prote\u00e7\u00e3o e da mobiliza\u00e7\u00e3o comunit\u00e1ria, todos os anos.<\/p>\n<p>&nbsp;<\/p>\n<p>&nbsp;<\/p>\n<p>&nbsp;<\/p>\n<p>A redu\u00e7\u00e3o do uso de pesticidas e inseticidas \u00e9 cada vez mais a recomenda\u00e7\u00e3o para o futuro.<\/p>\n<p>Os benef\u00edcios s\u00e3o substanciais na abordagem do clima, da sa\u00fade, da integridade do sistema alimentar, da biodiversidade e de uma s\u00e9rie de outros problemas causados \u200b\u200bpor estes produtos qu\u00edmicos.<\/p>\n<p><img loading=\"lazy\" decoding=\"async\" class=\"wp-image-40675 aligncenter\" src=\"https:\/\/milicia-pro.com\/wp-content\/uploads\/2024\/05\/LU.NANOF-0-1-300x145.png\" alt=\"\" width=\"300\" height=\"145\" srcset=\"https:\/\/milicia-pro.com\/wp-content\/uploads\/2024\/05\/LU.NANOF-0-1-300x145.png 300w, https:\/\/milicia-pro.com\/wp-content\/uploads\/2024\/05\/LU.NANOF-0-1-1024x494.png 1024w, https:\/\/milicia-pro.com\/wp-content\/uploads\/2024\/05\/LU.NANOF-0-1-768x370.png 768w, https:\/\/milicia-pro.com\/wp-content\/uploads\/2024\/05\/LU.NANOF-0-1-510x246.png 510w, https:\/\/milicia-pro.com\/wp-content\/uploads\/2024\/05\/LU.NANOF-0-1.png 1029w\" sizes=\"auto, (max-width: 300px) 100vw, 300px\" \/><\/p>\n<p>&nbsp;<\/p>\n","protected":false},"excerpt":{"rendered":"<p>O spray Nanofor\u00ae \u00e9 uma solu\u00e7\u00e3o repelente de insetos, para aplica\u00e7\u00e3o em t\u00eaxteis, superf\u00edcies e pele, com subst\u00e2ncia ativa IR3535\u00ae e efic\u00e1cia potenciada pela tecnologia Sil2U\u00ae. Atrav\u00e9s de part\u00edculas de s\u00edlica, que estabilizam o princ\u00edpio ativo no seu interior, protegendo-o da degrada\u00e7\u00e3o ambiental e aumentando a sua durabilidade em materiais, garantindo efici\u00eancia de repel\u00eancia, proporcionando [&#8230;]\n","protected":false},"featured_media":40700,"comment_status":"open","ping_status":"closed","template":"","meta":{"_monsterinsights_skip_tracking":false,"_monsterinsights_sitenote_active":false,"_monsterinsights_sitenote_note":"","_monsterinsights_sitenote_category":0},"product_brand":[],"product_cat":[829,982,1068,1074],"product_tag":[737,1237,1236],"class_list":{"0":"post-40680","1":"product","2":"type-product","3":"status-publish","4":"has-post-thumbnail","6":"product_cat-marcas","7":"product_cat-milicia","8":"product_cat-outdoor","9":"product_cat-sobrevivencia","10":"product_tag-mosquitos","11":"product_tag-repelente","12":"product_tag-spray","14":"first","15":"instock","16":"shipping-taxable","17":"purchasable","18":"product-type-variable"},"aioseo_notices":[],"jetpack_sharing_enabled":true,"_links":{"self":[{"href":"https:\/\/milicia-pro.com\/index.php\/wp-json\/wp\/v2\/product\/40680","targetHints":{"allow":["GET"]}}],"collection":[{"href":"https:\/\/milicia-pro.com\/index.php\/wp-json\/wp\/v2\/product"}],"about":[{"href":"https:\/\/milicia-pro.com\/index.php\/wp-json\/wp\/v2\/types\/product"}],"replies":[{"embeddable":true,"href":"https:\/\/milicia-pro.com\/index.php\/wp-json\/wp\/v2\/comments?post=40680"}],"wp:featuredmedia":[{"embeddable":true,"href":"https:\/\/milicia-pro.com\/index.php\/wp-json\/wp\/v2\/media\/40700"}],"wp:attachment":[{"href":"https:\/\/milicia-pro.com\/index.php\/wp-json\/wp\/v2\/media?parent=40680"}],"wp:term":[{"taxonomy":"product_brand","embeddable":true,"href":"https:\/\/milicia-pro.com\/index.php\/wp-json\/wp\/v2\/product_brand?post=40680"},{"taxonomy":"product_cat","embeddable":true,"href":"https:\/\/milicia-pro.com\/index.php\/wp-json\/wp\/v2\/product_cat?post=40680"},{"taxonomy":"product_tag","embeddable":true,"href":"https:\/\/milicia-pro.com\/index.php\/wp-json\/wp\/v2\/product_tag?post=40680"}],"curies":[{"name":"wp","href":"https:\/\/api.w.org\/{rel}","templated":true}]}}