{"id":40584,"date":"2024-02-15T16:01:56","date_gmt":"2024-02-15T16:01:56","guid":{"rendered":"https:\/\/milicia-pro.com\/?post_type=product&#038;p=40584"},"modified":"2025-10-13T09:59:56","modified_gmt":"2025-10-13T09:59:56","slug":"oculos-blackhawk-c-3-lentes-cinzalaranjatransparente","status":"publish","type":"product","link":"https:\/\/milicia-pro.com\/index.php\/product\/oculos-blackhawk-c-3-lentes-cinzalaranjatransparente\/","title":{"rendered":"OCULOS BLACKHAWK C\/3 LENTES CINZA+LARANJA+TRANSPARENTE"},"content":{"rendered":"<p><strong>Informa\u00e7\u00f5es gerais:<\/strong><\/p>\n<ul>\n<li>inclina\u00e7\u00e3o do templo<\/li>\n<li>revestimento anti emba\u00e7ante\/anti riscos<\/li>\n<li>100% prote\u00e7\u00e3o UVA, UVB e UVC<\/li>\n<li>adaptador de clipe remov\u00edvel para vidros (opcional, 62101)<\/li>\n<li>lentes sobressalentes em laranja e transparente<\/li>\n<li>pulseira preta, bolsa e estojo de microfibra<\/li>\n<li>36gr<\/li>\n<\/ul>\n<p>&nbsp;<\/p>\n<p>certificado de acordo com:<\/p>\n<ul>\n<li>EN 12312\u20131<\/li>\n<li>STANAG 2920\/4296<\/li>\n<li>ANSI Z87.1+<\/li>\n<li>EN 166 p\u00e9s<\/li>\n<\/ul>\n","protected":false},"excerpt":{"rendered":"<p>Informa\u00e7\u00f5es gerais: inclina\u00e7\u00e3o do templo revestimento anti emba\u00e7ante\/anti riscos 100% prote\u00e7\u00e3o UVA, UVB e UVC adaptador de clipe remov\u00edvel para vidros (opcional, 62101) lentes sobressalentes em laranja e transparente pulseira preta, bolsa e estojo de microfibra 36gr &nbsp; certificado de acordo com: EN 12312\u20131 STANAG 2920\/4296 ANSI Z87.1+ EN 166 p\u00e9s<\/p>\n","protected":false},"featured_media":40587,"comment_status":"open","ping_status":"closed","template":"","meta":{"_monsterinsights_skip_tracking":false,"_monsterinsights_sitenote_active":false,"_monsterinsights_sitenote_note":"","_monsterinsights_sitenote_category":0},"product_brand":[],"product_cat":[1064,829,1070,1095,1150],"product_tag":[688,513,326],"class_list":{"0":"post-40584","1":"product","2":"type-product","3":"status-publish","4":"has-post-thumbnail","6":"product_cat-equipamentotatico","7":"product_cat-marcas","8":"product_cat-optica","9":"product_cat-oculos","10":"product_cat-swiss-eye","11":"product_tag-oculos","12":"product_tag-protecao","13":"product_tag-tatico","15":"first","16":"instock","17":"shipping-taxable","18":"purchasable","19":"product-type-variable"},"aioseo_notices":[],"jetpack_sharing_enabled":true,"_links":{"self":[{"href":"https:\/\/milicia-pro.com\/index.php\/wp-json\/wp\/v2\/product\/40584","targetHints":{"allow":["GET"]}}],"collection":[{"href":"https:\/\/milicia-pro.com\/index.php\/wp-json\/wp\/v2\/product"}],"about":[{"href":"https:\/\/milicia-pro.com\/index.php\/wp-json\/wp\/v2\/types\/product"}],"replies":[{"embeddable":true,"href":"https:\/\/milicia-pro.com\/index.php\/wp-json\/wp\/v2\/comments?post=40584"}],"wp:featuredmedia":[{"embeddable":true,"href":"https:\/\/milicia-pro.com\/index.php\/wp-json\/wp\/v2\/media\/40587"}],"wp:attachment":[{"href":"https:\/\/milicia-pro.com\/index.php\/wp-json\/wp\/v2\/media?parent=40584"}],"wp:term":[{"taxonomy":"product_brand","embeddable":true,"href":"https:\/\/milicia-pro.com\/index.php\/wp-json\/wp\/v2\/product_brand?post=40584"},{"taxonomy":"product_cat","embeddable":true,"href":"https:\/\/milicia-pro.com\/index.php\/wp-json\/wp\/v2\/product_cat?post=40584"},{"taxonomy":"product_tag","embeddable":true,"href":"https:\/\/milicia-pro.com\/index.php\/wp-json\/wp\/v2\/product_tag?post=40584"}],"curies":[{"name":"wp","href":"https:\/\/api.w.org\/{rel}","templated":true}]}}