{"id":40569,"date":"2024-02-15T15:39:19","date_gmt":"2024-02-15T15:39:19","guid":{"rendered":"https:\/\/milicia-pro.com\/?post_type=product&#038;p=40569"},"modified":"2026-03-09T17:11:17","modified_gmt":"2026-03-09T17:11:17","slug":"mascara-g-tac-c-3-lentes-transparente-anti-embacamentocinzalaranja-sem","status":"publish","type":"product","link":"https:\/\/milicia-pro.com\/index.php\/product\/mascara-g-tac-c-3-lentes-transparente-anti-embacamentocinzalaranja-sem\/","title":{"rendered":"MASCARA G-TAC C\/ 3 LENTES TRANSPARENTE ANTI.EMBA\u00c7AMENTO+CINZA+LARANJA SEM"},"content":{"rendered":"<table width=\"643\">\n<tbody>\n<tr>\n<td width=\"214\"><strong>Extra:<\/strong><\/td>\n<td width=\"429\">Fixa\u00e7\u00e3o da lente exterior atrav\u00e9s de \u00edman; Clip adaptador RX para lentes graduadas amov\u00edvel<\/td>\n<\/tr>\n<tr>\n<td width=\"214\"><strong>Inclu\u00eddo:<\/strong><\/td>\n<td width=\"429\">Bolsa de microfibra<\/td>\n<\/tr>\n<tr>\n<td width=\"214\"><strong>Lente inclu\u00edda:<\/strong><\/td>\n<td width=\"429\">Fumado; Laranja<\/td>\n<\/tr>\n<tr>\n<td width=\"214\"><strong>Material da arma\u00e7\u00e3o:<\/strong><\/td>\n<td width=\"429\">Borracha; TPU<\/td>\n<\/tr>\n<tr>\n<td width=\"214\"><strong>Material da lente:<\/strong><\/td>\n<td width=\"429\">100 % policarbonato<\/td>\n<\/tr>\n<tr>\n<td width=\"214\"><strong>Certificados de seguran\u00e7a:<\/strong><\/td>\n<td width=\"429\">EN 12312-1; MIL-PRF-32432; STANAG 2920\/4296; ANSI Z87.1; EN 166<\/td>\n<\/tr>\n<tr>\n<td width=\"214\"><strong>Resistente a riscos:<\/strong><\/td>\n<td width=\"429\">Sim<\/td>\n<\/tr>\n<tr>\n<td width=\"214\"><strong>Tamanho:<\/strong><\/td>\n<td width=\"429\">Tamanho ajust\u00e1vel<\/td>\n<\/tr>\n<tr>\n<td width=\"214\"><strong>Fita de suporte:<\/strong><\/td>\n<td width=\"429\">El\u00e1stico; Ajust\u00e1vel; Antiderrapante<\/td>\n<\/tr>\n<tr>\n<td width=\"214\"><strong>Prote\u00e7\u00e3o Ultravioleta (UV):<\/strong><\/td>\n<td width=\"429\">Sim; 100 % dos raios UVA, UVB e UVC at\u00e9 400 nm<\/td>\n<\/tr>\n<tr>\n<td width=\"214\"><strong>Ventila\u00e7\u00e3o:<\/strong><\/td>\n<td width=\"429\">Sim<\/td>\n<\/tr>\n<tr>\n<td width=\"214\"><strong>Peso:<\/strong><\/td>\n<td width=\"429\">185 g<\/td>\n<\/tr>\n<\/tbody>\n<\/table>\n","protected":false},"excerpt":{"rendered":"<p>Extra: Fixa\u00e7\u00e3o da lente exterior atrav\u00e9s de \u00edman; Clip adaptador RX para lentes graduadas amov\u00edvel Inclu\u00eddo: Bolsa de microfibra Lente inclu\u00edda: Fumado; Laranja Material da arma\u00e7\u00e3o: Borracha; TPU Material da lente: 100 % policarbonato Certificados de seguran\u00e7a: EN 12312-1; MIL-PRF-32432; STANAG 2920\/4296; ANSI Z87.1; EN 166 Resistente a riscos: Sim Tamanho: Tamanho ajust\u00e1vel Fita de [&#8230;]\n","protected":false},"featured_media":40570,"comment_status":"open","ping_status":"closed","template":"","meta":{"_monsterinsights_skip_tracking":false,"_monsterinsights_sitenote_active":false,"_monsterinsights_sitenote_note":"","_monsterinsights_sitenote_category":0},"product_brand":[],"product_cat":[829,1070,1095,1150],"product_tag":[755,1230],"class_list":{"0":"post-40569","1":"product","2":"type-product","3":"status-publish","4":"has-post-thumbnail","6":"product_cat-marcas","7":"product_cat-optica","8":"product_cat-oculos","9":"product_cat-swiss-eye","10":"product_tag-mascara","11":"product_tag-tatico-protecao","13":"first","14":"instock","15":"shipping-taxable","16":"purchasable","17":"product-type-variable"},"aioseo_notices":[],"jetpack_sharing_enabled":true,"_links":{"self":[{"href":"https:\/\/milicia-pro.com\/index.php\/wp-json\/wp\/v2\/product\/40569","targetHints":{"allow":["GET"]}}],"collection":[{"href":"https:\/\/milicia-pro.com\/index.php\/wp-json\/wp\/v2\/product"}],"about":[{"href":"https:\/\/milicia-pro.com\/index.php\/wp-json\/wp\/v2\/types\/product"}],"replies":[{"embeddable":true,"href":"https:\/\/milicia-pro.com\/index.php\/wp-json\/wp\/v2\/comments?post=40569"}],"wp:featuredmedia":[{"embeddable":true,"href":"https:\/\/milicia-pro.com\/index.php\/wp-json\/wp\/v2\/media\/40570"}],"wp:attachment":[{"href":"https:\/\/milicia-pro.com\/index.php\/wp-json\/wp\/v2\/media?parent=40569"}],"wp:term":[{"taxonomy":"product_brand","embeddable":true,"href":"https:\/\/milicia-pro.com\/index.php\/wp-json\/wp\/v2\/product_brand?post=40569"},{"taxonomy":"product_cat","embeddable":true,"href":"https:\/\/milicia-pro.com\/index.php\/wp-json\/wp\/v2\/product_cat?post=40569"},{"taxonomy":"product_tag","embeddable":true,"href":"https:\/\/milicia-pro.com\/index.php\/wp-json\/wp\/v2\/product_tag?post=40569"}],"curies":[{"name":"wp","href":"https:\/\/api.w.org\/{rel}","templated":true}]}}