{"id":40564,"date":"2024-02-15T15:17:20","date_gmt":"2024-02-15T15:17:20","guid":{"rendered":"https:\/\/milicia-pro.com\/?post_type=product&#038;p=40564"},"modified":"2025-09-29T10:25:33","modified_gmt":"2025-09-29T10:25:33","slug":"oculos-raptor-c-3-lentes-cinzalaranjatransparente","status":"publish","type":"product","link":"https:\/\/milicia-pro.com\/index.php\/product\/oculos-raptor-c-3-lentes-cinzalaranjatransparente\/","title":{"rendered":"OCULOS RAPTOR C\/3 LENTES CINZA+LARANJA+TRANSPARENTE"},"content":{"rendered":"<table width=\"662\">\n<tbody>\n<tr>\n<td width=\"214\"><strong>Campo de vis\u00e3o:<\/strong><\/td>\n<td width=\"448\">Vis\u00e3o perif\u00e9rica m\u00e1xima<\/td>\n<\/tr>\n<tr>\n<td width=\"214\"><strong>Inclu\u00eddo:<\/strong><\/td>\n<td width=\"448\">Bolsa de armazenamento\/limpeza<\/td>\n<\/tr>\n<tr>\n<td width=\"214\"><strong>Lente inclu\u00edda:<\/strong><\/td>\n<td width=\"448\">Laranja; Incolor<\/td>\n<\/tr>\n<tr>\n<td width=\"214\"><strong>Material da lente:<\/strong><\/td>\n<td width=\"448\">Policarbonato<\/td>\n<\/tr>\n<tr>\n<td width=\"214\"><strong>Resist\u00eancia ao embaciamento:<\/strong><\/td>\n<td width=\"448\">Sim<\/td>\n<\/tr>\n<tr>\n<td width=\"214\"><strong>Certificados de seguran\u00e7a:<\/strong><\/td>\n<td width=\"448\">EN 12312-1; ANSI Z87.1; STANAG 2920; EN 166; MIL-PRF-3101<\/td>\n<\/tr>\n<tr>\n<td width=\"214\"><strong>Resistente a riscos:<\/strong><\/td>\n<td width=\"448\">Sim<\/td>\n<\/tr>\n<tr>\n<td width=\"214\"><strong>\u00c0 prova de estilha\u00e7os:<\/strong><\/td>\n<td width=\"448\">Sim<\/td>\n<\/tr>\n<tr>\n<td width=\"214\"><strong>Hastes:<\/strong><\/td>\n<td width=\"448\">Ajust\u00e1vel; Com mudan\u00e7a lentes frontais\/\u00e2ngulo de inclina\u00e7\u00e3o<\/td>\n<\/tr>\n<tr>\n<td width=\"214\"><strong>Prote\u00e7\u00e3o Ultravioleta (UV):<\/strong><\/td>\n<td width=\"448\">Sim; 100 % dos raios UVA, UVB e UVC at\u00e9 400 nm<\/td>\n<\/tr>\n<tr>\n<td width=\"214\"><strong>Peso:<\/strong><\/td>\n<td width=\"448\">80 g<\/td>\n<\/tr>\n<\/tbody>\n<\/table>\n","protected":false},"excerpt":{"rendered":"<p>Campo de vis\u00e3o: Vis\u00e3o perif\u00e9rica m\u00e1xima Inclu\u00eddo: Bolsa de armazenamento\/limpeza Lente inclu\u00edda: Laranja; Incolor Material da lente: Policarbonato Resist\u00eancia ao embaciamento: Sim Certificados de seguran\u00e7a: EN 12312-1; ANSI Z87.1; STANAG 2920; EN 166; MIL-PRF-3101 Resistente a riscos: Sim \u00c0 prova de estilha\u00e7os: Sim Hastes: Ajust\u00e1vel; Com mudan\u00e7a lentes frontais\/\u00e2ngulo de inclina\u00e7\u00e3o Prote\u00e7\u00e3o Ultravioleta (UV): Sim; [&#8230;]\n","protected":false},"featured_media":40565,"comment_status":"open","ping_status":"closed","template":"","meta":{"_monsterinsights_skip_tracking":false,"_monsterinsights_sitenote_active":false,"_monsterinsights_sitenote_note":"","_monsterinsights_sitenote_category":0},"product_brand":[],"product_cat":[829,1070,1095,1150],"product_tag":[688,513,326],"class_list":{"0":"post-40564","1":"product","2":"type-product","3":"status-publish","4":"has-post-thumbnail","6":"product_cat-marcas","7":"product_cat-optica","8":"product_cat-oculos","9":"product_cat-swiss-eye","10":"product_tag-oculos","11":"product_tag-protecao","12":"product_tag-tatico","14":"first","15":"instock","16":"shipping-taxable","17":"purchasable","18":"product-type-variable"},"aioseo_notices":[],"jetpack_sharing_enabled":true,"_links":{"self":[{"href":"https:\/\/milicia-pro.com\/index.php\/wp-json\/wp\/v2\/product\/40564","targetHints":{"allow":["GET"]}}],"collection":[{"href":"https:\/\/milicia-pro.com\/index.php\/wp-json\/wp\/v2\/product"}],"about":[{"href":"https:\/\/milicia-pro.com\/index.php\/wp-json\/wp\/v2\/types\/product"}],"replies":[{"embeddable":true,"href":"https:\/\/milicia-pro.com\/index.php\/wp-json\/wp\/v2\/comments?post=40564"}],"wp:featuredmedia":[{"embeddable":true,"href":"https:\/\/milicia-pro.com\/index.php\/wp-json\/wp\/v2\/media\/40565"}],"wp:attachment":[{"href":"https:\/\/milicia-pro.com\/index.php\/wp-json\/wp\/v2\/media?parent=40564"}],"wp:term":[{"taxonomy":"product_brand","embeddable":true,"href":"https:\/\/milicia-pro.com\/index.php\/wp-json\/wp\/v2\/product_brand?post=40564"},{"taxonomy":"product_cat","embeddable":true,"href":"https:\/\/milicia-pro.com\/index.php\/wp-json\/wp\/v2\/product_cat?post=40564"},{"taxonomy":"product_tag","embeddable":true,"href":"https:\/\/milicia-pro.com\/index.php\/wp-json\/wp\/v2\/product_tag?post=40564"}],"curies":[{"name":"wp","href":"https:\/\/api.w.org\/{rel}","templated":true}]}}