{"id":40552,"date":"2024-02-06T19:30:58","date_gmt":"2024-02-06T19:30:58","guid":{"rendered":"https:\/\/milicia-pro.com\/?post_type=product&#038;p=40552"},"modified":"2025-09-29T13:32:17","modified_gmt":"2025-09-29T13:32:17","slug":"saco-cama-com-logotipo-milicia","status":"publish","type":"product","link":"https:\/\/milicia-pro.com\/index.php\/product\/saco-cama-com-logotipo-milicia\/","title":{"rendered":"SACO CAMA COM LOGOTIPO MILICIA"},"content":{"rendered":"<p>Quando tiver necessidade de pernoitar no exterior, sinta-se confort\u00e1vel e protegido integralmente com o nosso saco cama militar da marca Mil\u00edcia, com fecho numa das laterais e f\u00e1cil de transportar no seu saco.<\/p>\n<p>Convence pela sua permeabilidade ao vapor, essencial nas noites tropicais quentes e h\u00famidas, com uma <strong>rede mosquiteira integrada<\/strong>\u00a0.<\/p>\n<p>Dimens\u00f5es:<\/p>\n<p>235cm x 97cm x 65cm<\/p>\n","protected":false},"excerpt":{"rendered":"<p>Quando tiver necessidade de pernoitar no exterior, sinta-se confort\u00e1vel e protegido integralmente com o nosso saco cama militar da marca Mil\u00edcia, com fecho numa das laterais e f\u00e1cil de transportar no seu saco. Convence pela sua permeabilidade ao vapor, essencial nas noites tropicais quentes e h\u00famidas, com uma rede mosquiteira integrada\u00a0. Dimens\u00f5es: 235cm x 97cm [&#8230;]\n","protected":false},"featured_media":40553,"comment_status":"open","ping_status":"closed","template":"","meta":{"_monsterinsights_skip_tracking":false,"_monsterinsights_sitenote_active":false,"_monsterinsights_sitenote_note":"","_monsterinsights_sitenote_category":0},"product_brand":[1499],"product_cat":[829,982,1068,1228],"product_tag":[970,857,729],"class_list":{"0":"post-40552","1":"product","2":"type-product","3":"status-publish","4":"has-post-thumbnail","6":"product_brand-milicia","7":"product_cat-marcas","8":"product_cat-milicia","9":"product_cat-outdoor","10":"product_cat-saco-cama","11":"product_tag-acampamento","12":"product_tag-militar","13":"product_tag-saco-cama","15":"first","16":"instock","17":"shipping-taxable","18":"purchasable","19":"product-type-variable"},"aioseo_notices":[],"jetpack_sharing_enabled":true,"_links":{"self":[{"href":"https:\/\/milicia-pro.com\/index.php\/wp-json\/wp\/v2\/product\/40552","targetHints":{"allow":["GET"]}}],"collection":[{"href":"https:\/\/milicia-pro.com\/index.php\/wp-json\/wp\/v2\/product"}],"about":[{"href":"https:\/\/milicia-pro.com\/index.php\/wp-json\/wp\/v2\/types\/product"}],"replies":[{"embeddable":true,"href":"https:\/\/milicia-pro.com\/index.php\/wp-json\/wp\/v2\/comments?post=40552"}],"wp:featuredmedia":[{"embeddable":true,"href":"https:\/\/milicia-pro.com\/index.php\/wp-json\/wp\/v2\/media\/40553"}],"wp:attachment":[{"href":"https:\/\/milicia-pro.com\/index.php\/wp-json\/wp\/v2\/media?parent=40552"}],"wp:term":[{"taxonomy":"product_brand","embeddable":true,"href":"https:\/\/milicia-pro.com\/index.php\/wp-json\/wp\/v2\/product_brand?post=40552"},{"taxonomy":"product_cat","embeddable":true,"href":"https:\/\/milicia-pro.com\/index.php\/wp-json\/wp\/v2\/product_cat?post=40552"},{"taxonomy":"product_tag","embeddable":true,"href":"https:\/\/milicia-pro.com\/index.php\/wp-json\/wp\/v2\/product_tag?post=40552"}],"curies":[{"name":"wp","href":"https:\/\/api.w.org\/{rel}","templated":true}]}}