{"id":40527,"date":"2024-01-07T19:06:00","date_gmt":"2024-01-07T19:06:00","guid":{"rendered":"https:\/\/milicia-pro.com\/?post_type=product&#038;p=40527"},"modified":"2025-07-24T16:01:13","modified_gmt":"2025-07-24T16:01:13","slug":"t-shirt-tactix-em-algodao-de-manga-curta-mulher-guarda-prisional","status":"publish","type":"product","link":"https:\/\/milicia-pro.com\/index.php\/product\/t-shirt-tactix-em-algodao-de-manga-curta-mulher-guarda-prisional\/","title":{"rendered":"T-SHIRT TACTIX EM ALGOD\u00c3O DE MANGA CURTA MULHER GUARDA PRISIONAL"},"content":{"rendered":"<p>Esta T-shirt Tactix de manga curta para senhora, foi projetada para ser duradora e para se sentir sempre bem quando usada.<\/p>\n<p>Costuras nos ombros deslocadas e refor\u00e7adas- constru\u00eddo para minimizar sobreposi\u00e7\u00e3o e a espessura da costura e melhorar a mobilidade.<\/p>\n<p>ESPECIFICA\u00c7\u00d5ES<\/p>\n<p>&#8211; Malha de jersey 100% algod\u00e3o, resistente ao desbotamento e encolhimento.<\/p>\n<p><iframe loading=\"lazy\" title=\"First Tactical&#039;s Tactix Series Cotton T-Shirt Collection\" width=\"1020\" height=\"574\" src=\"https:\/\/www.youtube.com\/embed\/Io7EDSl3GP0?feature=oembed\" frameborder=\"0\" allow=\"accelerometer; autoplay; clipboard-write; encrypted-media; gyroscope; picture-in-picture; web-share\" referrerpolicy=\"strict-origin-when-cross-origin\" allowfullscreen><\/iframe><\/p>\n<p><img loading=\"lazy\" decoding=\"async\" class=\"wp-image-18346 alignleft\" src=\"https:\/\/miliciapro.com\/wp-content\/uploads\/2020\/04\/122501-10.png\" alt=\"\" width=\"209\" height=\"145\" \/><\/p>\n<p><strong>COSTURAS NOS OMBROS E REVESTIMENTO LATERAL<\/strong><\/p>\n<p>Costuras estrategicamente colocadas d\u00e3o um ajuste suave e eficiente. O design da T-shirt Tactix inclui costuras suaves que n\u00e3o incomodam na pele, nem criam atrito sob as roupas ou nas al\u00e7as das mochilas.<\/p>\n<p>&nbsp;<\/p>\n<p>&nbsp;<\/p>\n<p><img loading=\"lazy\" decoding=\"async\" class=\"wp-image-18347 alignleft\" src=\"https:\/\/miliciapro.com\/wp-content\/uploads\/2020\/04\/122501-11.png\" alt=\"\" width=\"210\" height=\"146\" \/><\/p>\n<p><strong>UM AJUSTE PERFEITO<\/strong><\/p>\n<p>A T-shirt de manga curta Tactix, tem um corte natural com um encaixe suave no corpo. A gola em el\u00e1stico n\u00e3o perde a sua forma ao longo do tempo, garantindo assim uma apar\u00eancia profissional uma vida inteira.<\/p>\n<p>&nbsp;<\/p>\n<p>&nbsp;<\/p>\n<p><img loading=\"lazy\" decoding=\"async\" class=\"size-medium wp-image-18348 alignleft\" src=\"https:\/\/miliciapro.com\/wp-content\/uploads\/2020\/04\/122501-12.png\" alt=\"\" width=\"206\" height=\"143\" \/><\/p>\n<p><strong>TECIDO CONFORT\u00c1VEL E DE LONGA DURA\u00c7\u00c3O<\/strong><\/p>\n<p>A malha jersey de qualidade premium \u00e9 100% algod\u00e3o, forte macia e resistente a encolhimento e desbotamento.<\/p>\n","protected":false},"excerpt":{"rendered":"<p>VENDA EXCLUSIVA A PROFISSIONAIS MEDIANTE IDENTIFICA\u00c7\u00c3O- GUARDA PRISIONAL- <strong>PRE\u00c7O PVP SEM DESCONTO<\/strong><\/p>\n","protected":false},"featured_media":40534,"comment_status":"open","ping_status":"closed","template":"","meta":{"_monsterinsights_skip_tracking":false,"_monsterinsights_sitenote_active":false,"_monsterinsights_sitenote_note":"","_monsterinsights_sitenote_category":0},"product_brand":[],"product_cat":[830,829,1082,1063],"product_tag":[726,301,320],"class_list":{"0":"post-40527","1":"product","2":"type-product","3":"status-publish","4":"has-post-thumbnail","6":"product_cat-firsttactical","7":"product_cat-marcas","8":"product_cat-tshirt","9":"product_cat-vestuario","10":"product_tag-manga-curta","11":"product_tag-senhora","12":"product_tag-t-shirt","14":"first","15":"onbackorder","16":"shipping-taxable","17":"purchasable","18":"product-type-variable"},"aioseo_notices":[],"jetpack_sharing_enabled":true,"_links":{"self":[{"href":"https:\/\/milicia-pro.com\/index.php\/wp-json\/wp\/v2\/product\/40527","targetHints":{"allow":["GET"]}}],"collection":[{"href":"https:\/\/milicia-pro.com\/index.php\/wp-json\/wp\/v2\/product"}],"about":[{"href":"https:\/\/milicia-pro.com\/index.php\/wp-json\/wp\/v2\/types\/product"}],"replies":[{"embeddable":true,"href":"https:\/\/milicia-pro.com\/index.php\/wp-json\/wp\/v2\/comments?post=40527"}],"wp:featuredmedia":[{"embeddable":true,"href":"https:\/\/milicia-pro.com\/index.php\/wp-json\/wp\/v2\/media\/40534"}],"wp:attachment":[{"href":"https:\/\/milicia-pro.com\/index.php\/wp-json\/wp\/v2\/media?parent=40527"}],"wp:term":[{"taxonomy":"product_brand","embeddable":true,"href":"https:\/\/milicia-pro.com\/index.php\/wp-json\/wp\/v2\/product_brand?post=40527"},{"taxonomy":"product_cat","embeddable":true,"href":"https:\/\/milicia-pro.com\/index.php\/wp-json\/wp\/v2\/product_cat?post=40527"},{"taxonomy":"product_tag","embeddable":true,"href":"https:\/\/milicia-pro.com\/index.php\/wp-json\/wp\/v2\/product_tag?post=40527"}],"curies":[{"name":"wp","href":"https:\/\/api.w.org\/{rel}","templated":true}]}}