{"id":40453,"date":"2023-12-18T11:42:09","date_gmt":"2023-12-18T11:42:09","guid":{"rendered":"https:\/\/milicia-pro.com\/?post_type=product&#038;p=40453"},"modified":"2025-06-05T15:09:16","modified_gmt":"2025-06-05T15:09:16","slug":"tenda-militar-mil-tec-6-pessoas-2","status":"publish","type":"product","link":"https:\/\/milicia-pro.com\/index.php\/product\/tenda-militar-mil-tec-6-pessoas-2\/","title":{"rendered":"TENDA MILITAR MIL-TEC\u00ae-6 PESSOAS"},"content":{"rendered":"<p>Especifica\u00e7\u00f5es:<\/p>\n<p>&#8211; 2 entradas<\/p>\n<p>&#8211; 4 janelas de ventila\u00e7\u00e3o com prote\u00e7\u00e3o contra mosquitos<\/p>\n<p>&#8211; Confort\u00e1vel para circular dentro da tenda por causa da altura<\/p>\n<p>&nbsp;<\/p>\n<p>N\u00famero de pessoas: 6<\/p>\n<p>Dimens\u00f5es: 3,4 x 3,1 x 1,8 m<\/p>\n<p>Tamanho da embalagem: 125 x 35 x 20 cm<\/p>\n<p>Peso: cerca de 17kg<\/p>\n<p>&nbsp;<\/p>\n<p>Materiais:<\/p>\n<p>&#8211; Teto duplo: 100% poli\u00e9ster (Oxford), revestido de poliuretano<\/p>\n<p>&#8211; Base: 100% Polietileno<\/p>\n<p>&#8211; Bolsa de transporte: 100% Poli\u00e9ster (Oxford)<\/p>\n<p>&#8211; Estrutura: A\u00e7o.<\/p>\n","protected":false},"excerpt":{"rendered":"<p>Especifica\u00e7\u00f5es: &#8211; 2 entradas &#8211; 4 janelas de ventila\u00e7\u00e3o com prote\u00e7\u00e3o contra mosquitos &#8211; Confort\u00e1vel para circular dentro da tenda por causa da altura &nbsp; N\u00famero de pessoas: 6 Dimens\u00f5es: 3,4 x 3,1 x 1,8 m Tamanho da embalagem: 125 x 35 x 20 cm Peso: cerca de 17kg &nbsp; Materiais: &#8211; Teto duplo: 100% [&#8230;]\n","protected":false},"featured_media":40456,"comment_status":"open","ping_status":"closed","template":"","meta":{"_monsterinsights_skip_tracking":false,"_monsterinsights_sitenote_active":false,"_monsterinsights_sitenote_note":"","_monsterinsights_sitenote_category":0},"product_brand":[],"product_cat":[829,1068,855,1227],"product_tag":[728,95,857,733],"class_list":{"0":"post-40453","1":"product","2":"type-product","3":"status-publish","4":"has-post-thumbnail","6":"product_cat-marcas","7":"product_cat-outdoor","8":"product_cat-sturm-mil-tec","9":"product_cat-tenda","10":"product_tag-campismo","11":"product_tag-campo","12":"product_tag-militar","13":"product_tag-tenda","15":"first","16":"instock","17":"shipping-taxable","18":"purchasable","19":"product-type-variable"},"aioseo_notices":[],"jetpack_sharing_enabled":true,"_links":{"self":[{"href":"https:\/\/milicia-pro.com\/index.php\/wp-json\/wp\/v2\/product\/40453","targetHints":{"allow":["GET"]}}],"collection":[{"href":"https:\/\/milicia-pro.com\/index.php\/wp-json\/wp\/v2\/product"}],"about":[{"href":"https:\/\/milicia-pro.com\/index.php\/wp-json\/wp\/v2\/types\/product"}],"replies":[{"embeddable":true,"href":"https:\/\/milicia-pro.com\/index.php\/wp-json\/wp\/v2\/comments?post=40453"}],"wp:featuredmedia":[{"embeddable":true,"href":"https:\/\/milicia-pro.com\/index.php\/wp-json\/wp\/v2\/media\/40456"}],"wp:attachment":[{"href":"https:\/\/milicia-pro.com\/index.php\/wp-json\/wp\/v2\/media?parent=40453"}],"wp:term":[{"taxonomy":"product_brand","embeddable":true,"href":"https:\/\/milicia-pro.com\/index.php\/wp-json\/wp\/v2\/product_brand?post=40453"},{"taxonomy":"product_cat","embeddable":true,"href":"https:\/\/milicia-pro.com\/index.php\/wp-json\/wp\/v2\/product_cat?post=40453"},{"taxonomy":"product_tag","embeddable":true,"href":"https:\/\/milicia-pro.com\/index.php\/wp-json\/wp\/v2\/product_tag?post=40453"}],"curies":[{"name":"wp","href":"https:\/\/api.w.org\/{rel}","templated":true}]}}