{"id":40431,"date":"2023-12-16T12:48:44","date_gmt":"2023-12-16T12:48:44","guid":{"rendered":"https:\/\/milicia-pro.com\/?post_type=product&#038;p=40431"},"modified":"2026-01-12T16:26:24","modified_gmt":"2026-01-12T16:26:24","slug":"creme-de-camuflagem-pack-3-cores","status":"publish","type":"product","link":"https:\/\/milicia-pro.com\/index.php\/product\/creme-de-camuflagem-pack-3-cores\/","title":{"rendered":"CREME DE CAMUFLAGEM PACK 3 CORES"},"content":{"rendered":"<p><img loading=\"lazy\" decoding=\"async\" class=\" wp-image-40425 alignleft\" src=\"https:\/\/milicia-pro.com\/wp-content\/uploads\/2023\/11\/ST.1633-04.jpeg\" alt=\"\" width=\"242\" height=\"338\" \/><\/p>\n<p>&nbsp;<\/p>\n<p>Pode fazer uma boa camuflagem no seu rosto e m\u00e3os com listras ou padr\u00f5es que combinem com o ambiente. O seu uso \u00e9 vers\u00e1til, f\u00e1cil de aplicar e remover e \u00e9 duradouro.<\/p>\n<p>Este conjunto \u00e9 composto por 3 embalagens de 30gr cada com as cores castanho, verde e preto<\/p>\n","protected":false},"excerpt":{"rendered":"<p>&nbsp; Pode fazer uma boa camuflagem no seu rosto e m\u00e3os com listras ou padr\u00f5es que combinem com o ambiente. O seu uso \u00e9 vers\u00e1til, f\u00e1cil de aplicar e remover e \u00e9 duradouro. Este conjunto \u00e9 composto por 3 embalagens de 30gr cada com as cores castanho, verde e preto<\/p>\n","protected":false},"featured_media":40433,"comment_status":"open","ping_status":"closed","template":"","meta":{"_monsterinsights_skip_tracking":false,"_monsterinsights_sitenote_active":false,"_monsterinsights_sitenote_note":"","_monsterinsights_sitenote_category":0},"product_brand":[],"product_cat":[1089,1064,829,855],"product_tag":[961,958,959],"class_list":{"0":"post-40431","1":"product","2":"type-product","3":"status-publish","4":"has-post-thumbnail","6":"product_cat-camuflagem","7":"product_cat-equipamentotatico","8":"product_cat-marcas","9":"product_cat-sturm-mil-tec","10":"product_tag-camuflagem","11":"product_tag-creme","12":"product_tag-rosto","14":"first","15":"instock","16":"shipping-taxable","17":"purchasable","18":"product-type-variable"},"aioseo_notices":[],"jetpack_sharing_enabled":true,"_links":{"self":[{"href":"https:\/\/milicia-pro.com\/index.php\/wp-json\/wp\/v2\/product\/40431","targetHints":{"allow":["GET"]}}],"collection":[{"href":"https:\/\/milicia-pro.com\/index.php\/wp-json\/wp\/v2\/product"}],"about":[{"href":"https:\/\/milicia-pro.com\/index.php\/wp-json\/wp\/v2\/types\/product"}],"replies":[{"embeddable":true,"href":"https:\/\/milicia-pro.com\/index.php\/wp-json\/wp\/v2\/comments?post=40431"}],"wp:featuredmedia":[{"embeddable":true,"href":"https:\/\/milicia-pro.com\/index.php\/wp-json\/wp\/v2\/media\/40433"}],"wp:attachment":[{"href":"https:\/\/milicia-pro.com\/index.php\/wp-json\/wp\/v2\/media?parent=40431"}],"wp:term":[{"taxonomy":"product_brand","embeddable":true,"href":"https:\/\/milicia-pro.com\/index.php\/wp-json\/wp\/v2\/product_brand?post=40431"},{"taxonomy":"product_cat","embeddable":true,"href":"https:\/\/milicia-pro.com\/index.php\/wp-json\/wp\/v2\/product_cat?post=40431"},{"taxonomy":"product_tag","embeddable":true,"href":"https:\/\/milicia-pro.com\/index.php\/wp-json\/wp\/v2\/product_tag?post=40431"}],"curies":[{"name":"wp","href":"https:\/\/api.w.org\/{rel}","templated":true}]}}