{"id":40421,"date":"2023-12-16T12:53:04","date_gmt":"2023-12-16T12:53:04","guid":{"rendered":"https:\/\/milicia-pro.com\/?post_type=product&#038;p=40421"},"modified":"2026-01-14T12:18:53","modified_gmt":"2026-01-14T12:18:53","slug":"creme-camuflagem-1-cor","status":"publish","type":"product","link":"https:\/\/milicia-pro.com\/index.php\/product\/creme-camuflagem-1-cor\/","title":{"rendered":"CREME CAMUFLAGEM 1 COR"},"content":{"rendered":"<p><img loading=\"lazy\" decoding=\"async\" class=\"size-medium wp-image-40423 alignleft\" src=\"https:\/\/milicia-pro.com\/wp-content\/uploads\/2023\/11\/ST.16331001-300x208.png\" alt=\"\" width=\"300\" height=\"208\" srcset=\"https:\/\/milicia-pro.com\/wp-content\/uploads\/2023\/11\/ST.16331001-300x208.png 300w, https:\/\/milicia-pro.com\/wp-content\/uploads\/2023\/11\/ST.16331001.png 410w\" sizes=\"auto, (max-width: 300px) 100vw, 300px\" \/>Pode fazer uma boa camuflagem no seu rosto e m\u00e3os com listras ou padr\u00f5es que combinem com o ambiente. O seu uso \u00e9 vers\u00e1til, f\u00e1cil de aplicar e remover e \u00e9 duradouro.<\/p>\n","protected":false},"excerpt":{"rendered":"<p>Pode fazer uma boa camuflagem no seu rosto e m\u00e3os com listras ou padr\u00f5es que combinem com o ambiente. O seu uso \u00e9 vers\u00e1til, f\u00e1cil de aplicar e remover e \u00e9 duradouro.<\/p>\n","protected":false},"featured_media":40424,"comment_status":"open","ping_status":"closed","template":"","meta":{"_monsterinsights_skip_tracking":false,"_monsterinsights_sitenote_active":false,"_monsterinsights_sitenote_note":"","_monsterinsights_sitenote_category":0},"product_brand":[],"product_cat":[1089,1064,829,855],"product_tag":[961,958,959],"class_list":{"0":"post-40421","1":"product","2":"type-product","3":"status-publish","4":"has-post-thumbnail","6":"product_cat-camuflagem","7":"product_cat-equipamentotatico","8":"product_cat-marcas","9":"product_cat-sturm-mil-tec","10":"product_tag-camuflagem","11":"product_tag-creme","12":"product_tag-rosto","14":"first","15":"instock","16":"shipping-taxable","17":"purchasable","18":"product-type-variable"},"aioseo_notices":[],"jetpack_sharing_enabled":true,"_links":{"self":[{"href":"https:\/\/milicia-pro.com\/index.php\/wp-json\/wp\/v2\/product\/40421","targetHints":{"allow":["GET"]}}],"collection":[{"href":"https:\/\/milicia-pro.com\/index.php\/wp-json\/wp\/v2\/product"}],"about":[{"href":"https:\/\/milicia-pro.com\/index.php\/wp-json\/wp\/v2\/types\/product"}],"replies":[{"embeddable":true,"href":"https:\/\/milicia-pro.com\/index.php\/wp-json\/wp\/v2\/comments?post=40421"}],"wp:featuredmedia":[{"embeddable":true,"href":"https:\/\/milicia-pro.com\/index.php\/wp-json\/wp\/v2\/media\/40424"}],"wp:attachment":[{"href":"https:\/\/milicia-pro.com\/index.php\/wp-json\/wp\/v2\/media?parent=40421"}],"wp:term":[{"taxonomy":"product_brand","embeddable":true,"href":"https:\/\/milicia-pro.com\/index.php\/wp-json\/wp\/v2\/product_brand?post=40421"},{"taxonomy":"product_cat","embeddable":true,"href":"https:\/\/milicia-pro.com\/index.php\/wp-json\/wp\/v2\/product_cat?post=40421"},{"taxonomy":"product_tag","embeddable":true,"href":"https:\/\/milicia-pro.com\/index.php\/wp-json\/wp\/v2\/product_tag?post=40421"}],"curies":[{"name":"wp","href":"https:\/\/api.w.org\/{rel}","templated":true}]}}