{"id":40417,"date":"2023-12-16T12:54:34","date_gmt":"2023-12-16T12:54:34","guid":{"rendered":"https:\/\/milicia-pro.com\/?post_type=product&#038;p=40417"},"modified":"2026-03-09T17:24:01","modified_gmt":"2026-03-09T17:24:01","slug":"kit-de-sobrevivencia-paracord-large-olive","status":"publish","type":"product","link":"https:\/\/milicia-pro.com\/index.php\/product\/kit-de-sobrevivencia-paracord-large-olive\/","title":{"rendered":"KIT DE SOBREVIV\u00caNCIA PARACORD LARGE OLIVE"},"content":{"rendered":"<p>Kit de sobreviv\u00eancia com<\/p>\n<ul>\n<li>Mosquet\u00e3o<\/li>\n<li>2 isqueiros<\/li>\n<li>Pedreneira<\/li>\n<li>Serra de arame<\/li>\n<li>2 pensos r\u00e1pidos<\/li>\n<li>Pequena barra D<\/li>\n<li>Pulseira Paracord<\/li>\n<li>B\u00fassula<\/li>\n<li>Apito<\/li>\n<li>Conjunto de pesca (4 anz\u00f3is, 2 linhas de pesca, 2 giros, 2 iscas, 2 pesos)<\/li>\n<li>L\u00e2mina de faca pequena<\/li>\n<li>Peda\u00e7o de alum\u00ednio<\/li>\n<li>2 alfinetes de Ama<\/li>\n<li>Ferramentas de sobreviv\u00eancia<\/li>\n<li>C\u00e1psula met\u00e1lica<\/li>\n<\/ul>\n<p>Fio de linha: 100% poli\u00e9ster<\/p>\n<ul>\n<li>Corda paracord 100% poli\u00e9ster<\/li>\n<li>Comprimento de corda paracord: 12m<\/li>\n<li>Comprimentos do Mosquet\u00e3o: 6 cm<\/li>\n<\/ul>\n","protected":false},"excerpt":{"rendered":"<p>Kit de sobreviv\u00eancia com Mosquet\u00e3o 2 isqueiros Pedreneira Serra de arame 2 pensos r\u00e1pidos Pequena barra D Pulseira Paracord B\u00fassula Apito Conjunto de pesca (4 anz\u00f3is, 2 linhas de pesca, 2 giros, 2 iscas, 2 pesos) L\u00e2mina de faca pequena Peda\u00e7o de alum\u00ednio 2 alfinetes de Ama Ferramentas de sobreviv\u00eancia C\u00e1psula met\u00e1lica Fio de linha: [&#8230;]\n","protected":false},"featured_media":40419,"comment_status":"open","ping_status":"closed","template":"","meta":{"_monsterinsights_skip_tracking":false,"_monsterinsights_sitenote_active":false,"_monsterinsights_sitenote_note":"","_monsterinsights_sitenote_category":0},"product_brand":[],"product_cat":[829,1068,1074,855],"product_tag":[185,1225,306],"class_list":{"0":"post-40417","1":"product","2":"type-product","3":"status-publish","4":"has-post-thumbnail","6":"product_cat-marcas","7":"product_cat-outdoor","8":"product_cat-sobrevivencia","9":"product_cat-sturm-mil-tec","10":"product_tag-kit","11":"product_tag-paracord","12":"product_tag-sobrevivencia","14":"first","15":"instock","16":"shipping-taxable","17":"purchasable","18":"product-type-variable"},"aioseo_notices":[],"jetpack_sharing_enabled":true,"_links":{"self":[{"href":"https:\/\/milicia-pro.com\/index.php\/wp-json\/wp\/v2\/product\/40417","targetHints":{"allow":["GET"]}}],"collection":[{"href":"https:\/\/milicia-pro.com\/index.php\/wp-json\/wp\/v2\/product"}],"about":[{"href":"https:\/\/milicia-pro.com\/index.php\/wp-json\/wp\/v2\/types\/product"}],"replies":[{"embeddable":true,"href":"https:\/\/milicia-pro.com\/index.php\/wp-json\/wp\/v2\/comments?post=40417"}],"wp:featuredmedia":[{"embeddable":true,"href":"https:\/\/milicia-pro.com\/index.php\/wp-json\/wp\/v2\/media\/40419"}],"wp:attachment":[{"href":"https:\/\/milicia-pro.com\/index.php\/wp-json\/wp\/v2\/media?parent=40417"}],"wp:term":[{"taxonomy":"product_brand","embeddable":true,"href":"https:\/\/milicia-pro.com\/index.php\/wp-json\/wp\/v2\/product_brand?post=40417"},{"taxonomy":"product_cat","embeddable":true,"href":"https:\/\/milicia-pro.com\/index.php\/wp-json\/wp\/v2\/product_cat?post=40417"},{"taxonomy":"product_tag","embeddable":true,"href":"https:\/\/milicia-pro.com\/index.php\/wp-json\/wp\/v2\/product_tag?post=40417"}],"curies":[{"name":"wp","href":"https:\/\/api.w.org\/{rel}","templated":true}]}}