{"id":40413,"date":"2023-12-16T12:57:49","date_gmt":"2023-12-16T12:57:49","guid":{"rendered":"https:\/\/milicia-pro.com\/?post_type=product&#038;p=40413"},"modified":"2025-03-27T18:33:40","modified_gmt":"2025-03-27T18:33:40","slug":"kit-de-sobrevivencia-paracord-small-black","status":"publish","type":"product","link":"https:\/\/milicia-pro.com\/index.php\/product\/kit-de-sobrevivencia-paracord-small-black\/","title":{"rendered":"KIT DE SOBREVIV\u00caNCIA PARACORD SMALL BLACK"},"content":{"rendered":"<p>Kit de sobreviv\u00eancia com<\/p>\n<ul>\n<li>Mosquet\u00e3o<\/li>\n<li>2 isqueiros<\/li>\n<li>Pedreneira<\/li>\n<li>Conjunto de pesca (2 anz\u00f3is, 2 linhas de pesca, 2 giros, 2 iscas, 2 pesos)<\/li>\n<li>L\u00e2mina de faca pequena<\/li>\n<li>Peda\u00e7o de alum\u00ednio<\/li>\n<\/ul>\n<p>Fio de linha: 100% poli\u00e9ster<\/p>\n<ul>\n<li>Corda paracord 100% poli\u00e9ster<\/li>\n<li>Comprimento de corda paracord: 3m<\/li>\n<li>Comprimentos do Mosquet\u00e3o: 6 cm<\/li>\n<\/ul>\n","protected":false},"excerpt":{"rendered":"<p>Kit de sobreviv\u00eancia com Mosquet\u00e3o 2 isqueiros Pedreneira Conjunto de pesca (2 anz\u00f3is, 2 linhas de pesca, 2 giros, 2 iscas, 2 pesos) L\u00e2mina de faca pequena Peda\u00e7o de alum\u00ednio Fio de linha: 100% poli\u00e9ster Corda paracord 100% poli\u00e9ster Comprimento de corda paracord: 3m Comprimentos do Mosquet\u00e3o: 6 cm<\/p>\n","protected":false},"featured_media":40414,"comment_status":"open","ping_status":"closed","template":"","meta":{"_monsterinsights_skip_tracking":false,"_monsterinsights_sitenote_active":false,"_monsterinsights_sitenote_note":"","_monsterinsights_sitenote_category":0},"product_brand":[],"product_cat":[829,1068,1074,855],"product_tag":[185,1225,1224],"class_list":{"0":"post-40413","1":"product","2":"type-product","3":"status-publish","4":"has-post-thumbnail","6":"product_cat-marcas","7":"product_cat-outdoor","8":"product_cat-sobrevivencia","9":"product_cat-sturm-mil-tec","10":"product_tag-kit","11":"product_tag-paracord","12":"product_tag-sobrevivenca","14":"first","15":"instock","16":"shipping-taxable","17":"purchasable","18":"product-type-variable"},"aioseo_notices":[],"jetpack_sharing_enabled":true,"_links":{"self":[{"href":"https:\/\/milicia-pro.com\/index.php\/wp-json\/wp\/v2\/product\/40413","targetHints":{"allow":["GET"]}}],"collection":[{"href":"https:\/\/milicia-pro.com\/index.php\/wp-json\/wp\/v2\/product"}],"about":[{"href":"https:\/\/milicia-pro.com\/index.php\/wp-json\/wp\/v2\/types\/product"}],"replies":[{"embeddable":true,"href":"https:\/\/milicia-pro.com\/index.php\/wp-json\/wp\/v2\/comments?post=40413"}],"wp:featuredmedia":[{"embeddable":true,"href":"https:\/\/milicia-pro.com\/index.php\/wp-json\/wp\/v2\/media\/40414"}],"wp:attachment":[{"href":"https:\/\/milicia-pro.com\/index.php\/wp-json\/wp\/v2\/media?parent=40413"}],"wp:term":[{"taxonomy":"product_brand","embeddable":true,"href":"https:\/\/milicia-pro.com\/index.php\/wp-json\/wp\/v2\/product_brand?post=40413"},{"taxonomy":"product_cat","embeddable":true,"href":"https:\/\/milicia-pro.com\/index.php\/wp-json\/wp\/v2\/product_cat?post=40413"},{"taxonomy":"product_tag","embeddable":true,"href":"https:\/\/milicia-pro.com\/index.php\/wp-json\/wp\/v2\/product_tag?post=40413"}],"curies":[{"name":"wp","href":"https:\/\/api.w.org\/{rel}","templated":true}]}}