{"id":40394,"date":"2023-12-16T09:36:27","date_gmt":"2023-12-16T09:36:27","guid":{"rendered":"https:\/\/milicia-pro.com\/?post_type=product&#038;p=40394"},"modified":"2026-02-23T16:31:36","modified_gmt":"2026-02-23T16:31:36","slug":"cordao-de-paraquedas-50ft","status":"publish","type":"product","link":"https:\/\/milicia-pro.com\/index.php\/product\/cordao-de-paraquedas-50ft\/","title":{"rendered":"CORD\u00c3O DE PARAQUEDAS 50FT"},"content":{"rendered":"<p>Paracord (cord\u00e3o de paraquedas) \u00e9 um companheiro \u00fatil em muitas ocasi\u00f5es, tais como, linha de sustenta\u00e7\u00e3o, barraca ou varal, ou para fixa\u00e7\u00e3o de equipamentos.<\/p>\n<ul>\n<li>100% n\u00e1ilon<\/li>\n<li>Comprimento: 16m<\/li>\n<li>Capacidade de carga: 249Kg<\/li>\n<li>Fabricado nos EUA<\/li>\n<\/ul>\n","protected":false},"excerpt":{"rendered":"<p>Paracord (cord\u00e3o de paraquedas) \u00e9 um companheiro \u00fatil em muitas ocasi\u00f5es, tais como, linha de sustenta\u00e7\u00e3o, barraca ou varal, ou para fixa\u00e7\u00e3o de equipamentos. 100% n\u00e1ilon Comprimento: 16m Capacidade de carga: 249Kg Fabricado nos EUA<\/p>\n","protected":false},"featured_media":40397,"comment_status":"open","ping_status":"closed","template":"","meta":{"_monsterinsights_skip_tracking":false,"_monsterinsights_sitenote_active":false,"_monsterinsights_sitenote_note":"","_monsterinsights_sitenote_category":0},"product_brand":[],"product_cat":[1466,1463,829,855],"product_tag":[87,128],"class_list":{"0":"post-40394","1":"product","2":"type-product","3":"status-publish","4":"has-post-thumbnail","6":"product_cat-acessorios-calcado-2","7":"product_cat-calcado-2","8":"product_cat-marcas","9":"product_cat-sturm-mil-tec","10":"product_tag-botas","11":"product_tag-cordoes","13":"first","14":"instock","15":"shipping-taxable","16":"purchasable","17":"product-type-variable"},"aioseo_notices":[],"jetpack_sharing_enabled":true,"_links":{"self":[{"href":"https:\/\/milicia-pro.com\/index.php\/wp-json\/wp\/v2\/product\/40394","targetHints":{"allow":["GET"]}}],"collection":[{"href":"https:\/\/milicia-pro.com\/index.php\/wp-json\/wp\/v2\/product"}],"about":[{"href":"https:\/\/milicia-pro.com\/index.php\/wp-json\/wp\/v2\/types\/product"}],"replies":[{"embeddable":true,"href":"https:\/\/milicia-pro.com\/index.php\/wp-json\/wp\/v2\/comments?post=40394"}],"wp:featuredmedia":[{"embeddable":true,"href":"https:\/\/milicia-pro.com\/index.php\/wp-json\/wp\/v2\/media\/40397"}],"wp:attachment":[{"href":"https:\/\/milicia-pro.com\/index.php\/wp-json\/wp\/v2\/media?parent=40394"}],"wp:term":[{"taxonomy":"product_brand","embeddable":true,"href":"https:\/\/milicia-pro.com\/index.php\/wp-json\/wp\/v2\/product_brand?post=40394"},{"taxonomy":"product_cat","embeddable":true,"href":"https:\/\/milicia-pro.com\/index.php\/wp-json\/wp\/v2\/product_cat?post=40394"},{"taxonomy":"product_tag","embeddable":true,"href":"https:\/\/milicia-pro.com\/index.php\/wp-json\/wp\/v2\/product_tag?post=40394"}],"curies":[{"name":"wp","href":"https:\/\/api.w.org\/{rel}","templated":true}]}}