{"id":40380,"date":"2023-12-16T10:00:03","date_gmt":"2023-12-16T10:00:03","guid":{"rendered":"https:\/\/milicia-pro.com\/?post_type=product&#038;p=40380"},"modified":"2025-06-05T11:10:27","modified_gmt":"2025-06-05T11:10:27","slug":"bolsa-de-peito-impermeavel-95x195-amarelo","status":"publish","type":"product","link":"https:\/\/milicia-pro.com\/index.php\/product\/bolsa-de-peito-impermeavel-95x195-amarelo\/","title":{"rendered":"BOLSA DE PEITO IMPERME\u00c1VEL 95X195 AMARELO"},"content":{"rendered":"<p>Esta Bolsa \u00e9 imperme\u00e1vel gra\u00e7as ao fecho de seguran\u00e7a com velcro. \u00c9 \u00e0 prova de \u00e1gua e poeira para, por exemplo, passaporte, carteira de identidade, mapas, etc.<\/p>\n<p>Dimens\u00f5es: 95 x 195 mm<\/p>\n","protected":false},"excerpt":{"rendered":"<p>Esta Bolsa \u00e9 imperme\u00e1vel gra\u00e7as ao fecho de seguran\u00e7a com velcro. \u00c9 \u00e0 prova de \u00e1gua e poeira para, por exemplo, passaporte, carteira de identidade, mapas, etc. Dimens\u00f5es: 95 x 195 mm<\/p>\n","protected":false},"featured_media":40381,"comment_status":"open","ping_status":"closed","template":"","meta":{"_monsterinsights_skip_tracking":false,"_monsterinsights_sitenote_active":false,"_monsterinsights_sitenote_note":"","_monsterinsights_sitenote_category":0},"product_brand":[],"product_cat":[1107,829,1467,855],"product_tag":[80],"class_list":{"0":"post-40380","1":"product","2":"type-product","3":"status-publish","4":"has-post-thumbnail","6":"product_cat-bolsas","7":"product_cat-marcas","8":"product_cat-mochilas-bolsas","9":"product_cat-sturm-mil-tec","10":"product_tag-bolsa","12":"first","13":"instock","14":"shipping-taxable","15":"purchasable","16":"product-type-variable"},"aioseo_notices":[],"jetpack_sharing_enabled":true,"_links":{"self":[{"href":"https:\/\/milicia-pro.com\/index.php\/wp-json\/wp\/v2\/product\/40380","targetHints":{"allow":["GET"]}}],"collection":[{"href":"https:\/\/milicia-pro.com\/index.php\/wp-json\/wp\/v2\/product"}],"about":[{"href":"https:\/\/milicia-pro.com\/index.php\/wp-json\/wp\/v2\/types\/product"}],"replies":[{"embeddable":true,"href":"https:\/\/milicia-pro.com\/index.php\/wp-json\/wp\/v2\/comments?post=40380"}],"wp:featuredmedia":[{"embeddable":true,"href":"https:\/\/milicia-pro.com\/index.php\/wp-json\/wp\/v2\/media\/40381"}],"wp:attachment":[{"href":"https:\/\/milicia-pro.com\/index.php\/wp-json\/wp\/v2\/media?parent=40380"}],"wp:term":[{"taxonomy":"product_brand","embeddable":true,"href":"https:\/\/milicia-pro.com\/index.php\/wp-json\/wp\/v2\/product_brand?post=40380"},{"taxonomy":"product_cat","embeddable":true,"href":"https:\/\/milicia-pro.com\/index.php\/wp-json\/wp\/v2\/product_cat?post=40380"},{"taxonomy":"product_tag","embeddable":true,"href":"https:\/\/milicia-pro.com\/index.php\/wp-json\/wp\/v2\/product_tag?post=40380"}],"curies":[{"name":"wp","href":"https:\/\/api.w.org\/{rel}","templated":true}]}}