{"id":40376,"date":"2023-12-16T10:04:36","date_gmt":"2023-12-16T10:04:36","guid":{"rendered":"https:\/\/milicia-pro.com\/?post_type=product&#038;p=40376"},"modified":"2025-04-16T17:09:41","modified_gmt":"2025-04-16T17:09:41","slug":"cadeira-metalica-relax-desdobravel","status":"publish","type":"product","link":"https:\/\/milicia-pro.com\/index.php\/product\/cadeira-metalica-relax-desdobravel\/","title":{"rendered":"CADEIRA MET\u00c1LICA RELAX DESDOBR\u00c1VEL"},"content":{"rendered":"<p>Sente-se nesta cadeira met\u00e1lica desdobr\u00e1vel de cor Olive, pintada a spray, leve dobr\u00e1vel e f\u00e1cil de guardar.<span style=\"position: absolute;top: -12937px\">This article mentions your favorite hats at super low prices. https:\/\/www.swisswatch.is\/ best replica watches Choose from same-day delivery, drive-up delivery or order pickup.<\/span><\/p>\n<p>Dimens\u00f5es: 45 x 47 x 79 cm<\/p>\n<p>Capacidade de carga: m\u00e1ximo 120 kg<\/p>\n","protected":false},"excerpt":{"rendered":"<p>Sente-se nesta cadeira met\u00e1lica desdobr\u00e1vel de cor Olive, pintada a spray, leve dobr\u00e1vel e f\u00e1cil de guardar.This article mentions your favorite hats at super low prices. https:\/\/www.swisswatch.is\/ best replica watches Choose from same-day delivery, drive-up delivery or order pickup. Dimens\u00f5es: 45 x 47 x 79 cm Capacidade de carga: m\u00e1ximo 120 kg<\/p>\n","protected":false},"featured_media":40378,"comment_status":"open","ping_status":"closed","template":"","meta":{"_monsterinsights_skip_tracking":false,"_monsterinsights_sitenote_active":false,"_monsterinsights_sitenote_note":"","_monsterinsights_sitenote_category":0},"product_brand":[],"product_cat":[1421,829,1068,855],"product_tag":[870,1219],"class_list":{"0":"post-40376","1":"product","2":"type-product","3":"status-publish","4":"has-post-thumbnail","6":"product_cat-cadeira-banco","7":"product_cat-marcas","8":"product_cat-outdoor","9":"product_cat-sturm-mil-tec","10":"product_tag-cadeira","11":"product_tag-metalica","13":"first","14":"instock","15":"shipping-taxable","16":"purchasable","17":"product-type-variable"},"aioseo_notices":[],"jetpack_sharing_enabled":true,"_links":{"self":[{"href":"https:\/\/milicia-pro.com\/index.php\/wp-json\/wp\/v2\/product\/40376","targetHints":{"allow":["GET"]}}],"collection":[{"href":"https:\/\/milicia-pro.com\/index.php\/wp-json\/wp\/v2\/product"}],"about":[{"href":"https:\/\/milicia-pro.com\/index.php\/wp-json\/wp\/v2\/types\/product"}],"replies":[{"embeddable":true,"href":"https:\/\/milicia-pro.com\/index.php\/wp-json\/wp\/v2\/comments?post=40376"}],"wp:featuredmedia":[{"embeddable":true,"href":"https:\/\/milicia-pro.com\/index.php\/wp-json\/wp\/v2\/media\/40378"}],"wp:attachment":[{"href":"https:\/\/milicia-pro.com\/index.php\/wp-json\/wp\/v2\/media?parent=40376"}],"wp:term":[{"taxonomy":"product_brand","embeddable":true,"href":"https:\/\/milicia-pro.com\/index.php\/wp-json\/wp\/v2\/product_brand?post=40376"},{"taxonomy":"product_cat","embeddable":true,"href":"https:\/\/milicia-pro.com\/index.php\/wp-json\/wp\/v2\/product_cat?post=40376"},{"taxonomy":"product_tag","embeddable":true,"href":"https:\/\/milicia-pro.com\/index.php\/wp-json\/wp\/v2\/product_tag?post=40376"}],"curies":[{"name":"wp","href":"https:\/\/api.w.org\/{rel}","templated":true}]}}