{"id":40371,"date":"2023-12-16T10:09:45","date_gmt":"2023-12-16T10:09:45","guid":{"rendered":"https:\/\/milicia-pro.com\/?post_type=product&#038;p=40371"},"modified":"2025-06-05T15:09:39","modified_gmt":"2025-06-05T15:09:39","slug":"tenda-igloo-super-2-pessoas","status":"publish","type":"product","link":"https:\/\/milicia-pro.com\/index.php\/product\/tenda-igloo-super-2-pessoas\/","title":{"rendered":"TENDA \u201cIGLOO SUPER\u201d 2 PESSOAS"},"content":{"rendered":"<p>Tenda \u201cIgloo\u201d com capacidade para duas pessoas<\/p>\n<p>Tecido da tenda em 100% poli\u00e9ster, revestido de poliuretano.<\/p>\n<p>Parte inferior em 100% Poli\u00e9ster (Oxford)<\/p>\n<p>Varetas de suporte em fibra de vidro<\/p>\n<p>Saco de embalagem 100% poli\u00e9ster<\/p>\n<p>Dimens\u00f5es: 205 x 145 x 100 cm<\/p>\n<p>Tamanho da embalagem: 61 x15 cm<\/p>\n<p>Tecido da tenda com coluna de \u00e1gua: 1500 mm<\/p>\n<p>Piso da coluna de \u00e1gua: 5000 mm<\/p>\n<p>Peso: 1.9kg.<\/p>\n","protected":false},"excerpt":{"rendered":"<p>Tenda \u201cIgloo\u201d com capacidade para duas pessoas Tecido da tenda em 100% poli\u00e9ster, revestido de poliuretano. Parte inferior em 100% Poli\u00e9ster (Oxford) Varetas de suporte em fibra de vidro Saco de embalagem 100% poli\u00e9ster Dimens\u00f5es: 205 x 145 x 100 cm Tamanho da embalagem: 61 x15 cm Tecido da tenda com coluna de \u00e1gua: 1500 [&#8230;]\n","protected":false},"featured_media":40373,"comment_status":"open","ping_status":"closed","template":"","meta":{"_monsterinsights_skip_tracking":false,"_monsterinsights_sitenote_active":false,"_monsterinsights_sitenote_note":"","_monsterinsights_sitenote_category":0},"product_brand":[],"product_cat":[829,1068,855,1227],"product_tag":[1218,739,733],"class_list":{"0":"post-40371","1":"product","2":"type-product","3":"status-publish","4":"has-post-thumbnail","6":"product_cat-marcas","7":"product_cat-outdoor","8":"product_cat-sturm-mil-tec","9":"product_cat-tenda","10":"product_tag-acampar","11":"product_tag-iglo","12":"product_tag-tenda","14":"first","15":"instock","16":"shipping-taxable","17":"purchasable","18":"product-type-variable"},"aioseo_notices":[],"jetpack_sharing_enabled":true,"_links":{"self":[{"href":"https:\/\/milicia-pro.com\/index.php\/wp-json\/wp\/v2\/product\/40371","targetHints":{"allow":["GET"]}}],"collection":[{"href":"https:\/\/milicia-pro.com\/index.php\/wp-json\/wp\/v2\/product"}],"about":[{"href":"https:\/\/milicia-pro.com\/index.php\/wp-json\/wp\/v2\/types\/product"}],"replies":[{"embeddable":true,"href":"https:\/\/milicia-pro.com\/index.php\/wp-json\/wp\/v2\/comments?post=40371"}],"wp:featuredmedia":[{"embeddable":true,"href":"https:\/\/milicia-pro.com\/index.php\/wp-json\/wp\/v2\/media\/40373"}],"wp:attachment":[{"href":"https:\/\/milicia-pro.com\/index.php\/wp-json\/wp\/v2\/media?parent=40371"}],"wp:term":[{"taxonomy":"product_brand","embeddable":true,"href":"https:\/\/milicia-pro.com\/index.php\/wp-json\/wp\/v2\/product_brand?post=40371"},{"taxonomy":"product_cat","embeddable":true,"href":"https:\/\/milicia-pro.com\/index.php\/wp-json\/wp\/v2\/product_cat?post=40371"},{"taxonomy":"product_tag","embeddable":true,"href":"https:\/\/milicia-pro.com\/index.php\/wp-json\/wp\/v2\/product_tag?post=40371"}],"curies":[{"name":"wp","href":"https:\/\/api.w.org\/{rel}","templated":true}]}}