{"id":40362,"date":"2023-12-16T10:12:14","date_gmt":"2023-12-16T10:12:14","guid":{"rendered":"https:\/\/milicia-pro.com\/?post_type=product&#038;p=40362"},"modified":"2025-12-16T17:00:52","modified_gmt":"2025-12-16T17:00:52","slug":"graxa-preta-lata-de-32gr","status":"publish","type":"product","link":"https:\/\/milicia-pro.com\/index.php\/product\/graxa-preta-lata-de-32gr\/","title":{"rendered":"GRAXA PRETA LATA DE 32GR."},"content":{"rendered":"<p>Graxa para cal\u00e7ado, de cor preta, ideal para dar brilho e prote\u00e7\u00e3o duradouros ao seu cal\u00e7ado.<\/p>\n<ul>\n<li>Cor preta<\/li>\n<li>Peso l\u00edquido: 32gr.<\/li>\n<\/ul>\n","protected":false},"excerpt":{"rendered":"<p>Graxa para cal\u00e7ado, de cor preta, ideal para dar brilho e prote\u00e7\u00e3o duradouros ao seu cal\u00e7ado. Cor preta Peso l\u00edquido: 32gr.<\/p>\n","protected":false},"featured_media":40365,"comment_status":"open","ping_status":"closed","template":"","meta":{"_monsterinsights_skip_tracking":false,"_monsterinsights_sitenote_active":false,"_monsterinsights_sitenote_note":"","_monsterinsights_sitenote_category":0},"product_brand":[],"product_cat":[1466,1463,829,855],"product_tag":[1212,1213],"class_list":{"0":"post-40362","1":"product","2":"type-product","3":"status-publish","4":"has-post-thumbnail","6":"product_cat-acessorios-calcado-2","7":"product_cat-calcado-2","8":"product_cat-marcas","9":"product_cat-sturm-mil-tec","10":"product_tag-calcado","11":"product_tag-graxa","13":"first","14":"instock","15":"shipping-taxable","16":"purchasable","17":"product-type-variable"},"aioseo_notices":[],"jetpack_sharing_enabled":true,"_links":{"self":[{"href":"https:\/\/milicia-pro.com\/index.php\/wp-json\/wp\/v2\/product\/40362","targetHints":{"allow":["GET"]}}],"collection":[{"href":"https:\/\/milicia-pro.com\/index.php\/wp-json\/wp\/v2\/product"}],"about":[{"href":"https:\/\/milicia-pro.com\/index.php\/wp-json\/wp\/v2\/types\/product"}],"replies":[{"embeddable":true,"href":"https:\/\/milicia-pro.com\/index.php\/wp-json\/wp\/v2\/comments?post=40362"}],"wp:featuredmedia":[{"embeddable":true,"href":"https:\/\/milicia-pro.com\/index.php\/wp-json\/wp\/v2\/media\/40365"}],"wp:attachment":[{"href":"https:\/\/milicia-pro.com\/index.php\/wp-json\/wp\/v2\/media?parent=40362"}],"wp:term":[{"taxonomy":"product_brand","embeddable":true,"href":"https:\/\/milicia-pro.com\/index.php\/wp-json\/wp\/v2\/product_brand?post=40362"},{"taxonomy":"product_cat","embeddable":true,"href":"https:\/\/milicia-pro.com\/index.php\/wp-json\/wp\/v2\/product_cat?post=40362"},{"taxonomy":"product_tag","embeddable":true,"href":"https:\/\/milicia-pro.com\/index.php\/wp-json\/wp\/v2\/product_tag?post=40362"}],"curies":[{"name":"wp","href":"https:\/\/api.w.org\/{rel}","templated":true}]}}