{"id":40353,"date":"2023-12-16T10:20:36","date_gmt":"2023-12-16T10:20:36","guid":{"rendered":"https:\/\/milicia-pro.com\/?post_type=product&#038;p=40353"},"modified":"2025-06-04T18:00:18","modified_gmt":"2025-06-04T18:00:18","slug":"graxa-preta-lata-1kg","status":"publish","type":"product","link":"https:\/\/milicia-pro.com\/index.php\/product\/graxa-preta-lata-1kg\/","title":{"rendered":"GRAXA PRETA LATA 1KG"},"content":{"rendered":"<p>Conte\u00fado: 1 kg<\/p>\n<p>&#8211; \u00c0 base de cera<br \/>\n&#8211; Feito de \u00f3leos sem arom\u00e1ticos (sem CHC)<br \/>\n&#8211; N\u00e3o cont\u00e9m subst\u00e2ncias nocivas \u00e0 sa\u00fade<br \/>\n&#8211; Mant\u00e9m a respirabilidade da membrana<br \/>\n&#8211; Adequado para couro liso preto<\/p>\n","protected":false},"excerpt":{"rendered":"<p>Conte\u00fado: 1 kg &#8211; \u00c0 base de cera &#8211; Feito de \u00f3leos sem arom\u00e1ticos (sem CHC) &#8211; N\u00e3o cont\u00e9m subst\u00e2ncias nocivas \u00e0 sa\u00fade &#8211; Mant\u00e9m a respirabilidade da membrana &#8211; Adequado para couro liso preto<\/p>\n","protected":false},"featured_media":40355,"comment_status":"open","ping_status":"closed","template":"","meta":{"_monsterinsights_skip_tracking":false,"_monsterinsights_sitenote_active":false,"_monsterinsights_sitenote_note":"","_monsterinsights_sitenote_category":0},"product_brand":[],"product_cat":[1466,1463,829,855],"product_tag":[87,1213,1214],"class_list":{"0":"post-40353","1":"product","2":"type-product","3":"status-publish","4":"has-post-thumbnail","6":"product_cat-acessorios-calcado-2","7":"product_cat-calcado-2","8":"product_cat-marcas","9":"product_cat-sturm-mil-tec","10":"product_tag-botas","11":"product_tag-graxa","12":"product_tag-sapatos","14":"first","15":"instock","16":"shipping-taxable","17":"purchasable","18":"product-type-variable"},"aioseo_notices":[],"jetpack_sharing_enabled":true,"_links":{"self":[{"href":"https:\/\/milicia-pro.com\/index.php\/wp-json\/wp\/v2\/product\/40353","targetHints":{"allow":["GET"]}}],"collection":[{"href":"https:\/\/milicia-pro.com\/index.php\/wp-json\/wp\/v2\/product"}],"about":[{"href":"https:\/\/milicia-pro.com\/index.php\/wp-json\/wp\/v2\/types\/product"}],"replies":[{"embeddable":true,"href":"https:\/\/milicia-pro.com\/index.php\/wp-json\/wp\/v2\/comments?post=40353"}],"wp:featuredmedia":[{"embeddable":true,"href":"https:\/\/milicia-pro.com\/index.php\/wp-json\/wp\/v2\/media\/40355"}],"wp:attachment":[{"href":"https:\/\/milicia-pro.com\/index.php\/wp-json\/wp\/v2\/media?parent=40353"}],"wp:term":[{"taxonomy":"product_brand","embeddable":true,"href":"https:\/\/milicia-pro.com\/index.php\/wp-json\/wp\/v2\/product_brand?post=40353"},{"taxonomy":"product_cat","embeddable":true,"href":"https:\/\/milicia-pro.com\/index.php\/wp-json\/wp\/v2\/product_cat?post=40353"},{"taxonomy":"product_tag","embeddable":true,"href":"https:\/\/milicia-pro.com\/index.php\/wp-json\/wp\/v2\/product_tag?post=40353"}],"curies":[{"name":"wp","href":"https:\/\/api.w.org\/{rel}","templated":true}]}}