{"id":40347,"date":"2023-12-16T10:54:51","date_gmt":"2023-12-16T10:54:51","guid":{"rendered":"https:\/\/milicia-pro.com\/?post_type=product&#038;p=40347"},"modified":"2025-12-05T16:43:47","modified_gmt":"2025-12-05T16:43:47","slug":"lenco-malha","status":"publish","type":"product","link":"https:\/\/milicia-pro.com\/index.php\/product\/lenco-malha\/","title":{"rendered":"LEN\u00c7O MALHA"},"content":{"rendered":"<p>100% Poli\u00e9ster<\/p>\n<p>Dimens\u00f5es: 190x50cm<\/p>\n<p>Len\u00e7o de camuflagem universalmente aplic\u00e1vel.<\/p>\n<p>Pode ser usado como camuflagem facial, len\u00e7o ou para cobrir equipamentos.<\/p>\n<p>Len\u00e7o popular usado em todo o mundo.<\/p>\n","protected":false},"excerpt":{"rendered":"<p>100% Poli\u00e9ster Dimens\u00f5es: 190x50cm Len\u00e7o de camuflagem universalmente aplic\u00e1vel. Pode ser usado como camuflagem facial, len\u00e7o ou para cobrir equipamentos. Len\u00e7o popular usado em todo o mundo.<\/p>\n","protected":false},"featured_media":40349,"comment_status":"open","ping_status":"closed","template":"","meta":{"_monsterinsights_skip_tracking":false,"_monsterinsights_sitenote_active":false,"_monsterinsights_sitenote_note":"","_monsterinsights_sitenote_category":0},"product_brand":[],"product_cat":[1205,829,855,1063],"product_tag":[1204,1203],"class_list":{"0":"post-40347","1":"product","2":"type-product","3":"status-publish","4":"has-post-thumbnail","6":"product_cat-lenco-shemagh","7":"product_cat-marcas","8":"product_cat-sturm-mil-tec","9":"product_cat-vestuario","10":"product_tag-cachecol","11":"product_tag-lenco","13":"first","14":"instock","15":"shipping-taxable","16":"purchasable","17":"product-type-variable"},"aioseo_notices":[],"jetpack_sharing_enabled":true,"_links":{"self":[{"href":"https:\/\/milicia-pro.com\/index.php\/wp-json\/wp\/v2\/product\/40347","targetHints":{"allow":["GET"]}}],"collection":[{"href":"https:\/\/milicia-pro.com\/index.php\/wp-json\/wp\/v2\/product"}],"about":[{"href":"https:\/\/milicia-pro.com\/index.php\/wp-json\/wp\/v2\/types\/product"}],"replies":[{"embeddable":true,"href":"https:\/\/milicia-pro.com\/index.php\/wp-json\/wp\/v2\/comments?post=40347"}],"wp:featuredmedia":[{"embeddable":true,"href":"https:\/\/milicia-pro.com\/index.php\/wp-json\/wp\/v2\/media\/40349"}],"wp:attachment":[{"href":"https:\/\/milicia-pro.com\/index.php\/wp-json\/wp\/v2\/media?parent=40347"}],"wp:term":[{"taxonomy":"product_brand","embeddable":true,"href":"https:\/\/milicia-pro.com\/index.php\/wp-json\/wp\/v2\/product_brand?post=40347"},{"taxonomy":"product_cat","embeddable":true,"href":"https:\/\/milicia-pro.com\/index.php\/wp-json\/wp\/v2\/product_cat?post=40347"},{"taxonomy":"product_tag","embeddable":true,"href":"https:\/\/milicia-pro.com\/index.php\/wp-json\/wp\/v2\/product_tag?post=40347"}],"curies":[{"name":"wp","href":"https:\/\/api.w.org\/{rel}","templated":true}]}}