{"id":40340,"date":"2023-12-16T10:26:11","date_gmt":"2023-12-16T10:26:11","guid":{"rendered":"https:\/\/milicia-pro.com\/?post_type=product&#038;p=40340"},"modified":"2025-12-16T16:59:33","modified_gmt":"2025-12-16T16:59:33","slug":"cordoes-p-botas-encerados-de-140cm","status":"publish","type":"product","link":"https:\/\/milicia-pro.com\/index.php\/product\/cordoes-p-botas-encerados-de-140cm\/","title":{"rendered":"CORD\u00d5ES P\/ BOTAS ENCERADOS DE 140CM"},"content":{"rendered":"<p>Estes cord\u00f5es da Sturm s\u00e3o em 100% algod\u00e3o, encerados e com 140cm de comprimento.<\/p>\n","protected":false},"excerpt":{"rendered":"<p>Estes cord\u00f5es da Sturm s\u00e3o em 100% algod\u00e3o, encerados e com 140cm de comprimento.<\/p>\n","protected":false},"featured_media":40342,"comment_status":"open","ping_status":"closed","template":"","meta":{"_monsterinsights_skip_tracking":false,"_monsterinsights_sitenote_active":false,"_monsterinsights_sitenote_note":"","_monsterinsights_sitenote_category":0},"product_brand":[],"product_cat":[1466,1463,829,855],"product_tag":[1212,128],"class_list":{"0":"post-40340","1":"product","2":"type-product","3":"status-publish","4":"has-post-thumbnail","6":"product_cat-acessorios-calcado-2","7":"product_cat-calcado-2","8":"product_cat-marcas","9":"product_cat-sturm-mil-tec","10":"product_tag-calcado","11":"product_tag-cordoes","13":"first","14":"instock","15":"shipping-taxable","16":"purchasable","17":"product-type-variable"},"aioseo_notices":[],"jetpack_sharing_enabled":true,"_links":{"self":[{"href":"https:\/\/milicia-pro.com\/index.php\/wp-json\/wp\/v2\/product\/40340","targetHints":{"allow":["GET"]}}],"collection":[{"href":"https:\/\/milicia-pro.com\/index.php\/wp-json\/wp\/v2\/product"}],"about":[{"href":"https:\/\/milicia-pro.com\/index.php\/wp-json\/wp\/v2\/types\/product"}],"replies":[{"embeddable":true,"href":"https:\/\/milicia-pro.com\/index.php\/wp-json\/wp\/v2\/comments?post=40340"}],"wp:featuredmedia":[{"embeddable":true,"href":"https:\/\/milicia-pro.com\/index.php\/wp-json\/wp\/v2\/media\/40342"}],"wp:attachment":[{"href":"https:\/\/milicia-pro.com\/index.php\/wp-json\/wp\/v2\/media?parent=40340"}],"wp:term":[{"taxonomy":"product_brand","embeddable":true,"href":"https:\/\/milicia-pro.com\/index.php\/wp-json\/wp\/v2\/product_brand?post=40340"},{"taxonomy":"product_cat","embeddable":true,"href":"https:\/\/milicia-pro.com\/index.php\/wp-json\/wp\/v2\/product_cat?post=40340"},{"taxonomy":"product_tag","embeddable":true,"href":"https:\/\/milicia-pro.com\/index.php\/wp-json\/wp\/v2\/product_tag?post=40340"}],"curies":[{"name":"wp","href":"https:\/\/api.w.org\/{rel}","templated":true}]}}