{"id":40311,"date":"2023-12-16T10:31:14","date_gmt":"2023-12-16T10:31:14","guid":{"rendered":"https:\/\/milicia-pro.com\/?post_type=product&#038;p=40311"},"modified":"2025-03-25T16:08:29","modified_gmt":"2025-03-25T16:08:29","slug":"lenco-malha-rede-190-x-90-cm","status":"publish","type":"product","link":"https:\/\/milicia-pro.com\/index.php\/product\/lenco-malha-rede-190-x-90-cm\/","title":{"rendered":"LEN\u00c7O MALHA REDE 190 x 90 CM"},"content":{"rendered":"<p><img loading=\"lazy\" decoding=\"async\" class=\"wp-image-40334 alignleft\" src=\"https:\/\/milicia-pro.com\/wp-content\/uploads\/2023\/11\/ST.12625070-7-241x300.png\" alt=\"\" width=\"318\" height=\"395\" srcset=\"https:\/\/milicia-pro.com\/wp-content\/uploads\/2023\/11\/ST.12625070-7-241x300.png 241w, https:\/\/milicia-pro.com\/wp-content\/uploads\/2023\/11\/ST.12625070-7.png 275w\" sizes=\"auto, (max-width: 318px) 100vw, 318px\" \/>Rede de cachecol multifuncional para militares, turistas, pescadores, ca\u00e7adores, etc. Pode ser utilizada para camuflar pessoas, equipamentos e m\u00e1quinas.<\/p>\n<p>&nbsp;<\/p>\n<p>Len\u00e7o de rede len\u00e7o de camuflagem aplic\u00e1vel universal.\u00a0Pode ser usado como camuflagem facial, len\u00e7o ou como capa de equipamentos.<\/p>\n<p>\u2022 Material: 100% Poli\u00e9ster<br \/>\n\u2022 Dimens\u00f5es: 190 x 90 cm.<\/p>\n<ul>\n<li>peso &#8211; 200g<\/li>\n<li>material &#8211; 100% Poli\u00e9ster<\/li>\n<li>dimens\u00f5es &#8211; 190 cm C x 90 cm L<\/li>\n<li>len\u00e7o de camuflagem aplic\u00e1vel universal<\/li>\n<li>pe\u00e7a de equipamento usada e popular em todo o mundo<\/li>\n<li>aplic\u00e1vel como camuflagem facial, len\u00e7o ou como capa para equipamentos<\/li>\n<\/ul>\n","protected":false},"excerpt":{"rendered":"<p>Rede de cachecol multifuncional para militares, turistas, pescadores, ca\u00e7adores, etc. Pode ser utilizada para camuflar pessoas, equipamentos e m\u00e1quinas. &nbsp; Len\u00e7o de rede len\u00e7o de camuflagem aplic\u00e1vel universal.\u00a0Pode ser usado como camuflagem facial, len\u00e7o ou como capa de equipamentos. \u2022 Material: 100% Poli\u00e9ster \u2022 Dimens\u00f5es: 190 x 90 cm. peso &#8211; 200g material &#8211; 100% [&#8230;]\n","protected":false},"featured_media":40312,"comment_status":"open","ping_status":"closed","template":"","meta":{"_monsterinsights_skip_tracking":false,"_monsterinsights_sitenote_active":false,"_monsterinsights_sitenote_note":"","_monsterinsights_sitenote_category":0},"product_brand":[],"product_cat":[1205,829,855,1063],"product_tag":[1204,1203],"class_list":{"0":"post-40311","1":"product","2":"type-product","3":"status-publish","4":"has-post-thumbnail","6":"product_cat-lenco-shemagh","7":"product_cat-marcas","8":"product_cat-sturm-mil-tec","9":"product_cat-vestuario","10":"product_tag-cachecol","11":"product_tag-lenco","13":"first","14":"instock","15":"shipping-taxable","16":"purchasable","17":"product-type-variable"},"aioseo_notices":[],"jetpack_sharing_enabled":true,"_links":{"self":[{"href":"https:\/\/milicia-pro.com\/index.php\/wp-json\/wp\/v2\/product\/40311","targetHints":{"allow":["GET"]}}],"collection":[{"href":"https:\/\/milicia-pro.com\/index.php\/wp-json\/wp\/v2\/product"}],"about":[{"href":"https:\/\/milicia-pro.com\/index.php\/wp-json\/wp\/v2\/types\/product"}],"replies":[{"embeddable":true,"href":"https:\/\/milicia-pro.com\/index.php\/wp-json\/wp\/v2\/comments?post=40311"}],"wp:featuredmedia":[{"embeddable":true,"href":"https:\/\/milicia-pro.com\/index.php\/wp-json\/wp\/v2\/media\/40312"}],"wp:attachment":[{"href":"https:\/\/milicia-pro.com\/index.php\/wp-json\/wp\/v2\/media?parent=40311"}],"wp:term":[{"taxonomy":"product_brand","embeddable":true,"href":"https:\/\/milicia-pro.com\/index.php\/wp-json\/wp\/v2\/product_brand?post=40311"},{"taxonomy":"product_cat","embeddable":true,"href":"https:\/\/milicia-pro.com\/index.php\/wp-json\/wp\/v2\/product_cat?post=40311"},{"taxonomy":"product_tag","embeddable":true,"href":"https:\/\/milicia-pro.com\/index.php\/wp-json\/wp\/v2\/product_tag?post=40311"}],"curies":[{"name":"wp","href":"https:\/\/api.w.org\/{rel}","templated":true}]}}