{"id":40275,"date":"2023-12-16T12:29:02","date_gmt":"2023-12-16T12:29:02","guid":{"rendered":"https:\/\/milicia-pro.com\/?post_type=product&#038;p=40275"},"modified":"2025-09-23T16:18:14","modified_gmt":"2025-09-23T16:18:14","slug":"shemagh-granada-abacaxi-110-x-110-cm","status":"publish","type":"product","link":"https:\/\/milicia-pro.com\/index.php\/product\/shemagh-granada-abacaxi-110-x-110-cm\/","title":{"rendered":"SHEMAGH GRANADA ABACAXI 110 X 110 CM"},"content":{"rendered":"<p>Shemagh, tamb\u00e9m conhecido como \u201cArafatka\u201d, \u00e9 um len\u00e7o masculino multifuncional, popular nos pa\u00edses \u00e1rabes, usado para proteger a cabe\u00e7a, o pesco\u00e7o e o rosto do sol, da areia e do frio.\u00a0Desde a d\u00e9cada de 2000, o shemagh tornou-se uma tend\u00eancia da moda utilizada por designers de moda em todo o mundo.\u00a0Shemagh pode ser visto em pessoas de diferentes pa\u00edses ocidentais e de outros pa\u00edses, especialmente em representantes de subculturas juvenis.<\/p>\n<p>Shemagh ser\u00e1 uma adi\u00e7\u00e3o espetacular \u00e0 sua imagem, enfatizando a individualidade.\u00a0Mas esta n\u00e3o \u00e9 a sua \u00fanica vantagem.\u00a0Feito de material natural, o shemagh \u201crespira\u201d e n\u00e3o causa alergias.\u00a0Tolera perfeitamente a lavagem sem perder a forma e a satura\u00e7\u00e3o das cores.<\/p>\n<p>O significado das cores de Arafat no mundo \u00e1rabe.\u00a0A cor da kufia, a estampa, a forma de vestir podem ser diferentes e para os pa\u00edses \u00e1rabes depende da regi\u00e3o de resid\u00eancia.\u00a0No L\u00edbano, por exemplo, s\u00e3o pretos com brancos, na Jord\u00e2nia &#8211; vermelhos e brancos.\u00a0Inicialmente, a cor do arafatka \u00e9 branco com preto, assim eram feitos em Kufa &#8211; cidade de onde se originou.\u00a0Preto e branco: movimento Fatah.\u00a0Vermelho e Branco: Frente Popular para a Liberta\u00e7\u00e3o da Palestina.\u00a0Verde e Branco: Fundamentalistas (HAMAC).\u00a0Na Ucr\u00e2nia, na Europa e em muitos outros pa\u00edses, as cores s\u00e3o de natureza unit\u00e1ria e n\u00e3o carregam uma carga simb\u00f3lica.\u00a0Nos pa\u00edses \u00e1rabes, os militares da NATO utilizam a cor bege (areia, deserto), que n\u00e3o tem qualquer peso pol\u00edtico.<br \/>\n&#8211; equipamento multifuncional &#8211; usado como len\u00e7o, camuflagem ou xale &#8211; vers\u00e3o fashion do &#8220;Abacaxi&#8221; Tamanho do shemagh: 110 x 110 (cm) \u2013 100% algod\u00e3o<\/p>\n","protected":false},"excerpt":{"rendered":"<p>Shemagh, tamb\u00e9m conhecido como \u201cArafatka\u201d, \u00e9 um len\u00e7o masculino multifuncional, popular nos pa\u00edses \u00e1rabes, usado para proteger a cabe\u00e7a, o pesco\u00e7o e o rosto do sol, da areia e do frio.\u00a0Desde a d\u00e9cada de 2000, o shemagh tornou-se uma tend\u00eancia da moda utilizada por designers de moda em todo o mundo.\u00a0Shemagh pode ser visto em [&#8230;]\n","protected":false},"featured_media":40287,"comment_status":"open","ping_status":"closed","template":"","meta":{"_monsterinsights_skip_tracking":false,"_monsterinsights_sitenote_active":false,"_monsterinsights_sitenote_note":"","_monsterinsights_sitenote_category":0},"product_brand":[],"product_cat":[1205,829,855,1063],"product_tag":[1203,1207],"class_list":{"0":"post-40275","1":"product","2":"type-product","3":"status-publish","4":"has-post-thumbnail","6":"product_cat-lenco-shemagh","7":"product_cat-marcas","8":"product_cat-sturm-mil-tec","9":"product_cat-vestuario","10":"product_tag-lenco","11":"product_tag-shemagh","13":"first","14":"instock","15":"shipping-taxable","16":"purchasable","17":"product-type-variable"},"aioseo_notices":[],"jetpack_sharing_enabled":true,"_links":{"self":[{"href":"https:\/\/milicia-pro.com\/index.php\/wp-json\/wp\/v2\/product\/40275","targetHints":{"allow":["GET"]}}],"collection":[{"href":"https:\/\/milicia-pro.com\/index.php\/wp-json\/wp\/v2\/product"}],"about":[{"href":"https:\/\/milicia-pro.com\/index.php\/wp-json\/wp\/v2\/types\/product"}],"replies":[{"embeddable":true,"href":"https:\/\/milicia-pro.com\/index.php\/wp-json\/wp\/v2\/comments?post=40275"}],"wp:featuredmedia":[{"embeddable":true,"href":"https:\/\/milicia-pro.com\/index.php\/wp-json\/wp\/v2\/media\/40287"}],"wp:attachment":[{"href":"https:\/\/milicia-pro.com\/index.php\/wp-json\/wp\/v2\/media?parent=40275"}],"wp:term":[{"taxonomy":"product_brand","embeddable":true,"href":"https:\/\/milicia-pro.com\/index.php\/wp-json\/wp\/v2\/product_brand?post=40275"},{"taxonomy":"product_cat","embeddable":true,"href":"https:\/\/milicia-pro.com\/index.php\/wp-json\/wp\/v2\/product_cat?post=40275"},{"taxonomy":"product_tag","embeddable":true,"href":"https:\/\/milicia-pro.com\/index.php\/wp-json\/wp\/v2\/product_tag?post=40275"}],"curies":[{"name":"wp","href":"https:\/\/api.w.org\/{rel}","templated":true}]}}