{"id":40249,"date":"2023-12-16T12:22:04","date_gmt":"2023-12-16T12:22:04","guid":{"rendered":"https:\/\/milicia-pro.com\/?post_type=product&#038;p=40249"},"modified":"2026-01-26T15:18:57","modified_gmt":"2026-01-26T15:18:57","slug":"bandana-em-poliester","status":"publish","type":"product","link":"https:\/\/milicia-pro.com\/index.php\/product\/bandana-em-poliester\/","title":{"rendered":"BANDANA EM POLI\u00c9STER"},"content":{"rendered":"<p>Envolt\u00f3rio de cabe\u00e7a multifuncional.\u00a0Pode ser usado como len\u00e7o, chap\u00e9u, m\u00e1scara facial, faixa para a cabe\u00e7a, el\u00e1stico e muito mais.<\/p>\n<p>\u2022 Material: 100% poli\u00e9ster<br \/>\n\u2022 Cor do fabricante: Preto &#8211; Coyote &#8211; Digital Woodland<br \/>\n\u2022 Sem costura<br \/>\n\u2022 Protege do sol e do vento<\/p>\n","protected":false},"excerpt":{"rendered":"<p>Envolt\u00f3rio de cabe\u00e7a multifuncional.\u00a0Pode ser usado como len\u00e7o, chap\u00e9u, m\u00e1scara facial, faixa para a cabe\u00e7a, el\u00e1stico e muito mais. \u2022 Material: 100% poli\u00e9ster \u2022 Cor do fabricante: Preto &#8211; Coyote &#8211; Digital Woodland \u2022 Sem costura \u2022 Protege do sol e do vento<\/p>\n","protected":false},"featured_media":40271,"comment_status":"open","ping_status":"closed","template":"","meta":{"_monsterinsights_skip_tracking":false,"_monsterinsights_sitenote_active":false,"_monsterinsights_sitenote_note":"","_monsterinsights_sitenote_category":0},"product_brand":[],"product_cat":[1462,1458,829,855],"product_tag":[1202,1204,158,1203],"class_list":{"0":"post-40249","1":"product","2":"type-product","3":"status-publish","4":"has-post-thumbnail","6":"product_cat-bandana-chapeu-ca","7":"product_cat-chapeu-ca","8":"product_cat-marcas","9":"product_cat-sturm-mil-tec","10":"product_tag-bandana","11":"product_tag-cachecol","12":"product_tag-gorro","13":"product_tag-lenco","15":"first","16":"instock","17":"shipping-taxable","18":"purchasable","19":"product-type-variable"},"aioseo_notices":[],"jetpack_sharing_enabled":true,"_links":{"self":[{"href":"https:\/\/milicia-pro.com\/index.php\/wp-json\/wp\/v2\/product\/40249","targetHints":{"allow":["GET"]}}],"collection":[{"href":"https:\/\/milicia-pro.com\/index.php\/wp-json\/wp\/v2\/product"}],"about":[{"href":"https:\/\/milicia-pro.com\/index.php\/wp-json\/wp\/v2\/types\/product"}],"replies":[{"embeddable":true,"href":"https:\/\/milicia-pro.com\/index.php\/wp-json\/wp\/v2\/comments?post=40249"}],"wp:featuredmedia":[{"embeddable":true,"href":"https:\/\/milicia-pro.com\/index.php\/wp-json\/wp\/v2\/media\/40271"}],"wp:attachment":[{"href":"https:\/\/milicia-pro.com\/index.php\/wp-json\/wp\/v2\/media?parent=40249"}],"wp:term":[{"taxonomy":"product_brand","embeddable":true,"href":"https:\/\/milicia-pro.com\/index.php\/wp-json\/wp\/v2\/product_brand?post=40249"},{"taxonomy":"product_cat","embeddable":true,"href":"https:\/\/milicia-pro.com\/index.php\/wp-json\/wp\/v2\/product_cat?post=40249"},{"taxonomy":"product_tag","embeddable":true,"href":"https:\/\/milicia-pro.com\/index.php\/wp-json\/wp\/v2\/product_tag?post=40249"}],"curies":[{"name":"wp","href":"https:\/\/api.w.org\/{rel}","templated":true}]}}